{"id":43853,"date":"2022-05-29T10:20:58","date_gmt":"2022-05-29T08:20:58","guid":{"rendered":"https:\/\/bojungle.eu\/shop\/product\/b-piramide-de-actividades-jungla\/"},"modified":"2024-02-29T16:41:29","modified_gmt":"2024-02-29T15:41:29","slug":"b-activity-pyramid-jungle","status":"publish","type":"product","link":"https:\/\/www.bojungle.eu\/es\/producto\/b-activity-pyramid-jungle\/","title":{"rendered":"B-Pir\u00e1mide de actividades Jungla"},"content":{"rendered":"<p>Presentamos la pir\u00e1mide de actividades Jungle, un divertido juguete que ayuda a los ni\u00f1os a aprender y jugar al mismo tiempo. Esta pir\u00e1mide de colores tiene un mont\u00f3n de cosas que hacer que son ideales para las manos peque\u00f1as. Los ni\u00f1os pueden empujar, tirar, girar y voltear diferentes partes de la pir\u00e1mide, lo que les ayuda a mejorar el uso de los dedos y las manos. Adem\u00e1s, aprenden a coordinar mejor sus movimientos. Hay un juego muy chulo en el que los ni\u00f1os pueden encontrar animales escondidos. Es como un divertido rompecabezas que tambi\u00e9n les ayuda a pensar y a resolver problemas. La pir\u00e1mide reproduce canciones pegadizas y sonidos divertidos que despiertan la curiosidad y el entusiasmo de los ni\u00f1os. Es como tener un peque\u00f1o concierto en su cuarto de juegos. Y con sus brillantes colores y dibujos, la pir\u00e1mide despierta la imaginaci\u00f3n de los ni\u00f1os. Pueden imaginar que est\u00e1n explorando una selva o que se van de aventura. La pir\u00e1mide de actividades Jungle no es s\u00f3lo un juguete, sino una forma de que los ni\u00f1os aprendan, se diviertan y usen su imaginaci\u00f3n al mismo tiempo. <\/p>\n<ul>\n<li>Empujar, tirar, agarrar o girar las distintas piezas ayuda a mejorar la destreza de los dedos y las manos, la coordinaci\u00f3n \u00f3culo-manual y la motricidad fina.<\/li>\n<li>Pasa las p\u00e1ginas y juega al juego \u00abencuentra el animal\u00bb, que ayuda a desarrollar el pensamiento l\u00f3gico y la capacidad de resolver problemas.<\/li>\n<li>El juguete ofrece una amplia gama de funciones interactivas, patrones de muar\u00e9 y juegos que ayudan a estimular la imaginaci\u00f3n y la creatividad de tu peque\u00f1o.<\/li>\n<li>Las canciones y los efectos de sonido incorporados est\u00e1n dise\u00f1ados para estimular la curiosidad de tu peque\u00f1o.<\/li>\n<\/ul>\n","protected":false},"excerpt":{"rendered":"<p>Presentamos la pir\u00e1mide de actividades Jungle, un divertido juguete que ayuda a los ni\u00f1os a aprender y jugar al mismo tiempo. Esta pir\u00e1mide de colores tiene un mont\u00f3n de cosas que hacer que son ideales para las manos peque\u00f1as. <\/p>\n","protected":false},"featured_media":66875,"comment_status":"closed","ping_status":"closed","template":"","meta":{"_lmt_disableupdate":"","_lmt_disable":""},"product_brand":[],"product_cat":[621,503,622,476],"product_tag":[],"woo-feed-brand":[],"class_list":{"0":"post-43853","1":"product","2":"type-product","3":"status-publish","4":"has-post-thumbnail","6":"product_cat-juguetes-de-actividades","7":"product_cat-juguetes-de-colores","8":"product_cat-juguetes-musicales","9":"product_cat-tiempo-de-juego","11":"first","12":"instock","13":"taxable","14":"shipping-taxable","15":"purchasable","16":"product-type-simple"},"_links":{"self":[{"href":"https:\/\/www.bojungle.eu\/es\/wp-json\/wp\/v2\/product\/43853","targetHints":{"allow":["GET"]}}],"collection":[{"href":"https:\/\/www.bojungle.eu\/es\/wp-json\/wp\/v2\/product"}],"about":[{"href":"https:\/\/www.bojungle.eu\/es\/wp-json\/wp\/v2\/types\/product"}],"replies":[{"embeddable":true,"href":"https:\/\/www.bojungle.eu\/es\/wp-json\/wp\/v2\/comments?post=43853"}],"version-history":[{"count":1,"href":"https:\/\/www.bojungle.eu\/es\/wp-json\/wp\/v2\/product\/43853\/revisions"}],"predecessor-version":[{"id":66934,"href":"https:\/\/www.bojungle.eu\/es\/wp-json\/wp\/v2\/product\/43853\/revisions\/66934"}],"wp:featuredmedia":[{"embeddable":true,"href":"https:\/\/www.bojungle.eu\/es\/wp-json\/wp\/v2\/media\/66875"}],"wp:attachment":[{"href":"https:\/\/www.bojungle.eu\/es\/wp-json\/wp\/v2\/media?parent=43853"}],"wp:term":[{"taxonomy":"product_brand","embeddable":true,"href":"https:\/\/www.bojungle.eu\/es\/wp-json\/wp\/v2\/product_brand?post=43853"},{"taxonomy":"product_cat","embeddable":true,"href":"https:\/\/www.bojungle.eu\/es\/wp-json\/wp\/v2\/product_cat?post=43853"},{"taxonomy":"product_tag","embeddable":true,"href":"https:\/\/www.bojungle.eu\/es\/wp-json\/wp\/v2\/product_tag?post=43853"},{"taxonomy":"woo-feed-brand","embeddable":true,"href":"https:\/\/www.bojungle.eu\/es\/wp-json\/wp\/v2\/woo-feed-brand?post=43853"}],"curies":[{"name":"wp","href":"https:\/\/api.w.org\/{rel}","templated":true}]}}