{"id":43875,"date":"2022-05-29T10:19:49","date_gmt":"2022-05-29T08:19:49","guid":{"rendered":"https:\/\/bojungle.eu\/shop\/product\/b-anillos-sonajero-elefante-azul\/"},"modified":"2022-05-29T10:19:49","modified_gmt":"2022-05-29T10:19:49","slug":"b-anillos-sonajero-elefante-azul","status":"publish","type":"product","link":"https:\/\/www.bojungle.eu\/es\/producto\/b-anillos-sonajero-elefante-azul\/","title":{"rendered":"B- Anillos Sonajero Elefante Azul"},"content":{"rendered":"<ul>\n<li>Un gran cl\u00e1sico con un nuevo giro: \u00a1el sonajero masticable de silicona y madera para un juguete sano y duradero!<\/li>\n<li>Este sonajero ayudar\u00e1 a aliviar los dolores de dentici\u00f3n del beb\u00e9 con las diferentes texturas y formas de la parte de silicona<\/li>\n<li>Sonajero de dise\u00f1o y colores de moda para complacer tanto al beb\u00e9 como a los padres.<\/li>\n<\/ul>\n","protected":false},"excerpt":{"rendered":"<p>Un gran cl\u00e1sico con un nuevo giro: \u00a1el sonajero masticable de silicona y madera para un juguete sano y duradero!<\/p>\n","protected":false},"featured_media":71306,"comment_status":"closed","ping_status":"closed","template":"","meta":{"_lmt_disableupdate":"","_lmt_disable":""},"product_brand":[],"product_cat":[503,676,476],"product_tag":[],"woo-feed-brand":[],"class_list":{"0":"post-43875","1":"product","2":"type-product","3":"status-publish","4":"has-post-thumbnail","6":"product_cat-juguetes-de-colores","7":"product_cat-sonajeros","8":"product_cat-tiempo-de-juego","10":"first","11":"instock","12":"taxable","13":"shipping-taxable","14":"purchasable","15":"product-type-simple"},"_links":{"self":[{"href":"https:\/\/www.bojungle.eu\/es\/wp-json\/wp\/v2\/product\/43875","targetHints":{"allow":["GET"]}}],"collection":[{"href":"https:\/\/www.bojungle.eu\/es\/wp-json\/wp\/v2\/product"}],"about":[{"href":"https:\/\/www.bojungle.eu\/es\/wp-json\/wp\/v2\/types\/product"}],"replies":[{"embeddable":true,"href":"https:\/\/www.bojungle.eu\/es\/wp-json\/wp\/v2\/comments?post=43875"}],"version-history":[{"count":0,"href":"https:\/\/www.bojungle.eu\/es\/wp-json\/wp\/v2\/product\/43875\/revisions"}],"wp:featuredmedia":[{"embeddable":true,"href":"https:\/\/www.bojungle.eu\/es\/wp-json\/wp\/v2\/media\/71306"}],"wp:attachment":[{"href":"https:\/\/www.bojungle.eu\/es\/wp-json\/wp\/v2\/media?parent=43875"}],"wp:term":[{"taxonomy":"product_brand","embeddable":true,"href":"https:\/\/www.bojungle.eu\/es\/wp-json\/wp\/v2\/product_brand?post=43875"},{"taxonomy":"product_cat","embeddable":true,"href":"https:\/\/www.bojungle.eu\/es\/wp-json\/wp\/v2\/product_cat?post=43875"},{"taxonomy":"product_tag","embeddable":true,"href":"https:\/\/www.bojungle.eu\/es\/wp-json\/wp\/v2\/product_tag?post=43875"},{"taxonomy":"woo-feed-brand","embeddable":true,"href":"https:\/\/www.bojungle.eu\/es\/wp-json\/wp\/v2\/woo-feed-brand?post=43875"}],"curies":[{"name":"wp","href":"https:\/\/api.w.org\/{rel}","templated":true}]}}