{"id":44318,"date":"2023-05-02T12:54:21","date_gmt":"2023-05-02T10:54:21","guid":{"rendered":"https:\/\/bojungle.eu\/shop\/product\/b-cuchara-2-piezas-terracota\/"},"modified":"2023-05-02T12:54:21","modified_gmt":"2023-05-02T12:54:21","slug":"b-spoon-shape-set-2-pcs-terracotta","status":"publish","type":"product","link":"https:\/\/www.bojungle.eu\/es\/producto\/b-spoon-shape-set-2-pcs-terracotta\/","title":{"rendered":"B-Cuchara 2 piezas Terracota"},"content":{"rendered":"<p style=\"font-weight: 400;\">La forma de cuchara B est\u00e1 especialmente dise\u00f1ada para la transici\u00f3n del beb\u00e9 de la tetina a la cuchara.<\/p>\n<ul style=\"font-weight: 400;\">\n<li>Asa f\u00e1cil de sujetar<\/li>\n<li>Fabricado en silicona<\/li>\n<li>F\u00e1cil de limpiar<\/li>\n<li>Cuchara blanda: segura para morder<\/li>\n<li>Lavar a mano o en lavavajillas<\/li>\n<\/ul>\n","protected":false},"excerpt":{"rendered":"<p style=\"font-weight: 400;\">La forma de cuchara B est\u00e1 especialmente dise\u00f1ada para la transici\u00f3n del beb\u00e9 de la tetina a la cuchara.<\/p>\n","protected":false},"featured_media":73662,"comment_status":"closed","ping_status":"closed","template":"","meta":{"_lmt_disableupdate":"","_lmt_disable":""},"product_brand":[],"product_cat":[462,464,557],"product_tag":[],"woo-feed-brand":[],"class_list":{"0":"post-44318","1":"product","2":"type-product","3":"status-publish","4":"has-post-thumbnail","6":"product_cat-comida-y-bebida","7":"product_cat-gama-de-silicona","8":"product_cat-hora-de-cenar","10":"first","11":"instock","12":"taxable","13":"shipping-taxable","14":"purchasable","15":"product-type-simple"},"_links":{"self":[{"href":"https:\/\/www.bojungle.eu\/es\/wp-json\/wp\/v2\/product\/44318","targetHints":{"allow":["GET"]}}],"collection":[{"href":"https:\/\/www.bojungle.eu\/es\/wp-json\/wp\/v2\/product"}],"about":[{"href":"https:\/\/www.bojungle.eu\/es\/wp-json\/wp\/v2\/types\/product"}],"replies":[{"embeddable":true,"href":"https:\/\/www.bojungle.eu\/es\/wp-json\/wp\/v2\/comments?post=44318"}],"version-history":[{"count":0,"href":"https:\/\/www.bojungle.eu\/es\/wp-json\/wp\/v2\/product\/44318\/revisions"}],"wp:featuredmedia":[{"embeddable":true,"href":"https:\/\/www.bojungle.eu\/es\/wp-json\/wp\/v2\/media\/73662"}],"wp:attachment":[{"href":"https:\/\/www.bojungle.eu\/es\/wp-json\/wp\/v2\/media?parent=44318"}],"wp:term":[{"taxonomy":"product_brand","embeddable":true,"href":"https:\/\/www.bojungle.eu\/es\/wp-json\/wp\/v2\/product_brand?post=44318"},{"taxonomy":"product_cat","embeddable":true,"href":"https:\/\/www.bojungle.eu\/es\/wp-json\/wp\/v2\/product_cat?post=44318"},{"taxonomy":"product_tag","embeddable":true,"href":"https:\/\/www.bojungle.eu\/es\/wp-json\/wp\/v2\/product_tag?post=44318"},{"taxonomy":"woo-feed-brand","embeddable":true,"href":"https:\/\/www.bojungle.eu\/es\/wp-json\/wp\/v2\/woo-feed-brand?post=44318"}],"curies":[{"name":"wp","href":"https:\/\/api.w.org\/{rel}","templated":true}]}}