{"id":46468,"date":"2022-05-29T10:19:47","date_gmt":"2022-05-29T10:19:47","guid":{"rendered":"https:\/\/www.bojungle.eu\/product\/b-play-nest-pop-up-bed-gris-estrellas\/"},"modified":"2024-03-01T12:52:10","modified_gmt":"2024-03-01T11:52:10","slug":"b-play-nest-pop-up-bed-grey-stars","status":"publish","type":"product","link":"https:\/\/www.bojungle.eu\/es\/producto\/b-play-nest-pop-up-bed-grey-stars\/","title":{"rendered":"Cama desplegable B-Play Nest Gris Estrellas"},"content":{"rendered":"<p>\u00a1Descubre el confort y la comodidad de la Cama Pop-up Nest B-Play Gris Estrellas! Esta cama est\u00e1 dise\u00f1ada para uso tanto en interiores como en exteriores, lo que la hace perfecta para el hogar y para viajar. La cama viene con un c\u00f3modo colch\u00f3n extra\u00edble, para que tu peque\u00f1o siempre pueda dormir o jugar c\u00f3modamente. La parte superior de la cama se puede plegar hacia atr\u00e1s y est\u00e1 tratada con un revestimiento anti-UV 50+, que protege a su hijo del sol durante las aventuras al aire libre. Adem\u00e1s, se han a\u00f1adido presillas adicionales para colgar juguetes, lo que hace que jugar sea a\u00fan m\u00e1s divertido. Gracias al pr\u00e1ctico sistema emergente, la cama es f\u00e1cil de montar y desmontar. \u00a1No m\u00e1s problemas con construcciones complicadas! Adem\u00e1s, se incluyen 3 juguetes extra\u00edbles para entretener a tu peque\u00f1o. Con la mosquitera extra\u00edble, no tendr\u00e1s que preocuparte por los molestos insectos mientras juegas al aire libre. Y cuando llegue el momento de guardar la cama, podr\u00e1s guardarla f\u00e1cilmente en la bolsa de almacenamiento incluida. En definitiva, la cama desplegable B-Play Nest Grey Stars ofrece la m\u00e1xima comodidad y confort tanto para interior como para exterior. \u00a1Deja que tu peque\u00f1o disfrute de relajantes siestas y tiempo de juego est\u00e9s donde est\u00e9s! <\/p>\n<ul>\n<li>C\u00f3modo colch\u00f3n extra\u00edble<\/li>\n<li>La parte superior se puede plegar hacia atr\u00e1s y se ha sometido a un tratamiento anti-UV 50+, con presillas adicionales para los juguetes.<\/li>\n<li>F\u00e1cil de montar y desmontar: sistema pop-up<\/li>\n<li>3 juguetes desmontables incluidos<\/li>\n<li>Con mosquitera extra\u00edble<\/li>\n<li>Bolsa de almacenamiento incluida<\/li>\n<\/ul>\n","protected":false},"excerpt":{"rendered":"<p>\u00a1Descubre la comodidad de la cama desplegable Nest B-Play Grey Stars! Colch\u00f3n c\u00f3modo, protecci\u00f3n UV, juguetes y mosquitera incluidos. F\u00e1cil de configurar y almacenar. \u00a1Ideal para interiores y exteriores!   <\/p>\n","protected":false},"featured_media":67375,"comment_status":"closed","ping_status":"closed","template":"","meta":{"_lmt_disableupdate":"","_lmt_disable":""},"product_brand":[],"product_cat":[813],"product_tag":[],"woo-feed-brand":[],"class_list":{"0":"post-46468","1":"product","2":"type-product","3":"status-publish","4":"has-post-thumbnail","6":"product_cat-en-el-jardin","8":"first","9":"instock","10":"taxable","11":"shipping-taxable","12":"purchasable","13":"product-type-simple"},"_links":{"self":[{"href":"https:\/\/www.bojungle.eu\/es\/wp-json\/wp\/v2\/product\/46468","targetHints":{"allow":["GET"]}}],"collection":[{"href":"https:\/\/www.bojungle.eu\/es\/wp-json\/wp\/v2\/product"}],"about":[{"href":"https:\/\/www.bojungle.eu\/es\/wp-json\/wp\/v2\/types\/product"}],"replies":[{"embeddable":true,"href":"https:\/\/www.bojungle.eu\/es\/wp-json\/wp\/v2\/comments?post=46468"}],"version-history":[{"count":1,"href":"https:\/\/www.bojungle.eu\/es\/wp-json\/wp\/v2\/product\/46468\/revisions"}],"predecessor-version":[{"id":67426,"href":"https:\/\/www.bojungle.eu\/es\/wp-json\/wp\/v2\/product\/46468\/revisions\/67426"}],"wp:featuredmedia":[{"embeddable":true,"href":"https:\/\/www.bojungle.eu\/es\/wp-json\/wp\/v2\/media\/67375"}],"wp:attachment":[{"href":"https:\/\/www.bojungle.eu\/es\/wp-json\/wp\/v2\/media?parent=46468"}],"wp:term":[{"taxonomy":"product_brand","embeddable":true,"href":"https:\/\/www.bojungle.eu\/es\/wp-json\/wp\/v2\/product_brand?post=46468"},{"taxonomy":"product_cat","embeddable":true,"href":"https:\/\/www.bojungle.eu\/es\/wp-json\/wp\/v2\/product_cat?post=46468"},{"taxonomy":"product_tag","embeddable":true,"href":"https:\/\/www.bojungle.eu\/es\/wp-json\/wp\/v2\/product_tag?post=46468"},{"taxonomy":"woo-feed-brand","embeddable":true,"href":"https:\/\/www.bojungle.eu\/es\/wp-json\/wp\/v2\/woo-feed-brand?post=46468"}],"curies":[{"name":"wp","href":"https:\/\/api.w.org\/{rel}","templated":true}]}}