{"id":47148,"date":"2023-08-22T14:44:15","date_gmt":"2023-08-22T12:44:15","guid":{"rendered":"https:\/\/www.bojungle.eu\/product\/gimnasio-de-bolas-plegable-tropical-discovery\/"},"modified":"2024-02-14T09:38:47","modified_gmt":"2024-02-14T08:38:47","slug":"gimnasio-de-bolas-plegable-tropical-discovery","status":"publish","type":"product","link":"https:\/\/www.bojungle.eu\/es\/producto\/gimnasio-de-bolas-plegable-tropical-discovery\/","title":{"rendered":"Gimnasio de bolas plegable Tropical Discovery"},"content":{"rendered":"<ul>\n<li><span class=\"OYPEnA text-decoration-none text-strikethrough-none\">Dise\u00f1o colorido<\/span><\/li>\n<li><span class=\"OYPEnA text-decoration-none text-strikethrough-none\">Libro arrugable con chirriador<\/span><\/li>\n<li><span class=\"OYPEnA text-decoration-none text-strikethrough-none\">20 bolas de colores<\/span><\/li>\n<li><span class=\"OYPEnA text-decoration-none text-strikethrough-none\">Diferentes sonajeros<\/span><\/li>\n<li><span class=\"OYPEnA text-decoration-none text-strikethrough-none\">Espejo<\/span><\/li>\n<li><span class=\"OYPEnA text-decoration-none text-strikethrough-none\">Almohada para la barriga<\/span><\/li>\n<li><span class=\"OYPEnA text-decoration-none text-strikethrough-none\">Convertible en piscina de bolas<\/span><\/li>\n<li><span class=\"OYPEnA text-decoration-none text-strikethrough-none\">4 posiciones de juego (boca abajo, boca arriba, gateando y sentado)<\/span><\/li>\n<li><span class=\"OYPEnA text-decoration-none text-strikethrough-none\">Diferentes melod\u00edas<\/span><\/li>\n<li><span class=\"OYPEnA text-decoration-none text-strikethrough-none\">Control de volumen<\/span><\/li>\n<li><span class=\"OYPEnA text-decoration-none text-strikethrough-none\">Arco luminoso de juego<\/span><\/li>\n<li><span class=\"OYPEnA text-decoration-none text-strikethrough-none\">3 pilas AAA (no incluidas)<\/span><\/li>\n<\/ul>\n","protected":false},"excerpt":{"rendered":"<div class=\"w-full text-token-text-primary\" data-testid=\"conversation-turn-3\">\n<div class=\"px-4 py-2 justify-center text-base md:gap-6 m-auto\">\n<div class=\"flex flex-1 text-base mx-auto gap-3 md:px-5 lg:px-1 xl:px-5 md:max-w-3xl lg:max-w-[40rem] xl:max-w-[48rem] group final-completion\">\n<div class=\"relative flex w-full flex-col agent-turn\">\n<div class=\"flex-col gap-1 md:gap-3\">\n<div class=\"flex flex-grow flex-col max-w-full\">\n<div class=\"min-h-[20px] text-message flex flex-col items-start gap-3 whitespace-pre-wrap break-words [.text-message+&amp;]:mt-5 overflow-x-auto\" data-message-author-role=\"assistant\" data-message-id=\"82db606c-0594-41f5-8ade-70aa18437775\">\n<div class=\"markdown prose w-full break-words dark:prose-invert light\">\n<p>Descubra el gimnasio de bolas plegable Tropical Discovery, \u00a1la zona de aventuras definitiva para su peque\u00f1o explorador! Esta vibrante alfombra de juegos sirve tambi\u00e9n de encantadora piscina de bolas y ofrece infinitas oportunidades de diversi\u00f3n y desarrollo. Repleta de atractivas caracter\u00edsticas, como un libro arrugable con chirriador, sonajeros, un espejo y una c\u00f3moda almohada para la barriga, fomenta la exploraci\u00f3n y la estimulaci\u00f3n sensorial en cuatro posiciones de juego vers\u00e1tiles. Las encantadoras melod\u00edas y las luces parpadeantes cautivan la imaginaci\u00f3n de su hijo, mientras que el arco luminoso de juego a\u00f1ade un toque extra de magia. Con su colorido dise\u00f1o, c\u00f3modo plegado y control de volumen para mayor tranquilidad de los padres, este gimnasio de juegos es imprescindible para disfrutar de alegres experiencias de juego.    <\/p>\n<\/div>\n<\/div>\n<\/div>\n<div class=\"mt-1 flex justify-start gap-3 empty:hidden\">\n<div class=\"text-gray-400 flex self-end lg:self-center justify-center lg:justify-start mt-0 -ml-1 visible\">\n<p>&nbsp;<\/p>\n<div class=\"flex\"><\/div>\n<\/div>\n<\/div>\n<\/div>\n<\/div>\n<\/div>\n<\/div>\n<\/div>\n<div class=\"mx-auto\">\n<div data-projection-id=\"43\">\n<div class=\"mx-auto mt-2 inline-flex rounded-xl border border-gray-100 dark:border-gray-700\"><\/div>\n<\/div>\n<\/div>\n","protected":false},"featured_media":66011,"comment_status":"closed","ping_status":"closed","template":"","meta":{"_lmt_disableupdate":"","_lmt_disable":""},"product_brand":[],"product_cat":[476],"product_tag":[1225],"woo-feed-brand":[],"class_list":{"0":"post-47148","1":"product","2":"type-product","3":"status-publish","4":"has-post-thumbnail","6":"product_cat-tiempo-de-juego","7":"product_tag-alfombra-de-juegos","9":"first","10":"outofstock","11":"featured","12":"taxable","13":"shipping-taxable","14":"purchasable","15":"product-type-simple"},"_links":{"self":[{"href":"https:\/\/www.bojungle.eu\/es\/wp-json\/wp\/v2\/product\/47148","targetHints":{"allow":["GET"]}}],"collection":[{"href":"https:\/\/www.bojungle.eu\/es\/wp-json\/wp\/v2\/product"}],"about":[{"href":"https:\/\/www.bojungle.eu\/es\/wp-json\/wp\/v2\/types\/product"}],"replies":[{"embeddable":true,"href":"https:\/\/www.bojungle.eu\/es\/wp-json\/wp\/v2\/comments?post=47148"}],"version-history":[{"count":1,"href":"https:\/\/www.bojungle.eu\/es\/wp-json\/wp\/v2\/product\/47148\/revisions"}],"predecessor-version":[{"id":66070,"href":"https:\/\/www.bojungle.eu\/es\/wp-json\/wp\/v2\/product\/47148\/revisions\/66070"}],"wp:featuredmedia":[{"embeddable":true,"href":"https:\/\/www.bojungle.eu\/es\/wp-json\/wp\/v2\/media\/66011"}],"wp:attachment":[{"href":"https:\/\/www.bojungle.eu\/es\/wp-json\/wp\/v2\/media?parent=47148"}],"wp:term":[{"taxonomy":"product_brand","embeddable":true,"href":"https:\/\/www.bojungle.eu\/es\/wp-json\/wp\/v2\/product_brand?post=47148"},{"taxonomy":"product_cat","embeddable":true,"href":"https:\/\/www.bojungle.eu\/es\/wp-json\/wp\/v2\/product_cat?post=47148"},{"taxonomy":"product_tag","embeddable":true,"href":"https:\/\/www.bojungle.eu\/es\/wp-json\/wp\/v2\/product_tag?post=47148"},{"taxonomy":"woo-feed-brand","embeddable":true,"href":"https:\/\/www.bojungle.eu\/es\/wp-json\/wp\/v2\/woo-feed-brand?post=47148"}],"curies":[{"name":"wp","href":"https:\/\/api.w.org\/{rel}","templated":true}]}}