{"id":47499,"date":"2023-08-28T14:37:49","date_gmt":"2023-08-28T12:37:49","guid":{"rendered":"https:\/\/www.bojungle.eu\/product\/toby-el-barco-de-chorro-de-agua\/"},"modified":"2023-08-28T15:07:46","modified_gmt":"2023-08-28T13:07:46","slug":"toby-el-barco-de-chorro-de-agua","status":"publish","type":"product","link":"https:\/\/www.bojungle.eu\/es\/producto\/toby-el-barco-de-chorro-de-agua\/","title":{"rendered":"Toby el Barco de Chorro de Agua"},"content":{"rendered":"<ul>\n<li><span class=\"OYPEnA text-decoration-none text-strikethrough-none\">Creativa funci\u00f3n de chorro de agua giratorio de 360<\/span><\/li>\n<li><span class=\"OYPEnA text-decoration-none text-strikethrough-none\">Navega autom\u00e1ticamente en cuanto toca el agua<\/span><\/li>\n<li><span class=\"OYPEnA text-decoration-none text-strikethrough-none\">Diversi\u00f3n acu\u00e1tica por doquier<\/span><\/li>\n<li><span class=\"OYPEnA text-decoration-none text-strikethrough-none\">Estimula las habilidades cognitivas<\/span><\/li>\n<li><span class=\"OYPEnA text-decoration-none text-strikethrough-none\">Estimula la motricidad<\/span><\/li>\n<li><span class=\"OYPEnA text-decoration-none text-strikethrough-none\">Dise\u00f1o resistente al agua<\/span><\/li>\n<li><span class=\"OYPEnA text-decoration-none text-strikethrough-none\">3 pilas AA (no incluidas)<\/span><\/li>\n<li>Los colores pueden variar<\/li>\n<\/ul>\n<p>&nbsp;<\/p>\n","protected":false},"excerpt":{"rendered":"<p><span class=\"OYPEnA text-decoration-none text-strikethrough-none\">Toby, el barco acu\u00e1tico, est\u00e1 listo para la misi\u00f3n. Col\u00f3calo en el agua y la diversi\u00f3n comenzar\u00e1 de inmediato. Puedes apuntar su chorro hacia cualquier cosa y despegar\u00e1 a toda velocidad.  <\/span><\/p>\n","protected":false},"featured_media":74373,"comment_status":"closed","ping_status":"closed","template":"","meta":{"_lmt_disableupdate":"","_lmt_disable":""},"product_brand":[],"product_cat":[519,476],"product_tag":[],"woo-feed-brand":[],"class_list":{"0":"post-47499","1":"product","2":"type-product","3":"status-publish","4":"has-post-thumbnail","6":"product_cat-juguetes-de-bano","7":"product_cat-tiempo-de-juego","9":"first","10":"instock","11":"taxable","12":"shipping-taxable","13":"purchasable","14":"product-type-simple"},"_links":{"self":[{"href":"https:\/\/www.bojungle.eu\/es\/wp-json\/wp\/v2\/product\/47499","targetHints":{"allow":["GET"]}}],"collection":[{"href":"https:\/\/www.bojungle.eu\/es\/wp-json\/wp\/v2\/product"}],"about":[{"href":"https:\/\/www.bojungle.eu\/es\/wp-json\/wp\/v2\/types\/product"}],"replies":[{"embeddable":true,"href":"https:\/\/www.bojungle.eu\/es\/wp-json\/wp\/v2\/comments?post=47499"}],"version-history":[{"count":0,"href":"https:\/\/www.bojungle.eu\/es\/wp-json\/wp\/v2\/product\/47499\/revisions"}],"wp:featuredmedia":[{"embeddable":true,"href":"https:\/\/www.bojungle.eu\/es\/wp-json\/wp\/v2\/media\/74373"}],"wp:attachment":[{"href":"https:\/\/www.bojungle.eu\/es\/wp-json\/wp\/v2\/media?parent=47499"}],"wp:term":[{"taxonomy":"product_brand","embeddable":true,"href":"https:\/\/www.bojungle.eu\/es\/wp-json\/wp\/v2\/product_brand?post=47499"},{"taxonomy":"product_cat","embeddable":true,"href":"https:\/\/www.bojungle.eu\/es\/wp-json\/wp\/v2\/product_cat?post=47499"},{"taxonomy":"product_tag","embeddable":true,"href":"https:\/\/www.bojungle.eu\/es\/wp-json\/wp\/v2\/product_tag?post=47499"},{"taxonomy":"woo-feed-brand","embeddable":true,"href":"https:\/\/www.bojungle.eu\/es\/wp-json\/wp\/v2\/woo-feed-brand?post=47499"}],"curies":[{"name":"wp","href":"https:\/\/api.w.org\/{rel}","templated":true}]}}