{"id":47590,"date":"2023-08-29T10:45:20","date_gmt":"2023-08-29T08:45:20","guid":{"rendered":"https:\/\/www.bojungle.eu\/?post_type=product&#038;p=47590"},"modified":"2025-06-05T14:29:45","modified_gmt":"2025-06-05T12:29:45","slug":"calentador-de-botellas-superfast-digital-car-and-home-shady-grey","status":"publish","type":"product","link":"https:\/\/www.bojungle.eu\/es\/producto\/calentador-de-botellas-superfast-digital-car-and-home-shady-grey\/","title":{"rendered":"Calentador de botellas Superfast Digital Car and Home (Shady Grey)"},"content":{"rendered":"<ul>\n<li>El calienta biberones m\u00e1s grande y r\u00e1pido del mercado<\/li>\n<li>Incluye un adaptador para poder cargarlo en el coche<\/li>\n<li>\u00b1 1 min 30 para calentar un biber\u00f3n de 240 ml<\/li>\n<li>\u00b1 2 min para calentar un potito<\/li>\n<li>Di\u00e1metro interior de 8,5 cm<\/li>\n<li>Tiempo de calentamiento configurable con un intervalo de 10 segundos<\/li>\n<li>Indica el tiempo de calentamiento restante<\/li>\n<li>Anillo adaptador para botellas peque\u00f1as<\/li>\n<li>Se detiene autom\u00e1ticamente, alerta visual y sonora<\/li>\n<li>Vaso medidor para el agua<\/li>\n<li>220 V &#8211; 500 vatios<\/li>\n<\/ul>\n<table border=\"1\">\n<tbody>\n<tr>\n<td>Manual<\/td>\n<td><a href=\"https:\/\/www.bojungle.eu\/wp-content\/uploads\/2025\/06\/B510220-B-Bottle-Warmer-CarHome-Shady-Grey.pdf\">Haga clic aqu\u00ed<\/a><\/td>\n<\/tr>\n<\/tbody>\n<\/table>\n<p>&nbsp;<\/p>\n","protected":false},"excerpt":{"rendered":"<p class=\"cvGsUA direction-ltr align-start para-style-body\"><span class=\"OYPEnA text-decoration-none text-strikethrough-none\">En casa o fuera de ella, este calientabiberones resulta muy \u00fatil en cualquier lugar. Es la forma m\u00e1s saludable de calentar los biberones de su hijo en poco tiempo. Con el dispensador incluido, puede a\u00f1adir agua f\u00e1cilmente al calientabiberones. A continuaci\u00f3n, coloque el biber\u00f3n en la cesta que lo acompa\u00f1a y ci\u00e9rrela con el anillo de ajuste si es necesario. De esta forma, el vapor caliente permanece alrededor del biber\u00f3n y se acelera el tiempo de calentamiento. A continuaci\u00f3n, elija el tiempo deseado; puede oscilar entre 1 y 12 minutos. Cuando se acabe el tiempo o se agote el agua, oir\u00e1s una alarma. Recuerde agitar bien la botella para que el calor se propague.     <\/span><\/p>\n<p class=\"cvGsUA direction-ltr align-start para-style-body\"><span class=\"OYPEnA text-decoration-none text-strikethrough-none\">PRECAUCI\u00d3N: Una cantidad excesiva de agua en el dep\u00f3sito y\/o en la botella puede ralentizar el proceso de calentamiento.<\/span><\/p>\n","protected":false},"featured_media":72595,"comment_status":"closed","ping_status":"closed","template":"","meta":{"_lmt_disableupdate":"","_lmt_disable":""},"product_brand":[],"product_cat":[462,466],"product_tag":[],"woo-feed-brand":[],"class_list":{"0":"post-47590","1":"product","2":"type-product","3":"status-publish","4":"has-post-thumbnail","6":"product_cat-comida-y-bebida","7":"product_cat-preparacion-de-comidas","9":"first","10":"instock","11":"featured","12":"taxable","13":"shipping-taxable","14":"purchasable","15":"product-type-simple"},"_links":{"self":[{"href":"https:\/\/www.bojungle.eu\/es\/wp-json\/wp\/v2\/product\/47590","targetHints":{"allow":["GET"]}}],"collection":[{"href":"https:\/\/www.bojungle.eu\/es\/wp-json\/wp\/v2\/product"}],"about":[{"href":"https:\/\/www.bojungle.eu\/es\/wp-json\/wp\/v2\/types\/product"}],"replies":[{"embeddable":true,"href":"https:\/\/www.bojungle.eu\/es\/wp-json\/wp\/v2\/comments?post=47590"}],"version-history":[{"count":2,"href":"https:\/\/www.bojungle.eu\/es\/wp-json\/wp\/v2\/product\/47590\/revisions"}],"predecessor-version":[{"id":80103,"href":"https:\/\/www.bojungle.eu\/es\/wp-json\/wp\/v2\/product\/47590\/revisions\/80103"}],"wp:featuredmedia":[{"embeddable":true,"href":"https:\/\/www.bojungle.eu\/es\/wp-json\/wp\/v2\/media\/72595"}],"wp:attachment":[{"href":"https:\/\/www.bojungle.eu\/es\/wp-json\/wp\/v2\/media?parent=47590"}],"wp:term":[{"taxonomy":"product_brand","embeddable":true,"href":"https:\/\/www.bojungle.eu\/es\/wp-json\/wp\/v2\/product_brand?post=47590"},{"taxonomy":"product_cat","embeddable":true,"href":"https:\/\/www.bojungle.eu\/es\/wp-json\/wp\/v2\/product_cat?post=47590"},{"taxonomy":"product_tag","embeddable":true,"href":"https:\/\/www.bojungle.eu\/es\/wp-json\/wp\/v2\/product_tag?post=47590"},{"taxonomy":"woo-feed-brand","embeddable":true,"href":"https:\/\/www.bojungle.eu\/es\/wp-json\/wp\/v2\/woo-feed-brand?post=47590"}],"curies":[{"name":"wp","href":"https:\/\/api.w.org\/{rel}","templated":true}]}}