{"id":47903,"date":"2023-09-06T13:21:36","date_gmt":"2023-09-06T11:21:36","guid":{"rendered":"https:\/\/www.bojungle.eu\/product\/andador-3-en-1-rojo-rubi\/"},"modified":"2025-06-19T16:15:49","modified_gmt":"2025-06-19T14:15:49","slug":"3-in-1-walker-ruby-red","status":"publish","type":"product","link":"https:\/\/www.bojungle.eu\/es\/producto\/3-in-1-walker-ruby-red\/","title":{"rendered":"Andador 3 en 1 Rojo Rub\u00ed"},"content":{"rendered":"<div class=\"flex-shrink-0 flex flex-col relative items-end\">\n<div>\n<div class=\"pt-0\">\n<div class=\"gizmo-bot-avatar flex h-8 w-8 items-center justify-center overflow-hidden rounded-full\">\n<div class=\"relative p-1 rounded-sm flex items-center justify-center bg-token-main-surface-primary text-token-text-primary h-8 w-8\">Deja que el motor explote con nuestro Walker Ruby Red 3 en 1, \u00a1tu peque\u00f1a estrella de las carreras! Este vers\u00e1til andador est\u00e1 dise\u00f1ado para crecer con su hijo, transform\u00e1ndose de un asiento de coche de carreras genial a un andador e incluso un cochecito. <\/div>\n<\/div>\n<\/div>\n<\/div>\n<\/div>\n<div class=\"group\/conversation-turn relative flex w-full min-w-0 flex-col agent-turn\">\n<div class=\"flex-col gap-1 md:gap-3\">\n<div class=\"flex max-w-full flex-col flex-grow\">\n<div class=\"min-h-[20px] text-message flex w-full flex-col items-end gap-2 break-words [.text-message+&amp;]:mt-5 overflow-x-auto whitespace-pre-wrap\" dir=\"auto\" data-message-author-role=\"assistant\" data-message-id=\"fedb9589-ff2d-4632-9e0d-009a6d3232ab\">\n<div class=\"flex w-full flex-col gap-1 empty:hidden first:pt-[3px]\">\n<div class=\"markdown prose w-full break-words dark:prose-invert light\">\n<h3>Caracter\u00edsticas:<\/h3>\n<ul>\n<li><strong>Crece con tu hijo:<\/strong> Ajusta el asiento a 3 alturas diferentes a medida que tu hijo crece, garantizando un ajuste c\u00f3modo en cada etapa.<\/li>\n<li><strong>Divertido volante:<\/strong> El salpicadero viene con un volante, luces y diferentes melod\u00edas para mantener entretenido a tu peque\u00f1o.<\/li>\n<li><strong>F\u00e1cil maniobrabilidad: <\/strong>Con 4 ruedas y pivotes delanteros de 360\u00b0, tu hijo podr\u00e1 moverse con suavidad y facilidad.<\/li>\n<li><strong>Almacenamiento sencillo: <\/strong>El andador se pliega r\u00e1pidamente, lo que facilita guardarlo o llevarlo de viaje.<\/li>\n<li><strong>Dise\u00f1o 3 en 1: <\/strong>Cambia f\u00e1cilmente de andador a cochecito, d\u00e1ndote flexibilidad para cualquier aventura.<\/li>\n<li><strong>F\u00e1cil de limpiar: <\/strong>La funda es extra\u00edble y lavable, manteniendo el andador fresco y limpio.<\/li>\n<\/ul>\n<p>Deja que tu peque\u00f1o d\u00e9 sus primeros pasos con alegr\u00eda y emoci\u00f3n en el Walker Ruby Red 3 en 1. Ya sea que est\u00e9n paseando por la casa o aprendiendo a caminar, este andador ofrece diversi\u00f3n y apoyo sin fin. <\/p>\n<table border=\"1\">\n<tbody>\n<tr>\n<td>Manual<\/td>\n<td><a href=\"https:\/\/www.bojungle.eu\/wp-content\/uploads\/2025\/06\/B910530-910540-manual.pdf\">Haga clic aqu\u00ed<\/a><\/td>\n<\/tr>\n<\/tbody>\n<\/table>\n<\/div>\n<\/div>\n<\/div>\n<\/div>\n<\/div>\n<\/div>\n<p class=\"cvGsUA direction-ltr align-start para-style-body\">\n","protected":false},"excerpt":{"rendered":"<div class=\"flex max-w-full flex-col flex-grow\">\n<div class=\"min-h-[20px] text-message flex w-full flex-col items-end gap-2 break-words [.text-message+&amp;]:mt-5 overflow-x-auto whitespace-pre-wrap\" dir=\"auto\" data-message-author-role=\"assistant\" data-message-id=\"409651fe-ab51-4f04-83c5-1b327069df1a\">\n<div class=\"flex w-full flex-col gap-1 empty:hidden first:pt-[3px]\">\n<div class=\"markdown prose w-full break-words dark:prose-invert light\">\n<p>\u00a1Deja que tu peque\u00f1o entre en acci\u00f3n con nuestro Walker Ruby Red 3 en 1! Este andador divertido y flexible crece con su hijo, transform\u00e1ndose f\u00e1cilmente de un asiento de autom\u00f3vil de carreras a un andador e incluso un cochecito. Con alturas ajustables, un volante divertido con luces y melod\u00edas, ruedas giratorias suaves de 360\u00b0 y un dise\u00f1o plegable para un f\u00e1cil almacenamiento, est\u00e1 dise\u00f1ado para la diversi\u00f3n y la comodidad. Adem\u00e1s, la funda extra\u00edble y lavable lo mantiene limpio y fresco. Perfecto para los primeros pasos de su hijo y m\u00e1s all\u00e1.    <\/p>\n<\/div>\n<\/div>\n<\/div>\n<\/div>\n","protected":false},"featured_media":76446,"comment_status":"closed","ping_status":"closed","template":"","meta":{"_lmt_disableupdate":"","_lmt_disable":""},"product_brand":[],"product_cat":[476,621,503],"product_tag":[],"woo-feed-brand":[],"class_list":{"0":"post-47903","1":"product","2":"type-product","3":"status-publish","4":"has-post-thumbnail","6":"product_cat-tiempo-de-juego","7":"product_cat-juguetes-de-actividades","8":"product_cat-juguetes-de-colores","10":"first","11":"instock","12":"taxable","13":"shipping-taxable","14":"purchasable","15":"product-type-simple"},"_links":{"self":[{"href":"https:\/\/www.bojungle.eu\/es\/wp-json\/wp\/v2\/product\/47903","targetHints":{"allow":["GET"]}}],"collection":[{"href":"https:\/\/www.bojungle.eu\/es\/wp-json\/wp\/v2\/product"}],"about":[{"href":"https:\/\/www.bojungle.eu\/es\/wp-json\/wp\/v2\/types\/product"}],"replies":[{"embeddable":true,"href":"https:\/\/www.bojungle.eu\/es\/wp-json\/wp\/v2\/comments?post=47903"}],"version-history":[{"count":2,"href":"https:\/\/www.bojungle.eu\/es\/wp-json\/wp\/v2\/product\/47903\/revisions"}],"predecessor-version":[{"id":80544,"href":"https:\/\/www.bojungle.eu\/es\/wp-json\/wp\/v2\/product\/47903\/revisions\/80544"}],"wp:featuredmedia":[{"embeddable":true,"href":"https:\/\/www.bojungle.eu\/es\/wp-json\/wp\/v2\/media\/76446"}],"wp:attachment":[{"href":"https:\/\/www.bojungle.eu\/es\/wp-json\/wp\/v2\/media?parent=47903"}],"wp:term":[{"taxonomy":"product_brand","embeddable":true,"href":"https:\/\/www.bojungle.eu\/es\/wp-json\/wp\/v2\/product_brand?post=47903"},{"taxonomy":"product_cat","embeddable":true,"href":"https:\/\/www.bojungle.eu\/es\/wp-json\/wp\/v2\/product_cat?post=47903"},{"taxonomy":"product_tag","embeddable":true,"href":"https:\/\/www.bojungle.eu\/es\/wp-json\/wp\/v2\/product_tag?post=47903"},{"taxonomy":"woo-feed-brand","embeddable":true,"href":"https:\/\/www.bojungle.eu\/es\/wp-json\/wp\/v2\/woo-feed-brand?post=47903"}],"curies":[{"name":"wp","href":"https:\/\/api.w.org\/{rel}","templated":true}]}}