{"id":48073,"date":"2023-09-06T16:00:57","date_gmt":"2023-09-06T14:00:57","guid":{"rendered":"https:\/\/www.bojungle.eu\/?post_type=product&#038;p=48073"},"modified":"2024-04-10T14:14:01","modified_gmt":"2024-04-10T12:14:01","slug":"oso-de-bano-verde-salvia","status":"publish","type":"product","link":"https:\/\/www.bojungle.eu\/es\/producto\/oso-de-bano-verde-salvia\/","title":{"rendered":"Oso de ba\u00f1o verde salvia"},"content":{"rendered":"<p>Descubra Bath Bear Sage Green: \u00a1el nuevo compa\u00f1ero de ba\u00f1o favorito de su beb\u00e9! Con su simp\u00e1tico dise\u00f1o de orejas de oso y su c\u00f3moda forma, la hora del ba\u00f1o es ahora mucho m\u00e1s divertida. Esta ba\u00f1era para beb\u00e9s viene con un pr\u00e1ctico reductor de ba\u00f1o que es perfecto para los reci\u00e9n nacidos, manteni\u00e9ndolos seguros con ventosas. Y cuando llegue el momento de vaciar el agua, basta con abrir el tap\u00f3n de vaciado para una limpieza r\u00e1pida y sencilla. Tambi\u00e9n hemos incluido una jabonera extra\u00edble fabricada en silicona ecol\u00f3gica, para que pueda tener a mano todos sus utensilios de ba\u00f1o sin complicaciones.<\/p>\n<p> Adem\u00e1s, tenga la seguridad de saber que Bath Bear Sage Green no contiene BPA, lo que mantiene a su peque\u00f1o seguro durante sus aventuras.<\/p>\n","protected":false},"excerpt":{"rendered":"<div class=\"elementor-element elementor-element-80cf67d elementor-widget elementor-widget-jet-single-excerpt\" data-id=\"80cf67d\" data-element_type=\"widget\" data-widget_type=\"jet-single-excerpt.default\">\n<div class=\"elementor-widget-container\">\n<div class=\"elementor-jet-single-excerpt jet-woo-builder\">\n<div class=\"woocommerce-product-details__short-description\">\n<p>Te presentamos el osito de ba\u00f1o Sage Green: \u00a1el mejor compa\u00f1ero para la hora del ba\u00f1o de tu beb\u00e9! Con sus adorables orejas de oso y su dise\u00f1o ergon\u00f3mico, la hora del ba\u00f1o es ahora mucho m\u00e1s bonita y c\u00f3moda. Con reductor de ba\u00f1o para reci\u00e9n nacidos, tapa de f\u00e1cil vaciado y jabonera ecol\u00f3gica, es la combinaci\u00f3n perfecta de diversi\u00f3n y funcionalidad. Adem\u00e1s, no contiene BPA para su tranquilidad.   \u00a1Prep\u00e1rate para aventuras limpias con Bath Bear Sage Green!<\/p>\n<\/div>\n<\/div>\n<\/div>\n<\/div>\n<div class=\"elementor-element elementor-element-c5d7d93 elementor-widget elementor-widget-spacer\" data-id=\"c5d7d93\" data-element_type=\"widget\" data-widget_type=\"spacer.default\">\n<div class=\"elementor-widget-container\">\n<div class=\"elementor-spacer\"><\/div>\n<\/div>\n<\/div>\n<p>&nbsp;<\/p>\n","protected":false},"featured_media":69165,"comment_status":"closed","ping_status":"closed","template":"","meta":{"_lmt_disableupdate":"","_lmt_disable":""},"product_brand":[],"product_cat":[592,518],"product_tag":[],"woo-feed-brand":[],"class_list":{"0":"post-48073","1":"product","2":"type-product","3":"status-publish","4":"has-post-thumbnail","6":"product_cat-bebe-en-la-banera","7":"product_cat-cuidado","9":"first","10":"outofstock","11":"featured","12":"taxable","13":"shipping-taxable","14":"purchasable","15":"product-type-simple"},"_links":{"self":[{"href":"https:\/\/www.bojungle.eu\/es\/wp-json\/wp\/v2\/product\/48073","targetHints":{"allow":["GET"]}}],"collection":[{"href":"https:\/\/www.bojungle.eu\/es\/wp-json\/wp\/v2\/product"}],"about":[{"href":"https:\/\/www.bojungle.eu\/es\/wp-json\/wp\/v2\/types\/product"}],"replies":[{"embeddable":true,"href":"https:\/\/www.bojungle.eu\/es\/wp-json\/wp\/v2\/comments?post=48073"}],"version-history":[{"count":1,"href":"https:\/\/www.bojungle.eu\/es\/wp-json\/wp\/v2\/product\/48073\/revisions"}],"predecessor-version":[{"id":72705,"href":"https:\/\/www.bojungle.eu\/es\/wp-json\/wp\/v2\/product\/48073\/revisions\/72705"}],"wp:featuredmedia":[{"embeddable":true,"href":"https:\/\/www.bojungle.eu\/es\/wp-json\/wp\/v2\/media\/69165"}],"wp:attachment":[{"href":"https:\/\/www.bojungle.eu\/es\/wp-json\/wp\/v2\/media?parent=48073"}],"wp:term":[{"taxonomy":"product_brand","embeddable":true,"href":"https:\/\/www.bojungle.eu\/es\/wp-json\/wp\/v2\/product_brand?post=48073"},{"taxonomy":"product_cat","embeddable":true,"href":"https:\/\/www.bojungle.eu\/es\/wp-json\/wp\/v2\/product_cat?post=48073"},{"taxonomy":"product_tag","embeddable":true,"href":"https:\/\/www.bojungle.eu\/es\/wp-json\/wp\/v2\/product_tag?post=48073"},{"taxonomy":"woo-feed-brand","embeddable":true,"href":"https:\/\/www.bojungle.eu\/es\/wp-json\/wp\/v2\/woo-feed-brand?post=48073"}],"curies":[{"name":"wp","href":"https:\/\/api.w.org\/{rel}","templated":true}]}}