{"id":48193,"date":"2023-09-06T16:41:58","date_gmt":"2023-09-06T14:41:58","guid":{"rendered":"https:\/\/www.bojungle.eu\/?post_type=product&#038;p=48193"},"modified":"2024-02-16T15:42:30","modified_gmt":"2024-02-16T14:42:30","slug":"submarine-termometro-de-bano-manual","status":"publish","type":"product","link":"https:\/\/www.bojungle.eu\/es\/producto\/submarine-termometro-de-bano-manual\/","title":{"rendered":"Submarine &#8211; Term\u00f3metro de ba\u00f1o manual"},"content":{"rendered":"<p>Este adorable term\u00f3metro con forma de submarino ofrece lecturas precisas de la temperatura, garantizando que el agua del ba\u00f1o de su hijo est\u00e9 siempre en su punto. Se acabaron las conjeturas y las pruebas manuales: basta con echar un vistazo a la pantalla de temperatura para tranquilizarse al instante. Pero la diversi\u00f3n no acaba aqu\u00ed. El term\u00f3metro de ba\u00f1o Submarine no s\u00f3lo es pr\u00e1ctico, sino tambi\u00e9n divertido. Su encantador dise\u00f1o a\u00f1ade un toque de fantas\u00eda a la decoraci\u00f3n de su cuarto de ba\u00f1o, mejorando la hora del ba\u00f1o con su encantadora presencia. Y lo mejor de todo es que en la parte inferior del submarino hay una caracter\u00edstica especial que lo diferencia de los term\u00f3metros normales. Dale cuerda a la h\u00e9lice y observa c\u00f3mo el submarino flota libremente en la ba\u00f1era, cautivando a tu hijo con su caprichoso movimiento. Con el Submarino &#8211; Term\u00f3metro de Ba\u00f1o Manual, puede transformar los momentos de ba\u00f1o ordinarios en aventuras extraordinarias. D\u00e9 la bienvenida a salpicaduras felices y momentos inolvidables con este complemento imprescindible para su rutina de ba\u00f1o. <\/p>\n<ul>\n<li><span class=\"OYPEnA text-decoration-none text-strikethrough-none\">Indicador de temperatura<\/span><\/li>\n<li><span class=\"OYPEnA text-decoration-none text-strikethrough-none\">Forma simp\u00e1tica y divertida<\/span><\/li>\n<li><span class=\"OYPEnA text-decoration-none text-strikethrough-none\">Dar cuerda<\/span><\/li>\n<\/ul>\n","protected":false},"excerpt":{"rendered":"<p>Explore el Submarino &#8211; Term\u00f3metro de ba\u00f1o manual, \u00a1una encantadora adici\u00f3n a la diversi\u00f3n de la hora del ba\u00f1o para su peque\u00f1o! Desp\u00eddete de la incertidumbre sobre la temperatura del agua y saluda a la hora del ba\u00f1o sin complicaciones con este encantador term\u00f3metro. <\/p>\n<p>&nbsp;<\/p>\n","protected":false},"featured_media":66477,"comment_status":"closed","ping_status":"closed","template":"","meta":{"_lmt_disableupdate":"","_lmt_disable":""},"product_brand":[],"product_cat":[592,593,518],"product_tag":[],"woo-feed-brand":[],"class_list":{"0":"post-48193","1":"product","2":"type-product","3":"status-publish","4":"has-post-thumbnail","6":"product_cat-bebe-en-la-banera","7":"product_cat-belleza-y-salud-del-bebe","8":"product_cat-cuidado","10":"first","11":"instock","12":"taxable","13":"shipping-taxable","14":"purchasable","15":"product-type-simple"},"_links":{"self":[{"href":"https:\/\/www.bojungle.eu\/es\/wp-json\/wp\/v2\/product\/48193","targetHints":{"allow":["GET"]}}],"collection":[{"href":"https:\/\/www.bojungle.eu\/es\/wp-json\/wp\/v2\/product"}],"about":[{"href":"https:\/\/www.bojungle.eu\/es\/wp-json\/wp\/v2\/types\/product"}],"replies":[{"embeddable":true,"href":"https:\/\/www.bojungle.eu\/es\/wp-json\/wp\/v2\/comments?post=48193"}],"version-history":[{"count":1,"href":"https:\/\/www.bojungle.eu\/es\/wp-json\/wp\/v2\/product\/48193\/revisions"}],"predecessor-version":[{"id":66516,"href":"https:\/\/www.bojungle.eu\/es\/wp-json\/wp\/v2\/product\/48193\/revisions\/66516"}],"wp:featuredmedia":[{"embeddable":true,"href":"https:\/\/www.bojungle.eu\/es\/wp-json\/wp\/v2\/media\/66477"}],"wp:attachment":[{"href":"https:\/\/www.bojungle.eu\/es\/wp-json\/wp\/v2\/media?parent=48193"}],"wp:term":[{"taxonomy":"product_brand","embeddable":true,"href":"https:\/\/www.bojungle.eu\/es\/wp-json\/wp\/v2\/product_brand?post=48193"},{"taxonomy":"product_cat","embeddable":true,"href":"https:\/\/www.bojungle.eu\/es\/wp-json\/wp\/v2\/product_cat?post=48193"},{"taxonomy":"product_tag","embeddable":true,"href":"https:\/\/www.bojungle.eu\/es\/wp-json\/wp\/v2\/product_tag?post=48193"},{"taxonomy":"woo-feed-brand","embeddable":true,"href":"https:\/\/www.bojungle.eu\/es\/wp-json\/wp\/v2\/woo-feed-brand?post=48193"}],"curies":[{"name":"wp","href":"https:\/\/api.w.org\/{rel}","templated":true}]}}