{"id":48547,"date":"2023-09-07T14:56:37","date_gmt":"2023-09-07T12:56:37","guid":{"rendered":"https:\/\/www.bojungle.eu\/product\/cepillos-para-el-cuidado-del-bebe-3-uds\/"},"modified":"2024-11-07T16:49:53","modified_gmt":"2024-11-07T15:49:53","slug":"cepillos-para-el-cuidado-del-bebe-3-uds","status":"publish","type":"product","link":"https:\/\/www.bojungle.eu\/es\/producto\/cepillos-para-el-cuidado-del-bebe-3-uds\/","title":{"rendered":"Cepillos para el cuidado del beb\u00e9 (3 uds.)"},"content":{"rendered":"<p>O nosso conjunto de escovas para beb\u00e9s foi concebido para cuidar delicadamente do couro cabeludo e do cabelo macio do seu beb\u00e9. Fabricado com materiais naturais e de alta qualidade, este conjunto inclui tr\u00eas escovas diferentes para cada tipo de cabelo do beb\u00e9, desde o cabelo fino e macio ao cabelo mais espesso. <\/p>\n<ul>\n<li><strong>F\u00e1cil de sujetar:<\/strong> Cada cepillo tiene un mango suave de madera de peral, lo que lo hace c\u00f3modo de sujetar y f\u00e1cil de usar para los padres.<\/li>\n<li><strong>Dientes y cerdas redondeados: <\/strong>Con puntas redondeadas y suaves cerdas de pelo de burro, estos cepillos se sienten suaves en el cuero cabelludo, evitando cualquier tir\u00f3n o irritaci\u00f3n.<\/li>\n<li><strong>Perfectos para pieles delicadas: <\/strong>Estos cepillos son ideales para la piel sensible del beb\u00e9, ya que ayudan a mantener el pelo suave y liso a la vez que son muy delicados.<\/li>\n<\/ul>\n<div class=\"flex max-w-full flex-col flex-grow\">\n<div class=\"min-h-8 text-message flex w-full flex-col items-end gap-2 whitespace-normal break-words [.text-message+&amp;]:mt-5\" dir=\"auto\" data-message-author-role=\"assistant\" data-message-id=\"534e1b46-fdf7-4e15-9a16-42cce9b45815\" data-message-model-slug=\"gpt-4o\">\n<div class=\"flex w-full flex-col gap-1 empty:hidden first:pt-[3px]\">\n<div class=\"markdown prose w-full break-words dark:prose-invert light\">\n<p>Este set de 3 piezas te ofrece todo lo que necesitas para mantener el pelo de tu beb\u00e9 sin enredos y bien cuidado, todo ello con el suave tacto de los materiales naturales.<\/p>\n<\/div>\n<\/div>\n<\/div>\n<\/div>\n<div class=\"mb-2 flex gap-3 empty:hidden -ml-2\">\n<div class=\"items-center justify-start rounded-xl p-1 flex\">\n<div class=\"flex items-center\"><button class=\"rounded-lg text-token-text-secondary hover:bg-token-main-surface-secondary\" aria-label=\"Read aloud\" data-testid=\"voice-play-turn-action-button\"><\/button><button class=\"rounded-lg text-token-text-secondary hover:bg-token-main-surface-secondary\" aria-label=\"Kopi\u00ebren\" data-testid=\"copy-turn-action-button\"><\/button><\/p>\n<div class=\"flex\"><\/div>\n<div class=\"flex items-center pb-0\"><\/div>\n<\/div>\n<\/div>\n<\/div>\n","protected":false},"excerpt":{"rendered":"<p>Este set de cepillos naturales de 3 piezas para el cuidado del beb\u00e9 es perfecto para cuidar suavemente su cabello. Fabricados con suaves mangos de madera de peral y cerdas de pelo de burro, cada cepillo es delicado con el cuero cabelludo y f\u00e1cil de sujetar. Ideal para todo tipo de cabellos, este set mantiene el pelo de su beb\u00e9 suave y sin enredos.  <\/p>\n","protected":false},"featured_media":68785,"comment_status":"closed","ping_status":"closed","template":"","meta":{"_lmt_disableupdate":"","_lmt_disable":""},"product_brand":[],"product_cat":[593,518],"product_tag":[],"woo-feed-brand":[],"class_list":{"0":"post-48547","1":"product","2":"type-product","3":"status-publish","4":"has-post-thumbnail","6":"product_cat-belleza-y-salud-del-bebe","7":"product_cat-cuidado","9":"first","10":"instock","11":"taxable","12":"shipping-taxable","13":"purchasable","14":"product-type-simple"},"_links":{"self":[{"href":"https:\/\/www.bojungle.eu\/es\/wp-json\/wp\/v2\/product\/48547","targetHints":{"allow":["GET"]}}],"collection":[{"href":"https:\/\/www.bojungle.eu\/es\/wp-json\/wp\/v2\/product"}],"about":[{"href":"https:\/\/www.bojungle.eu\/es\/wp-json\/wp\/v2\/types\/product"}],"replies":[{"embeddable":true,"href":"https:\/\/www.bojungle.eu\/es\/wp-json\/wp\/v2\/comments?post=48547"}],"version-history":[{"count":1,"href":"https:\/\/www.bojungle.eu\/es\/wp-json\/wp\/v2\/product\/48547\/revisions"}],"predecessor-version":[{"id":78401,"href":"https:\/\/www.bojungle.eu\/es\/wp-json\/wp\/v2\/product\/48547\/revisions\/78401"}],"wp:featuredmedia":[{"embeddable":true,"href":"https:\/\/www.bojungle.eu\/es\/wp-json\/wp\/v2\/media\/68785"}],"wp:attachment":[{"href":"https:\/\/www.bojungle.eu\/es\/wp-json\/wp\/v2\/media?parent=48547"}],"wp:term":[{"taxonomy":"product_brand","embeddable":true,"href":"https:\/\/www.bojungle.eu\/es\/wp-json\/wp\/v2\/product_brand?post=48547"},{"taxonomy":"product_cat","embeddable":true,"href":"https:\/\/www.bojungle.eu\/es\/wp-json\/wp\/v2\/product_cat?post=48547"},{"taxonomy":"product_tag","embeddable":true,"href":"https:\/\/www.bojungle.eu\/es\/wp-json\/wp\/v2\/product_tag?post=48547"},{"taxonomy":"woo-feed-brand","embeddable":true,"href":"https:\/\/www.bojungle.eu\/es\/wp-json\/wp\/v2\/woo-feed-brand?post=48547"}],"curies":[{"name":"wp","href":"https:\/\/api.w.org\/{rel}","templated":true}]}}