{"id":48567,"date":"2023-09-08T09:46:10","date_gmt":"2023-09-08T07:46:10","guid":{"rendered":"https:\/\/www.bojungle.eu\/product\/esponjas-de-pulpa-de-madera-natural-3uds\/"},"modified":"2023-09-08T10:23:44","modified_gmt":"2023-09-08T08:23:44","slug":"esponjas-pulpa-de-madera-naturales-3uds","status":"publish","type":"product","link":"https:\/\/www.bojungle.eu\/es\/producto\/esponjas-pulpa-de-madera-naturales-3uds\/","title":{"rendered":"Esponjas de pulpa de madera natural (3uds.)"},"content":{"rendered":"<ul>\n<li>Formas y colores divertidos y alegres<\/li>\n<li>Hechas de pulpa de madera<\/li>\n<li>Juego de 3 unidades<\/li>\n<li>Ideales para la cara y el cuerpo<\/li>\n<li>Adecuadas para pieles sensibles<\/li>\n<\/ul>\n","protected":false},"excerpt":{"rendered":"<p><span class=\"OYPEnA text-decoration-none text-strikethrough-none\">Hechas de pulpa de madera, estas esponjas son biodegradables. Tienen una gran capacidad de absorci\u00f3n y una textura suave, por lo que son factores ideales para la piel de tu beb\u00e9. Cada esponja tiene una forma \u00fanica. Las esponjas naturales son ideales para limpiar la cara y el cuerpo y, adem\u00e1s, son adecuadas para pieles sensibles.   <\/span><\/p>\n","protected":false},"featured_media":68845,"comment_status":"closed","ping_status":"closed","template":"","meta":{"_lmt_disableupdate":"","_lmt_disable":""},"product_brand":[],"product_cat":[592,518],"product_tag":[],"woo-feed-brand":[],"class_list":{"0":"post-48567","1":"product","2":"type-product","3":"status-publish","4":"has-post-thumbnail","6":"product_cat-bebe-en-la-banera","7":"product_cat-cuidado","9":"first","10":"instock","11":"taxable","12":"shipping-taxable","13":"purchasable","14":"product-type-simple"},"_links":{"self":[{"href":"https:\/\/www.bojungle.eu\/es\/wp-json\/wp\/v2\/product\/48567","targetHints":{"allow":["GET"]}}],"collection":[{"href":"https:\/\/www.bojungle.eu\/es\/wp-json\/wp\/v2\/product"}],"about":[{"href":"https:\/\/www.bojungle.eu\/es\/wp-json\/wp\/v2\/types\/product"}],"replies":[{"embeddable":true,"href":"https:\/\/www.bojungle.eu\/es\/wp-json\/wp\/v2\/comments?post=48567"}],"version-history":[{"count":0,"href":"https:\/\/www.bojungle.eu\/es\/wp-json\/wp\/v2\/product\/48567\/revisions"}],"wp:featuredmedia":[{"embeddable":true,"href":"https:\/\/www.bojungle.eu\/es\/wp-json\/wp\/v2\/media\/68845"}],"wp:attachment":[{"href":"https:\/\/www.bojungle.eu\/es\/wp-json\/wp\/v2\/media?parent=48567"}],"wp:term":[{"taxonomy":"product_brand","embeddable":true,"href":"https:\/\/www.bojungle.eu\/es\/wp-json\/wp\/v2\/product_brand?post=48567"},{"taxonomy":"product_cat","embeddable":true,"href":"https:\/\/www.bojungle.eu\/es\/wp-json\/wp\/v2\/product_cat?post=48567"},{"taxonomy":"product_tag","embeddable":true,"href":"https:\/\/www.bojungle.eu\/es\/wp-json\/wp\/v2\/product_tag?post=48567"},{"taxonomy":"woo-feed-brand","embeddable":true,"href":"https:\/\/www.bojungle.eu\/es\/wp-json\/wp\/v2\/woo-feed-brand?post=48567"}],"curies":[{"name":"wp","href":"https:\/\/api.w.org\/{rel}","templated":true}]}}