{"id":48587,"date":"2023-09-08T10:49:22","date_gmt":"2023-09-08T08:49:22","guid":{"rendered":"https:\/\/www.bojungle.eu\/product\/irrigadores-nasales-para-bebes-2-uds\/"},"modified":"2024-11-21T11:54:19","modified_gmt":"2024-11-21T10:54:19","slug":"irrigadores-nasales-para-bebes-2-uds","status":"publish","type":"product","link":"https:\/\/www.bojungle.eu\/es\/producto\/irrigadores-nasales-para-bebes-2-uds\/","title":{"rendered":"Irrigadores nasales para beb\u00e9s (2 uds.)"},"content":{"rendered":"<p><span class=\"OYPEnA text-decoration-none text-strikethrough-none\">El irrigador nasal Bo Jungle es una jeringa de 10 ml que permite enjuagar f\u00e1cilmente la nariz y aliviar inmediatamente el exceso de mucosa nasal con 1 pulsaci\u00f3n. Las obstrucciones nasales pueden tener un gran impacto en el sue\u00f1o y el bienestar general de tu peque\u00f1o. La punta de silicona hace que la inserci\u00f3n en la nariz sea m\u00e1s f\u00e1cil y suave.  <\/span> <span class=\"OYPEnA text-decoration-none text-strikethrough-none\">Muy recomendada para padres j\u00f3venes con beb\u00e9s desde el nacimiento hasta que pueden sonarse la nariz por s\u00ed solos. Tambi\u00e9n para adultos, esta jeringa puede proporcionar el alivio que tanto necesitan cuando tienen la nariz tapada. <\/span><\/p>\n<ul>\n<li><span class=\"OYPEnA text-decoration-none text-strikethrough-none\">Para todas las edades<\/span><\/li>\n<li><span class=\"OYPEnA text-decoration-none text-strikethrough-none\">10ml<\/span><\/li>\n<li><span class=\"OYPEnA text-decoration-none text-strikethrough-none\">Punta de silicona<\/span><\/li>\n<li><span class=\"OYPEnA text-decoration-none text-strikethrough-none\">2 jeringas<\/span><\/li>\n<\/ul>\n","protected":false},"excerpt":{"rendered":"<p><span class=\"OYPEnA text-decoration-none text-strikethrough-none\">El irrigador nasal Bo Jungle es una jeringa de 10 ml que permite enjuagar f\u00e1cilmente la nariz y aliviar inmediatamente el exceso de mucosa nasal con 1 pulsaci\u00f3n. Las obstrucciones nasales pueden tener un gran impacto en el sue\u00f1o y el bienestar general de tu peque\u00f1o. La punta de silicona hace que la inserci\u00f3n en la nariz sea m\u00e1s f\u00e1cil y suave.  <\/span> <span class=\"OYPEnA text-decoration-none text-strikethrough-none\">Muy recomendada para padres j\u00f3venes con beb\u00e9s desde el nacimiento hasta que pueden sonarse la nariz por s\u00ed solos. Tambi\u00e9n para adultos, esta jeringa puede proporcionar el alivio que tanto necesitan cuando tienen la nariz tapada. <\/span><\/p>\n","protected":false},"featured_media":62639,"comment_status":"closed","ping_status":"closed","template":"","meta":{"_lmt_disableupdate":"","_lmt_disable":""},"product_brand":[],"product_cat":[593,518],"product_tag":[],"woo-feed-brand":[],"class_list":{"0":"post-48587","1":"product","2":"type-product","3":"status-publish","4":"has-post-thumbnail","6":"product_cat-belleza-y-salud-del-bebe","7":"product_cat-cuidado","9":"first","10":"instock","11":"taxable","12":"shipping-taxable","13":"purchasable","14":"product-type-simple"},"_links":{"self":[{"href":"https:\/\/www.bojungle.eu\/es\/wp-json\/wp\/v2\/product\/48587","targetHints":{"allow":["GET"]}}],"collection":[{"href":"https:\/\/www.bojungle.eu\/es\/wp-json\/wp\/v2\/product"}],"about":[{"href":"https:\/\/www.bojungle.eu\/es\/wp-json\/wp\/v2\/types\/product"}],"replies":[{"embeddable":true,"href":"https:\/\/www.bojungle.eu\/es\/wp-json\/wp\/v2\/comments?post=48587"}],"version-history":[{"count":1,"href":"https:\/\/www.bojungle.eu\/es\/wp-json\/wp\/v2\/product\/48587\/revisions"}],"predecessor-version":[{"id":78455,"href":"https:\/\/www.bojungle.eu\/es\/wp-json\/wp\/v2\/product\/48587\/revisions\/78455"}],"wp:featuredmedia":[{"embeddable":true,"href":"https:\/\/www.bojungle.eu\/es\/wp-json\/wp\/v2\/media\/62639"}],"wp:attachment":[{"href":"https:\/\/www.bojungle.eu\/es\/wp-json\/wp\/v2\/media?parent=48587"}],"wp:term":[{"taxonomy":"product_brand","embeddable":true,"href":"https:\/\/www.bojungle.eu\/es\/wp-json\/wp\/v2\/product_brand?post=48587"},{"taxonomy":"product_cat","embeddable":true,"href":"https:\/\/www.bojungle.eu\/es\/wp-json\/wp\/v2\/product_cat?post=48587"},{"taxonomy":"product_tag","embeddable":true,"href":"https:\/\/www.bojungle.eu\/es\/wp-json\/wp\/v2\/product_tag?post=48587"},{"taxonomy":"woo-feed-brand","embeddable":true,"href":"https:\/\/www.bojungle.eu\/es\/wp-json\/wp\/v2\/woo-feed-brand?post=48587"}],"curies":[{"name":"wp","href":"https:\/\/api.w.org\/{rel}","templated":true}]}}