{"id":48607,"date":"2023-09-08T11:50:16","date_gmt":"2023-09-08T09:50:16","guid":{"rendered":"https:\/\/www.bojungle.eu\/product\/limpiador-nasal-para-bebes\/"},"modified":"2024-11-21T11:20:43","modified_gmt":"2024-11-21T10:20:43","slug":"limpiador-nasal-para-bebes","status":"publish","type":"product","link":"https:\/\/www.bojungle.eu\/es\/producto\/limpiador-nasal-para-bebes\/","title":{"rendered":"Limpiador nasal para beb\u00e9s"},"content":{"rendered":"<p>Ayuda a tu peque\u00f1o a respirar mejor con nuestro limpiador nasal para beb\u00e9s. Elimina r\u00e1pida y suavemente la mucosidad, perfecto para narices taponadas o resfriados. Seguro desde el nacimiento, es f\u00e1cil de limpiar y sencillo de usar.  <\/p>\n<ul>\n<li><strong>Tama\u00f1o compacto<\/strong>: Ideal para casa o para llevar.<\/li>\n<li><strong>Accesorio extra\u00edble: <\/strong>Facilita y agiliza la limpieza.<\/li>\n<li><strong>Seguro para reci\u00e9n nacidos:<\/strong> Suave y seguro para las narices diminutas.<\/li>\n<\/ul>\n<p>Mant\u00e9n a tu beb\u00e9 c\u00f3modo y despejado con este pr\u00e1ctico limpiador nasal.<\/p>\n","protected":false},"excerpt":{"rendered":"<p><span class=\"OYPEnA text-decoration-none text-strikethrough-none\">Este limpiador nasal para beb\u00e9s elimina los mocos de su peque\u00f1o de forma r\u00e1pida y sencilla. Se puede utilizar desde el nacimiento y es ideal en caso de nariz tapada o resfriado. Adem\u00e1s, puede limpiarse f\u00e1cilmente por dentro, gracias al accesorio extra\u00edble.  <\/span><\/p>\n","protected":false},"featured_media":79498,"comment_status":"closed","ping_status":"closed","template":"","meta":{"_lmt_disableupdate":"","_lmt_disable":""},"product_brand":[],"product_cat":[593,518],"product_tag":[],"woo-feed-brand":[],"class_list":{"0":"post-48607","1":"product","2":"type-product","3":"status-publish","4":"has-post-thumbnail","6":"product_cat-belleza-y-salud-del-bebe","7":"product_cat-cuidado","9":"first","10":"instock","11":"taxable","12":"shipping-taxable","13":"purchasable","14":"product-type-simple"},"_links":{"self":[{"href":"https:\/\/www.bojungle.eu\/es\/wp-json\/wp\/v2\/product\/48607","targetHints":{"allow":["GET"]}}],"collection":[{"href":"https:\/\/www.bojungle.eu\/es\/wp-json\/wp\/v2\/product"}],"about":[{"href":"https:\/\/www.bojungle.eu\/es\/wp-json\/wp\/v2\/types\/product"}],"replies":[{"embeddable":true,"href":"https:\/\/www.bojungle.eu\/es\/wp-json\/wp\/v2\/comments?post=48607"}],"version-history":[{"count":1,"href":"https:\/\/www.bojungle.eu\/es\/wp-json\/wp\/v2\/product\/48607\/revisions"}],"predecessor-version":[{"id":78444,"href":"https:\/\/www.bojungle.eu\/es\/wp-json\/wp\/v2\/product\/48607\/revisions\/78444"}],"wp:featuredmedia":[{"embeddable":true,"href":"https:\/\/www.bojungle.eu\/es\/wp-json\/wp\/v2\/media\/79498"}],"wp:attachment":[{"href":"https:\/\/www.bojungle.eu\/es\/wp-json\/wp\/v2\/media?parent=48607"}],"wp:term":[{"taxonomy":"product_brand","embeddable":true,"href":"https:\/\/www.bojungle.eu\/es\/wp-json\/wp\/v2\/product_brand?post=48607"},{"taxonomy":"product_cat","embeddable":true,"href":"https:\/\/www.bojungle.eu\/es\/wp-json\/wp\/v2\/product_cat?post=48607"},{"taxonomy":"product_tag","embeddable":true,"href":"https:\/\/www.bojungle.eu\/es\/wp-json\/wp\/v2\/product_tag?post=48607"},{"taxonomy":"woo-feed-brand","embeddable":true,"href":"https:\/\/www.bojungle.eu\/es\/wp-json\/wp\/v2\/woo-feed-brand?post=48607"}],"curies":[{"name":"wp","href":"https:\/\/api.w.org\/{rel}","templated":true}]}}