{"id":49083,"date":"2023-10-11T14:08:01","date_gmt":"2023-10-11T12:08:01","guid":{"rendered":"https:\/\/www.bojungle.eu\/product\/vaso-para-beber-cuddly-koala-360\/"},"modified":"2024-04-16T15:22:41","modified_gmt":"2024-04-16T13:22:41","slug":"taza-bebe-de-koala-peluche-360","status":"publish","type":"product","link":"https:\/\/www.bojungle.eu\/es\/producto\/taza-bebe-de-koala-peluche-360\/","title":{"rendered":"Vaso para beber Cuddly Koala 360\u00b0"},"content":{"rendered":"<div class=\"w-full text-token-text-primary\" dir=\"auto\" data-testid=\"conversation-turn-5\">\n<div class=\"px-4 py-2 justify-center text-base md:gap-6 m-auto\">\n<div class=\"flex flex-1 text-base mx-auto gap-3 juice:gap-4 juice:md:gap-6 md:px-5 lg:px-1 xl:px-5 md:max-w-3xl lg:max-w-[40rem] xl:max-w-[48rem]\">\n<div class=\"relative flex w-full flex-col agent-turn\">\n<div class=\"flex-col gap-1 md:gap-3\">\n<div class=\"flex flex-grow flex-col max-w-full\">\n<div class=\"min-h-[20px] text-message flex flex-col items-start gap-3 whitespace-pre-wrap break-words [.text-message+&amp;]:mt-5 overflow-x-auto\" dir=\"auto\" data-message-author-role=\"assistant\" data-message-id=\"a5c48557-a76e-4d79-b8ea-5b87861ef68f\">\n<div class=\"markdown prose w-full break-words dark:prose-invert light\">\n<p>\u00a1Presentamos el vaso para beber Cuddly Koala 360\u00b0, el compa\u00f1ero perfecto para las aventuras de bebida de tu peque\u00f1o! Dise\u00f1ado pensando tanto en la diversi\u00f3n como en la funcionalidad, este innovador vaso de entrenamiento est\u00e1 dise\u00f1ado para facilitar la transici\u00f3n a beber de forma independiente. Con un dise\u00f1o divertido de 360\u00b0, esta taza anima a su hijo a beber y explorar desde cualquier \u00e1ngulo, fomentando habilidades esenciales para beber y manteniendo el desorden al m\u00ednimo. El borde de silicona integrado garantiza que el l\u00edquido fluya solo cuando su peque\u00f1o aplica presi\u00f3n, lo que reduce los derrames y permite una experiencia de bebida m\u00e1s controlada. Adornada con un adorable dise\u00f1o de koala, completa con encantadoras asas para un f\u00e1cil agarre y una pr\u00e1ctica tapa para mantener el contenido fresco entre sorbos, esta taza combina practicidad con una ternura irresistible. Diga adi\u00f3s a las fugas y derrames con nuestra tecnolog\u00eda antifugas, que le brinda tranquilidad durante cada sorbo. Con una generosa capacidad de 240 ml, es perfecto para saciar la sed de su hijo durante el juego o las aventuras mientras viaja. Y cuando llegue el momento de limpiar, simplemente m\u00e9telo en el lavavajillas para un mantenimiento sin esfuerzo, dej\u00e1ndote m\u00e1s tiempo para disfrutar momentos preciosos con tu peque\u00f1o. Haz que beber sea divertido y sin complicaciones con el vaso para beber Cuddly Koala 360\u00b0, \u00a1porque cada sorbo deber\u00eda ser una aventura! <\/p>\n<\/div>\n<\/div>\n<\/div>\n<\/div>\n<\/div>\n<\/div>\n<\/div>\n<\/div>\n","protected":false},"excerpt":{"rendered":"<p>\u00a1Descubre el vaso para beber Cuddly Koala 360\u00b0! Es una forma l\u00fadica para que tu peque\u00f1o aprenda a beber de forma independiente. Gracias al borde de silicona, se reducen los derrames, lo que lo convierte en una diversi\u00f3n sin complicaciones. Con su lindo dise\u00f1o de koala, asas para sujetarlo f\u00e1cilmente y una tapa para mantener las bebidas frescas, es adorable y pr\u00e1ctico. Adem\u00e1s, es a prueba de fugas y apto para lavavajillas para una f\u00e1cil limpieza. Con una capacidad de 240 ml, es perfecto para la sed de tu hijo. \u00a1Saluda a beber sin problemas con el vaso para beber Cuddly Koala 360\u00b0!      <\/p>\n","protected":false},"featured_media":73821,"comment_status":"closed","ping_status":"closed","template":"","meta":{"_lmt_disableupdate":"","_lmt_disable":""},"product_brand":[],"product_cat":[462,466],"product_tag":[],"woo-feed-brand":[],"class_list":{"0":"post-49083","1":"product","2":"type-product","3":"status-publish","4":"has-post-thumbnail","6":"product_cat-comida-y-bebida","7":"product_cat-preparacion-de-comidas","9":"first","10":"instock","11":"taxable","12":"shipping-taxable","13":"purchasable","14":"product-type-simple"},"_links":{"self":[{"href":"https:\/\/www.bojungle.eu\/es\/wp-json\/wp\/v2\/product\/49083","targetHints":{"allow":["GET"]}}],"collection":[{"href":"https:\/\/www.bojungle.eu\/es\/wp-json\/wp\/v2\/product"}],"about":[{"href":"https:\/\/www.bojungle.eu\/es\/wp-json\/wp\/v2\/types\/product"}],"replies":[{"embeddable":true,"href":"https:\/\/www.bojungle.eu\/es\/wp-json\/wp\/v2\/comments?post=49083"}],"version-history":[{"count":1,"href":"https:\/\/www.bojungle.eu\/es\/wp-json\/wp\/v2\/product\/49083\/revisions"}],"predecessor-version":[{"id":73880,"href":"https:\/\/www.bojungle.eu\/es\/wp-json\/wp\/v2\/product\/49083\/revisions\/73880"}],"wp:featuredmedia":[{"embeddable":true,"href":"https:\/\/www.bojungle.eu\/es\/wp-json\/wp\/v2\/media\/73821"}],"wp:attachment":[{"href":"https:\/\/www.bojungle.eu\/es\/wp-json\/wp\/v2\/media?parent=49083"}],"wp:term":[{"taxonomy":"product_brand","embeddable":true,"href":"https:\/\/www.bojungle.eu\/es\/wp-json\/wp\/v2\/product_brand?post=49083"},{"taxonomy":"product_cat","embeddable":true,"href":"https:\/\/www.bojungle.eu\/es\/wp-json\/wp\/v2\/product_cat?post=49083"},{"taxonomy":"product_tag","embeddable":true,"href":"https:\/\/www.bojungle.eu\/es\/wp-json\/wp\/v2\/product_tag?post=49083"},{"taxonomy":"woo-feed-brand","embeddable":true,"href":"https:\/\/www.bojungle.eu\/es\/wp-json\/wp\/v2\/woo-feed-brand?post=49083"}],"curies":[{"name":"wp","href":"https:\/\/api.w.org\/{rel}","templated":true}]}}