{"id":64871,"date":"2024-01-26T13:24:53","date_gmt":"2024-01-26T12:24:53","guid":{"rendered":"https:\/\/www.bojungle.eu\/product\/termometro-digital\/"},"modified":"2025-05-15T13:18:21","modified_gmt":"2025-05-15T11:18:21","slug":"termometro-digital","status":"publish","type":"product","link":"https:\/\/www.bojungle.eu\/es\/producto\/termometro-digital\/","title":{"rendered":"Term\u00f3metro digital"},"content":{"rendered":"<p>Nuestro term\u00f3metro digital ofrece lecturas r\u00e1pidas y fiables para toda la familia, con una precisi\u00f3n de 0,1 grados. Esta precisi\u00f3n le garantiza los resultados m\u00e1s fiables en todo momento, tanto si se trata de un peque\u00f1o control de la fiebre como de un control rutinario. <\/p>\n<p>Dise\u00f1ado con una punta blanda y flexible, este term\u00f3metro es c\u00f3modo y suave tanto para ni\u00f1os como para adultos, por lo que resulta f\u00e1cil de usar incluso para los pacientes m\u00e1s peque\u00f1os. Su construcci\u00f3n sin BPA garantiza un uso seguro, libre de productos qu\u00edmicos nocivos. La pantalla LCD de f\u00e1cil lectura muestra lecturas claras, lo que le permite obtener resultados de un vistazo.  <\/p>\n<p>Tanto si necesita comprobar las temperaturas r\u00e1pidamente como controlarlas a lo largo del tiempo, nuestro term\u00f3metro digital combina eficacia y seguridad en una sencilla herramienta.<\/p>\n<p>&nbsp;<\/p>\n<table border=\"1\">\n<tbody>\n<tr>\n<td>Manual<\/td>\n<td><a href=\"https:\/\/www.bojungle.eu\/wp-content\/uploads\/2025\/05\/B400400.jpg\">Haga clic aqu\u00ed<\/a><\/td>\n<\/tr>\n<\/tbody>\n<\/table>\n<p>&nbsp;<\/p>\n","protected":false},"excerpt":{"rendered":"<p><span class=\"OYPEnA text-decoration-none text-strikethrough-none\">Este term\u00f3metro digital le brinda una lectura confiable y precisa. Gracias a su forma y punta flexible, la temperatura corporal se puede medir por v\u00eda oral, rectal o a trav\u00e9s de la axila. Despu\u00e9s del pitido, puede leer la temperatura corporal exacta en la pantalla LCD.<\/span><\/p>\n","protected":false},"featured_media":64862,"comment_status":"closed","ping_status":"closed","template":"","meta":{"_lmt_disableupdate":"","_lmt_disable":""},"product_brand":[],"product_cat":[593,518],"product_tag":[],"woo-feed-brand":[],"class_list":{"0":"post-64871","1":"product","2":"type-product","3":"status-publish","4":"has-post-thumbnail","6":"product_cat-belleza-y-salud-del-bebe","7":"product_cat-cuidado","9":"first","10":"instock","11":"taxable","12":"shipping-taxable","13":"purchasable","14":"product-type-simple"},"_links":{"self":[{"href":"https:\/\/www.bojungle.eu\/es\/wp-json\/wp\/v2\/product\/64871","targetHints":{"allow":["GET"]}}],"collection":[{"href":"https:\/\/www.bojungle.eu\/es\/wp-json\/wp\/v2\/product"}],"about":[{"href":"https:\/\/www.bojungle.eu\/es\/wp-json\/wp\/v2\/types\/product"}],"replies":[{"embeddable":true,"href":"https:\/\/www.bojungle.eu\/es\/wp-json\/wp\/v2\/comments?post=64871"}],"version-history":[{"count":2,"href":"https:\/\/www.bojungle.eu\/es\/wp-json\/wp\/v2\/product\/64871\/revisions"}],"predecessor-version":[{"id":79748,"href":"https:\/\/www.bojungle.eu\/es\/wp-json\/wp\/v2\/product\/64871\/revisions\/79748"}],"wp:featuredmedia":[{"embeddable":true,"href":"https:\/\/www.bojungle.eu\/es\/wp-json\/wp\/v2\/media\/64862"}],"wp:attachment":[{"href":"https:\/\/www.bojungle.eu\/es\/wp-json\/wp\/v2\/media?parent=64871"}],"wp:term":[{"taxonomy":"product_brand","embeddable":true,"href":"https:\/\/www.bojungle.eu\/es\/wp-json\/wp\/v2\/product_brand?post=64871"},{"taxonomy":"product_cat","embeddable":true,"href":"https:\/\/www.bojungle.eu\/es\/wp-json\/wp\/v2\/product_cat?post=64871"},{"taxonomy":"product_tag","embeddable":true,"href":"https:\/\/www.bojungle.eu\/es\/wp-json\/wp\/v2\/product_tag?post=64871"},{"taxonomy":"woo-feed-brand","embeddable":true,"href":"https:\/\/www.bojungle.eu\/es\/wp-json\/wp\/v2\/woo-feed-brand?post=64871"}],"curies":[{"name":"wp","href":"https:\/\/api.w.org\/{rel}","templated":true}]}}