{"id":64894,"date":"2024-01-26T14:44:14","date_gmt":"2024-01-26T13:44:14","guid":{"rendered":"https:\/\/www.bojungle.eu\/product\/dobbs-alfombra-de-bano-antideslizante\/"},"modified":"2024-08-26T13:47:50","modified_gmt":"2024-08-26T11:47:50","slug":"dobbs-alfombra-de-bano-antideslizante","status":"publish","type":"product","link":"https:\/\/www.bojungle.eu\/es\/producto\/dobbs-alfombra-de-bano-antideslizante\/","title":{"rendered":"Dobbs &#8211; Alfombra de ba\u00f1o antideslizante"},"content":{"rendered":"<p>\u00bfLas paredes de la ba\u00f1era o los platos de ducha resbaladizos hacen que la hora del ba\u00f1o sea una experiencia angustiosa? Con nuestra alfombrilla de ba\u00f1o antideslizante Dobbs, puede transformar su cuarto de ba\u00f1o en un espacio seguro y divertido para su peque\u00f1o. Esta adorable alfombrilla de ba\u00f1o con una ballena juguetona est\u00e1 dise\u00f1ada para mantener a su hijo seguro y feliz mientras se ba\u00f1a o se ducha. La alfombrilla de ba\u00f1o antideslizante Dobbs est\u00e1 equipada con m\u00faltiples ventosas en la parte inferior, lo que garantiza que se mantenga firmemente en su sitio sobre cualquier superficie lisa, evitando resbalones y ca\u00eddas. Su cuidado dise\u00f1o incluye un pr\u00e1ctico orificio en la cola, que le permite colgar f\u00e1cilmente la alfombrilla para que se seque despu\u00e9s de usarla. Tambi\u00e9n hemos incluido un pr\u00e1ctico gancho con ventosa, para que pueda guardar la alfombrilla de ba\u00f1o ordenadamente y prepararla para la pr\u00f3xima aventura salpicosa.      <strong>Caracter\u00edsticas principales:<\/strong><\/p>\n<ul>\n<li><strong>Dise\u00f1os adorables:<\/strong> Una alegre ballena para que la hora del ba\u00f1o sea m\u00e1s divertida.<\/li>\n<li><strong>Superficie antideslizante:<\/strong> Mantiene a su hijo a salvo de resbalones en la ba\u00f1era o la ducha.<\/li>\n<li><strong>Ventosas seguras: <\/strong>Fuerte agarre al suelo de la ba\u00f1era o ducha para evitar accidentes.<\/li>\n<li><strong>F\u00e1cil de secar:<\/strong> El orificio incorporado permite colgarlo y secarlo f\u00e1cilmente en el gancho incluido.<\/li>\n<li><strong>Pr\u00e1ctico gancho: <\/strong>Viene con un gancho de ventosa para un f\u00e1cil almacenamiento cuando no est\u00e9 en uso.<\/li>\n<\/ul>\n<p> Haga que la hora del ba\u00f1o sea segura y divertida con la alfombrilla de ba\u00f1o antideslizante Dobbs. Perfecta para ni\u00f1os a los que les encanta divertirse y padres que valoran la seguridad.  &nbsp;<\/p>\n","protected":false},"excerpt":{"rendered":"<p>\u00a1Aporta seguridad y diversi\u00f3n a la hora del ba\u00f1o con la alfombrilla de ba\u00f1o antideslizante Dobbs! Esta adorable alfombrilla con forma de ballena tiene una superficie antideslizante y m\u00faltiples ventosas para agarrarse firmemente al suelo de la ba\u00f1era o la ducha, evitando resbalones y ca\u00eddas. Un pr\u00e1ctico orificio en la cola de la ballena facilita colgarla para secarla en el gancho con ventosa incluido. Perfecto para los m\u00e1s peque\u00f1os a los que les encantan las aventuras con salpicaduras.   <\/p>\n","protected":false},"featured_media":64882,"comment_status":"closed","ping_status":"closed","template":"","meta":{"_lmt_disableupdate":"","_lmt_disable":""},"product_brand":[],"product_cat":[592,518],"product_tag":[],"woo-feed-brand":[],"class_list":{"0":"post-64894","1":"product","2":"type-product","3":"status-publish","4":"has-post-thumbnail","6":"product_cat-bebe-en-la-banera","7":"product_cat-cuidado","9":"first","10":"instock","11":"taxable","12":"shipping-taxable","13":"purchasable","14":"product-type-simple"},"_links":{"self":[{"href":"https:\/\/www.bojungle.eu\/es\/wp-json\/wp\/v2\/product\/64894","targetHints":{"allow":["GET"]}}],"collection":[{"href":"https:\/\/www.bojungle.eu\/es\/wp-json\/wp\/v2\/product"}],"about":[{"href":"https:\/\/www.bojungle.eu\/es\/wp-json\/wp\/v2\/types\/product"}],"replies":[{"embeddable":true,"href":"https:\/\/www.bojungle.eu\/es\/wp-json\/wp\/v2\/comments?post=64894"}],"version-history":[{"count":1,"href":"https:\/\/www.bojungle.eu\/es\/wp-json\/wp\/v2\/product\/64894\/revisions"}],"predecessor-version":[{"id":76535,"href":"https:\/\/www.bojungle.eu\/es\/wp-json\/wp\/v2\/product\/64894\/revisions\/76535"}],"wp:featuredmedia":[{"embeddable":true,"href":"https:\/\/www.bojungle.eu\/es\/wp-json\/wp\/v2\/media\/64882"}],"wp:attachment":[{"href":"https:\/\/www.bojungle.eu\/es\/wp-json\/wp\/v2\/media?parent=64894"}],"wp:term":[{"taxonomy":"product_brand","embeddable":true,"href":"https:\/\/www.bojungle.eu\/es\/wp-json\/wp\/v2\/product_brand?post=64894"},{"taxonomy":"product_cat","embeddable":true,"href":"https:\/\/www.bojungle.eu\/es\/wp-json\/wp\/v2\/product_cat?post=64894"},{"taxonomy":"product_tag","embeddable":true,"href":"https:\/\/www.bojungle.eu\/es\/wp-json\/wp\/v2\/product_tag?post=64894"},{"taxonomy":"woo-feed-brand","embeddable":true,"href":"https:\/\/www.bojungle.eu\/es\/wp-json\/wp\/v2\/woo-feed-brand?post=64894"}],"curies":[{"name":"wp","href":"https:\/\/api.w.org\/{rel}","templated":true}]}}