{"id":64986,"date":"2024-01-29T15:06:24","date_gmt":"2024-01-29T14:06:24","guid":{"rendered":"https:\/\/www.bojungle.eu\/product\/cucharas-blandas-de-silicona-blanco-gris-azul\/"},"modified":"2025-11-26T10:18:57","modified_gmt":"2025-11-26T09:18:57","slug":"cucharas-blandas-de-silicona-blanco-gris-azul","status":"publish","type":"product","link":"https:\/\/www.bojungle.eu\/es\/producto\/cucharas-blandas-de-silicona-blanco-gris-azul\/","title":{"rendered":"Cucharas blandas de silicona (Blanco-Gris-Azul)"},"content":{"rendered":"<ul>\n<li>Punta blanda de silicona<\/li>\n<li>Frente plano<\/li>\n<li>Apto para lavavajillas<\/li>\n<li>Sin BPA<\/li>\n<\/ul>\n","protected":false},"excerpt":{"rendered":"<p>La cuchara ideal para los primeros bocados. Gracias a su suave punta de silicona, las enc\u00edas de tu peque\u00f1o est\u00e1n siempre protegidas. La parte delantera plana hace que desenganchar los alimentos sea mucho m\u00e1s f\u00e1cil. Las cucharas son aptas para lavavajillas y se venden en un juego de 3.<\/p>\n","protected":false},"featured_media":64933,"comment_status":"closed","ping_status":"closed","template":"","meta":{"_lmt_disableupdate":"","_lmt_disable":""},"product_brand":[],"product_cat":[462,557],"product_tag":[],"woo-feed-brand":[],"class_list":{"0":"post-64986","1":"product","2":"type-product","3":"status-publish","4":"has-post-thumbnail","6":"product_cat-comida-y-bebida","7":"product_cat-hora-de-cenar","9":"first","10":"outofstock","11":"taxable","12":"shipping-taxable","13":"purchasable","14":"product-type-simple"},"_links":{"self":[{"href":"https:\/\/www.bojungle.eu\/es\/wp-json\/wp\/v2\/product\/64986","targetHints":{"allow":["GET"]}}],"collection":[{"href":"https:\/\/www.bojungle.eu\/es\/wp-json\/wp\/v2\/product"}],"about":[{"href":"https:\/\/www.bojungle.eu\/es\/wp-json\/wp\/v2\/types\/product"}],"replies":[{"embeddable":true,"href":"https:\/\/www.bojungle.eu\/es\/wp-json\/wp\/v2\/comments?post=64986"}],"version-history":[{"count":0,"href":"https:\/\/www.bojungle.eu\/es\/wp-json\/wp\/v2\/product\/64986\/revisions"}],"wp:featuredmedia":[{"embeddable":true,"href":"https:\/\/www.bojungle.eu\/es\/wp-json\/wp\/v2\/media\/64933"}],"wp:attachment":[{"href":"https:\/\/www.bojungle.eu\/es\/wp-json\/wp\/v2\/media?parent=64986"}],"wp:term":[{"taxonomy":"product_brand","embeddable":true,"href":"https:\/\/www.bojungle.eu\/es\/wp-json\/wp\/v2\/product_brand?post=64986"},{"taxonomy":"product_cat","embeddable":true,"href":"https:\/\/www.bojungle.eu\/es\/wp-json\/wp\/v2\/product_cat?post=64986"},{"taxonomy":"product_tag","embeddable":true,"href":"https:\/\/www.bojungle.eu\/es\/wp-json\/wp\/v2\/product_tag?post=64986"},{"taxonomy":"woo-feed-brand","embeddable":true,"href":"https:\/\/www.bojungle.eu\/es\/wp-json\/wp\/v2\/woo-feed-brand?post=64986"}],"curies":[{"name":"wp","href":"https:\/\/api.w.org\/{rel}","templated":true}]}}