{"id":76655,"date":"2024-10-30T12:39:54","date_gmt":"2024-10-30T11:39:54","guid":{"rendered":"https:\/\/www.bojungle.eu\/?post_type=product&#038;p=76655"},"modified":"2025-06-05T10:17:40","modified_gmt":"2025-06-05T08:17:40","slug":"mesa-cambiador-balneo-color-blanco-puro","status":"publish","type":"product","link":"https:\/\/www.bojungle.eu\/es\/producto\/mesa-cambiador-balneo-color-blanco-puro\/","title":{"rendered":"Mesa cambiador Balneo color blanco puro"},"content":{"rendered":"<p>El cambiador Balneo es un gran complemento para el dormitorio de cualquier ni\u00f1o. Combina estilo y practicidad, con un dise\u00f1o sencillo y moderno que queda muy bien en cualquier espacio. El cambiador viene en dos colores neutros, Blanco Puro y Gris Sombreado, por lo que puede combinar f\u00e1cilmente con otros muebles. Tambi\u00e9n tiene robustas patas de madera, que a\u00f1aden un toque c\u00e1lido y natural a su aspecto limpio.   <\/p>\n<p>La mesa est\u00e1 dise\u00f1ada para facilitar al m\u00e1ximo el cambio de pa\u00f1ales y el cuidado del beb\u00e9. Incluye una pr\u00e1ctica bolsa de almacenamiento y una papelera, para que todos los art\u00edculos esenciales est\u00e9n siempre a mano. Esto ayuda a mantener la habitaci\u00f3n del beb\u00e9 organizada y libre de desorden, permitiendo a los padres centrarse en su beb\u00e9.  <\/p>\n<p>Para hacer las cosas a\u00fan m\u00e1s c\u00f3modas, las fundas para el cambiador est\u00e1n disponibles por separado. Estas fundas ayudan a mantener el cambiador limpio y ordenado, facilitando su mantenimiento. El cambiador Balneo es una opci\u00f3n pr\u00e1ctica y elegante para cualquier habitaci\u00f3n infantil, ya que ofrece funcionalidad y un dise\u00f1o bonito y sencillo.  <\/p>\n<table border=\"1\">\n<tbody>\n<tr>\n<td>Manual<\/td>\n<td><a href=\"https:\/\/www.bojungle.eu\/wp-content\/uploads\/2025\/05\/B430200-B430210-Manual-Changing-Table.pdf\">Haga clic aqu\u00ed<\/a><\/td>\n<\/tr>\n<\/tbody>\n<\/table>\n","protected":false},"excerpt":{"rendered":"<p><span class=\"OYPEnA font-feature-liga-off font-feature-clig-off font-feature-calt-off text-decoration-none text-strikethrough-none\">El cambiador Balneo es el complemento ideal para el dormitorio de cualquier ni\u00f1o. Este bonito cambiador combina funcionalidad con un dise\u00f1o limpio y minimalista y est\u00e1 disponible en dos colores neutros: blanco puro y gris oscuro. Ambas variantes cuentan con patas de madera resistentes que aportan un toque c\u00e1lido y natural al aspecto moderno del cambiador. Para mayor comodidad y protecci\u00f3n, las fundas est\u00e1n disponibles por separado, lo que mantiene el cambiador limpio y ordenado.   <\/span><\/p>\n","protected":false},"featured_media":76556,"comment_status":"closed","ping_status":"closed","template":"","meta":{"_lmt_disableupdate":"","_lmt_disable":""},"product_brand":[],"product_cat":[518,593],"product_tag":[],"woo-feed-brand":[],"class_list":{"0":"post-76655","1":"product","2":"type-product","3":"status-publish","4":"has-post-thumbnail","6":"product_cat-cuidado","7":"product_cat-belleza-y-salud-del-bebe","9":"first","10":"instock","11":"featured","12":"taxable","13":"shipping-taxable","14":"purchasable","15":"product-type-simple"},"_links":{"self":[{"href":"https:\/\/www.bojungle.eu\/es\/wp-json\/wp\/v2\/product\/76655","targetHints":{"allow":["GET"]}}],"collection":[{"href":"https:\/\/www.bojungle.eu\/es\/wp-json\/wp\/v2\/product"}],"about":[{"href":"https:\/\/www.bojungle.eu\/es\/wp-json\/wp\/v2\/types\/product"}],"replies":[{"embeddable":true,"href":"https:\/\/www.bojungle.eu\/es\/wp-json\/wp\/v2\/comments?post=76655"}],"version-history":[{"count":2,"href":"https:\/\/www.bojungle.eu\/es\/wp-json\/wp\/v2\/product\/76655\/revisions"}],"predecessor-version":[{"id":80029,"href":"https:\/\/www.bojungle.eu\/es\/wp-json\/wp\/v2\/product\/76655\/revisions\/80029"}],"wp:featuredmedia":[{"embeddable":true,"href":"https:\/\/www.bojungle.eu\/es\/wp-json\/wp\/v2\/media\/76556"}],"wp:attachment":[{"href":"https:\/\/www.bojungle.eu\/es\/wp-json\/wp\/v2\/media?parent=76655"}],"wp:term":[{"taxonomy":"product_brand","embeddable":true,"href":"https:\/\/www.bojungle.eu\/es\/wp-json\/wp\/v2\/product_brand?post=76655"},{"taxonomy":"product_cat","embeddable":true,"href":"https:\/\/www.bojungle.eu\/es\/wp-json\/wp\/v2\/product_cat?post=76655"},{"taxonomy":"product_tag","embeddable":true,"href":"https:\/\/www.bojungle.eu\/es\/wp-json\/wp\/v2\/product_tag?post=76655"},{"taxonomy":"woo-feed-brand","embeddable":true,"href":"https:\/\/www.bojungle.eu\/es\/wp-json\/wp\/v2\/woo-feed-brand?post=76655"}],"curies":[{"name":"wp","href":"https:\/\/api.w.org\/{rel}","templated":true}]}}