{"id":76788,"date":"2024-08-27T16:36:21","date_gmt":"2024-08-27T14:36:21","guid":{"rendered":"https:\/\/www.bojungle.eu\/?post_type=product&#038;p=76788"},"modified":"2025-04-15T15:07:07","modified_gmt":"2025-04-15T13:07:07","slug":"funda-almohada-cambiador-gris","status":"publish","type":"product","link":"https:\/\/www.bojungle.eu\/es\/producto\/funda-almohada-cambiador-gris\/","title":{"rendered":"Funda Almohada Cambiador Gris"},"content":{"rendered":"<p><span class=\"OYPEnA font-feature-liga-off font-feature-clig-off font-feature-calt-off text-decoration-none text-strikethrough-none\">El coj\u00edn cambiador Cover Grey es perfecto para el cambiador Balneo de Bo Jungle. El suave material proporciona comodidad para la delicada piel de su beb\u00e9. La almohada es f\u00e1cil de sustituir, lo que facilita el cambio y lo hace m\u00e1s higi\u00e9nico. <\/span><\/p>\n<ul>\n<li><span class=\"OYPEnA font-feature-liga-off font-feature-clig-off font-feature-calt-off text-decoration-none text-strikethrough-none\">Compatible con el cambiador Balneo de Bo Jungle<\/span><\/li>\n<li>Sensaci\u00f3n agradable para la delicada piel del beb\u00e9<\/li>\n<li>F\u00e1cil de cambiar<\/li>\n<\/ul>\n","protected":false},"excerpt":{"rendered":"<p><span class=\"OYPEnA font-feature-liga-off font-feature-clig-off font-feature-calt-off text-decoration-none text-strikethrough-none\">El coj\u00edn cambiador Cover Grey es perfecto para el cambiador Balneo de Bo Jungle. El suave material proporciona comodidad para la delicada piel de su beb\u00e9. La almohada es f\u00e1cil de sustituir, lo que facilita el cambio y lo hace m\u00e1s higi\u00e9nico. <\/span><\/p>\n","protected":false},"featured_media":76736,"comment_status":"closed","ping_status":"closed","template":"","meta":{"_lmt_disableupdate":"no","_lmt_disable":""},"product_brand":[],"product_cat":[593,518],"product_tag":[],"woo-feed-brand":[],"class_list":{"0":"post-76788","1":"product","2":"type-product","3":"status-publish","4":"has-post-thumbnail","6":"product_cat-belleza-y-salud-del-bebe","7":"product_cat-cuidado","9":"first","10":"instock","11":"taxable","12":"shipping-taxable","13":"purchasable","14":"product-type-simple"},"_links":{"self":[{"href":"https:\/\/www.bojungle.eu\/es\/wp-json\/wp\/v2\/product\/76788","targetHints":{"allow":["GET"]}}],"collection":[{"href":"https:\/\/www.bojungle.eu\/es\/wp-json\/wp\/v2\/product"}],"about":[{"href":"https:\/\/www.bojungle.eu\/es\/wp-json\/wp\/v2\/types\/product"}],"replies":[{"embeddable":true,"href":"https:\/\/www.bojungle.eu\/es\/wp-json\/wp\/v2\/comments?post=76788"}],"version-history":[{"count":2,"href":"https:\/\/www.bojungle.eu\/es\/wp-json\/wp\/v2\/product\/76788\/revisions"}],"predecessor-version":[{"id":79595,"href":"https:\/\/www.bojungle.eu\/es\/wp-json\/wp\/v2\/product\/76788\/revisions\/79595"}],"wp:featuredmedia":[{"embeddable":true,"href":"https:\/\/www.bojungle.eu\/es\/wp-json\/wp\/v2\/media\/76736"}],"wp:attachment":[{"href":"https:\/\/www.bojungle.eu\/es\/wp-json\/wp\/v2\/media?parent=76788"}],"wp:term":[{"taxonomy":"product_brand","embeddable":true,"href":"https:\/\/www.bojungle.eu\/es\/wp-json\/wp\/v2\/product_brand?post=76788"},{"taxonomy":"product_cat","embeddable":true,"href":"https:\/\/www.bojungle.eu\/es\/wp-json\/wp\/v2\/product_cat?post=76788"},{"taxonomy":"product_tag","embeddable":true,"href":"https:\/\/www.bojungle.eu\/es\/wp-json\/wp\/v2\/product_tag?post=76788"},{"taxonomy":"woo-feed-brand","embeddable":true,"href":"https:\/\/www.bojungle.eu\/es\/wp-json\/wp\/v2\/woo-feed-brand?post=76788"}],"curies":[{"name":"wp","href":"https:\/\/api.w.org\/{rel}","templated":true}]}}