{"id":76959,"date":"2024-09-10T09:30:51","date_gmt":"2024-09-10T07:30:51","guid":{"rendered":"https:\/\/www.bojungle.eu\/?post_type=product&#038;p=76959"},"modified":"2024-09-10T09:31:00","modified_gmt":"2024-09-10T07:31:00","slug":"el-juego-del-escondite-de-ellie","status":"publish","type":"product","link":"https:\/\/www.bojungle.eu\/es\/producto\/el-juego-del-escondite-de-ellie\/","title":{"rendered":"El juego del escondite de ELLIE"},"content":{"rendered":"<p>ELLIE\u2019s Hide \u2018n Seek es un adorable y divertido elefante musical que aporta diversi\u00f3n y aprendizaje sin fin al tiempo de juego de tu hijo. Este juguete interactivo est\u00e1 dise\u00f1ado para entretener y cautivar con sus colores brillantes y sonidos encantadores.  Caracter\u00edsticas: <\/p>\n<ul>\n<li><strong>Tres modos divertidos: <\/strong>\u00a1Cambia f\u00e1cilmente entre tres modos emocionantes con un solo bot\u00f3n! Elige entre efectos de sonido geniales, sonidos divertidos de animales o melod\u00edas pegadizas. Cada modo ofrece una forma diferente de jugar y aprender, manteniendo a tu peque\u00f1o entretenido durante horas.  <\/li>\n<li><strong>Juego interactivo:<\/strong> \u00a1Presiona los botones para revelar los adorables animales que se esconden en el interior! A medida que tu hijo interact\u00faa con ELLIE, estar\u00e1 encantado de ver a los adorables animales saltar, lo que agregar\u00e1 un elemento de sorpresa y emoci\u00f3n a su juego. <\/li>\n<li><strong>Aprendizaje atractivo:<\/strong> El juego de las escondidas de ELLIE no solo es divertido, sino que tambi\u00e9n est\u00e1 dise\u00f1ado para fomentar el aprendizaje y el descubrimiento. \u00a1Anima a tu hijo a explorar sonidos y desarrollar habilidades motoras finas mientras se divierte! <\/li>\n<li><strong>Volumen ajustable: <\/strong>con configuraciones de volumen alto y bajo, puedes controlar el sonido para que se adapte a tu entorno. Ya sea que est\u00e9s en un momento de silencio o de juego, ELLIE se adapta perfectamente. <\/li>\n<li><strong>Lista para jugar: <\/strong>ELLIE incluye tres pilas \u00abAAA\u00bb de 1,5 V, por lo que tu hijo puede empezar a jugar de inmediato. \u00a1No es necesario realizar compras adicionales! <\/li>\n<\/ul>\n<p> Prep\u00e1rate para re\u00edrte sin fin y vivir aventuras con ELLIE\u2019s Hide \u2018n Seek: \u00a1el elefante amigo perfecto para jugar de forma interactiva y aprender de forma divertida!<\/p>\n","protected":false},"excerpt":{"rendered":"<p>Saluda a \u00abELLIE&#8217;S Hide &#8216;n Seek\u00bb, \u00a1el elefante musical de juguete s\u00faper divertido! Tiene tres modos que puedes cambiar con un bot\u00f3n: efectos de sonido geniales, sonidos de animales y melod\u00edas pegadizas. \u00a1Presiona los botones para encontrar y ver animales adorables saltando! ELLIE&#8217;S Hide &#8216;n Seek se trata de divertirse y aprender. \u00a1Prep\u00e1rate para muchas risas y aventuras con este dulce amigo elefante!    <\/p>\n","protected":false},"featured_media":76898,"comment_status":"closed","ping_status":"closed","template":"","meta":{"_lmt_disableupdate":"","_lmt_disable":""},"product_brand":[],"product_cat":[503,622,476],"product_tag":[],"woo-feed-brand":[],"class_list":{"0":"post-76959","1":"product","2":"type-product","3":"status-publish","4":"has-post-thumbnail","6":"product_cat-juguetes-de-colores","7":"product_cat-juguetes-musicales","8":"product_cat-tiempo-de-juego","10":"first","11":"instock","12":"taxable","13":"shipping-taxable","14":"purchasable","15":"product-type-simple"},"_links":{"self":[{"href":"https:\/\/www.bojungle.eu\/es\/wp-json\/wp\/v2\/product\/76959","targetHints":{"allow":["GET"]}}],"collection":[{"href":"https:\/\/www.bojungle.eu\/es\/wp-json\/wp\/v2\/product"}],"about":[{"href":"https:\/\/www.bojungle.eu\/es\/wp-json\/wp\/v2\/types\/product"}],"replies":[{"embeddable":true,"href":"https:\/\/www.bojungle.eu\/es\/wp-json\/wp\/v2\/comments?post=76959"}],"version-history":[{"count":1,"href":"https:\/\/www.bojungle.eu\/es\/wp-json\/wp\/v2\/product\/76959\/revisions"}],"predecessor-version":[{"id":77492,"href":"https:\/\/www.bojungle.eu\/es\/wp-json\/wp\/v2\/product\/76959\/revisions\/77492"}],"wp:featuredmedia":[{"embeddable":true,"href":"https:\/\/www.bojungle.eu\/es\/wp-json\/wp\/v2\/media\/76898"}],"wp:attachment":[{"href":"https:\/\/www.bojungle.eu\/es\/wp-json\/wp\/v2\/media?parent=76959"}],"wp:term":[{"taxonomy":"product_brand","embeddable":true,"href":"https:\/\/www.bojungle.eu\/es\/wp-json\/wp\/v2\/product_brand?post=76959"},{"taxonomy":"product_cat","embeddable":true,"href":"https:\/\/www.bojungle.eu\/es\/wp-json\/wp\/v2\/product_cat?post=76959"},{"taxonomy":"product_tag","embeddable":true,"href":"https:\/\/www.bojungle.eu\/es\/wp-json\/wp\/v2\/product_tag?post=76959"},{"taxonomy":"woo-feed-brand","embeddable":true,"href":"https:\/\/www.bojungle.eu\/es\/wp-json\/wp\/v2\/woo-feed-brand?post=76959"}],"curies":[{"name":"wp","href":"https:\/\/api.w.org\/{rel}","templated":true}]}}