{"id":76974,"date":"2024-09-10T09:27:36","date_gmt":"2024-09-10T07:27:36","guid":{"rendered":"https:\/\/www.bojungle.eu\/?post_type=product&#038;p=76974"},"modified":"2024-09-10T09:27:46","modified_gmt":"2024-09-10T07:27:46","slug":"pez-payaso-tonto","status":"publish","type":"product","link":"https:\/\/www.bojungle.eu\/es\/producto\/pez-payaso-tonto\/","title":{"rendered":"Pez payaso tonto"},"content":{"rendered":"<p>Sum\u00e9rgete en un mundo de diversi\u00f3n y m\u00fasica con nuestro pez payaso Goofy, el mejor juguete musical dise\u00f1ado para brindar alegr\u00eda y entretenimiento a tu peque\u00f1o. Este adorable pez payaso est\u00e1 repleto de funciones interactivas que mantendr\u00e1n a tu hijo entretenido durante horas.  <strong>Caracter\u00edsticas:<\/strong><\/p>\n<ul>\n<li><strong>Tres modos de juego: <\/strong>con un simple bot\u00f3n, tu hijo puede cambiar f\u00e1cilmente entre tres modos emocionantes: sonidos de animales divertidos, canciones de cuna relajantes y melod\u00edas pegadizas. \u00a1Hay algo para cada estado de \u00e1nimo y momento! <\/li>\n<li><strong>Bot\u00f3n de luz intermitente: <\/strong>\u00a1Agregue un toque de emoci\u00f3n con el bot\u00f3n de luz intermitente! Es perfecto para la estimulaci\u00f3n visual y para mejorar la experiencia musical. <\/li>\n<li><strong>Cinco botones musicales: <\/strong>explora una diversi\u00f3n musical sin l\u00edmites con cinco botones diferentes que cambian con cada modo y ofrecen una variedad de canciones y sonidos para disfrutar. \u00a1A tu hijo le encantar\u00e1 descubrir nuevas melod\u00edas y ritmos! <\/li>\n<li><strong>Listo para jugar: <\/strong>el pez payaso Goofy viene con 2 bater\u00edas \u00abAAA\u00bb de 1,5 V incluidas, por lo que la diversi\u00f3n puede comenzar inmediatamente despu\u00e9s de abrir la caja.<\/li>\n<\/ul>\n<p> \u00a1Prep\u00e1rate para disfrutar de muchas risas, m\u00fasica y luces de colores con nuestro pez payaso divertido! Este juguete es perfecto para desarrollar las habilidades auditivas y sensoriales y, al mismo tiempo, sacar una sonrisa al rostro de tu hijo. \u00a1Sum\u00e9rgete en una aventura musical hoy mismo!  <\/p>\n","protected":false},"excerpt":{"rendered":"<p>Conoce a nuestro pez payaso Goofy: \u00a1el divertido juguete musical para tu hijo! Con un simple bot\u00f3n, pueden cambiar entre sonidos de animales, canciones de cuna relajantes y melod\u00edas pegadizas. \u00a1Tambi\u00e9n hay un bot\u00f3n que hace que las luces parpadeen para mayor diversi\u00f3n! Con cinco botones de m\u00fasica que cambian con cada modo, puedes encontrar f\u00e1cilmente nuevas canciones para disfrutar. Y viene con 2 pilas \u00abAAA\u00bb de 1,5 V, por lo que la diversi\u00f3n puede comenzar de inmediato. \u00a1Prep\u00e1rate para muchas risas y m\u00fasica con nuestro pez payaso Goofy!     <\/p>\n","protected":false},"featured_media":76984,"comment_status":"closed","ping_status":"closed","template":"","meta":{"_lmt_disableupdate":"","_lmt_disable":""},"product_brand":[],"product_cat":[476,503,622],"product_tag":[],"woo-feed-brand":[],"class_list":{"0":"post-76974","1":"product","2":"type-product","3":"status-publish","4":"has-post-thumbnail","6":"product_cat-tiempo-de-juego","7":"product_cat-juguetes-de-colores","8":"product_cat-juguetes-musicales","10":"first","11":"instock","12":"taxable","13":"shipping-taxable","14":"purchasable","15":"product-type-simple"},"_links":{"self":[{"href":"https:\/\/www.bojungle.eu\/es\/wp-json\/wp\/v2\/product\/76974","targetHints":{"allow":["GET"]}}],"collection":[{"href":"https:\/\/www.bojungle.eu\/es\/wp-json\/wp\/v2\/product"}],"about":[{"href":"https:\/\/www.bojungle.eu\/es\/wp-json\/wp\/v2\/types\/product"}],"replies":[{"embeddable":true,"href":"https:\/\/www.bojungle.eu\/es\/wp-json\/wp\/v2\/comments?post=76974"}],"version-history":[{"count":1,"href":"https:\/\/www.bojungle.eu\/es\/wp-json\/wp\/v2\/product\/76974\/revisions"}],"predecessor-version":[{"id":77484,"href":"https:\/\/www.bojungle.eu\/es\/wp-json\/wp\/v2\/product\/76974\/revisions\/77484"}],"wp:featuredmedia":[{"embeddable":true,"href":"https:\/\/www.bojungle.eu\/es\/wp-json\/wp\/v2\/media\/76984"}],"wp:attachment":[{"href":"https:\/\/www.bojungle.eu\/es\/wp-json\/wp\/v2\/media?parent=76974"}],"wp:term":[{"taxonomy":"product_brand","embeddable":true,"href":"https:\/\/www.bojungle.eu\/es\/wp-json\/wp\/v2\/product_brand?post=76974"},{"taxonomy":"product_cat","embeddable":true,"href":"https:\/\/www.bojungle.eu\/es\/wp-json\/wp\/v2\/product_cat?post=76974"},{"taxonomy":"product_tag","embeddable":true,"href":"https:\/\/www.bojungle.eu\/es\/wp-json\/wp\/v2\/product_tag?post=76974"},{"taxonomy":"woo-feed-brand","embeddable":true,"href":"https:\/\/www.bojungle.eu\/es\/wp-json\/wp\/v2\/woo-feed-brand?post=76974"}],"curies":[{"name":"wp","href":"https:\/\/api.w.org\/{rel}","templated":true}]}}