{"id":77059,"date":"2024-09-10T09:18:57","date_gmt":"2024-09-10T07:18:57","guid":{"rendered":"https:\/\/www.bojungle.eu\/?post_type=product&#038;p=77059"},"modified":"2024-09-10T09:19:06","modified_gmt":"2024-09-10T07:19:06","slug":"buho-encantador","status":"publish","type":"product","link":"https:\/\/www.bojungle.eu\/es\/producto\/buho-encantador\/","title":{"rendered":"B\u00faho encantador"},"content":{"rendered":"<p>Introduzca a su hijo en la magia de la m\u00fasica con el B\u00faho Encantador, un encantador compa\u00f1ero musical dise\u00f1ado para cautivar y entretener. Este encantador b\u00faho es perfecto para los m\u00e1s peque\u00f1os a los que les encanta explorar sonidos y melod\u00edas.  <strong>Caracter\u00edsticas:<\/strong><\/p>\n<ul>\n<li><strong>Tres modos musicales:<\/strong> Con un simple interruptor, su hijo puede alternar f\u00e1cilmente entre encantadores sonidos de animales, relajantes nanas y encantadoras melod\u00edas como \u00abDo Re Mi\u00bb. Cada modo ofrece una experiencia auditiva \u00fanica, haciendo que el tiempo de juego sea divertido y atractivo. <\/li>\n<li><strong>Sonidos de animales:<\/strong> Escuche los encantadores sonidos de varios animales, como perros, gatos, monos y conejos. Estos juguetones sonidos ayudan a estimular la imaginaci\u00f3n y la curiosidad de su hijo. <\/li>\n<li><strong>Volumen ajustable: <\/strong>El B\u00faho Encantador cuenta con un c\u00f3modo control de volumen, que te permite ajustar el sonido a tus preferencias. Ya sea una tranquila canci\u00f3n de cuna para la siesta o animadas melod\u00edas para jugar, puedes crear el entorno auditivo perfecto. <\/li>\n<li><strong>Listo para jugar: <\/strong>Equipado con 2 pilas \u00abAA\u00bb de 1,5 V incluidas, tu peque\u00f1o puede empezar su aventura musical nada m\u00e1s sacarlo de la caja. Sin necesidad de pilas adicionales: \u00a1diversi\u00f3n sin fin! <\/li>\n<\/ul>\n<p> Ll\u00e9vese a casa el B\u00faho Encantador y vea c\u00f3mo su hijo se embarca en un viaje musical lleno de alegr\u00eda, risas y descubrimientos.<\/p>\n","protected":false},"excerpt":{"rendered":"<p>Te presentamos a nuestro B\u00faho Encantador: \u00a1el m\u00e1gico compa\u00f1ero musical de tu peque\u00f1o! Con s\u00f3lo pulsar un bot\u00f3n, podr\u00e1 alternar entre deliciosos sonidos de animales, relajantes nanas y encantadoras melod\u00edas como Do Re Mi. Tambi\u00e9n les encantar\u00e1 escuchar los sonidos de diferentes animales, como perros, gatos, monos y conejitos. Adem\u00e1s, puede subir o bajar el volumen para disfrutar de la experiencia auditiva perfecta. Este encantador b\u00faho viene con 2 pilas \u00abAA\u00bb de 1,5 V incluidas, para que la diversi\u00f3n nunca tenga que parar. \u00a1Prep\u00e1rate para un sinf\u00edn de aventuras musicales con nuestro B\u00faho Encantador!     <\/p>\n","protected":false},"featured_media":77032,"comment_status":"closed","ping_status":"closed","template":"","meta":{"_lmt_disableupdate":"","_lmt_disable":""},"product_brand":[],"product_cat":[476,621,503],"product_tag":[],"woo-feed-brand":[],"class_list":{"0":"post-77059","1":"product","2":"type-product","3":"status-publish","4":"has-post-thumbnail","6":"product_cat-tiempo-de-juego","7":"product_cat-juguetes-de-actividades","8":"product_cat-juguetes-de-colores","10":"first","11":"instock","12":"taxable","13":"shipping-taxable","14":"purchasable","15":"product-type-simple"},"_links":{"self":[{"href":"https:\/\/www.bojungle.eu\/es\/wp-json\/wp\/v2\/product\/77059","targetHints":{"allow":["GET"]}}],"collection":[{"href":"https:\/\/www.bojungle.eu\/es\/wp-json\/wp\/v2\/product"}],"about":[{"href":"https:\/\/www.bojungle.eu\/es\/wp-json\/wp\/v2\/types\/product"}],"replies":[{"embeddable":true,"href":"https:\/\/www.bojungle.eu\/es\/wp-json\/wp\/v2\/comments?post=77059"}],"version-history":[{"count":1,"href":"https:\/\/www.bojungle.eu\/es\/wp-json\/wp\/v2\/product\/77059\/revisions"}],"predecessor-version":[{"id":77461,"href":"https:\/\/www.bojungle.eu\/es\/wp-json\/wp\/v2\/product\/77059\/revisions\/77461"}],"wp:featuredmedia":[{"embeddable":true,"href":"https:\/\/www.bojungle.eu\/es\/wp-json\/wp\/v2\/media\/77032"}],"wp:attachment":[{"href":"https:\/\/www.bojungle.eu\/es\/wp-json\/wp\/v2\/media?parent=77059"}],"wp:term":[{"taxonomy":"product_brand","embeddable":true,"href":"https:\/\/www.bojungle.eu\/es\/wp-json\/wp\/v2\/product_brand?post=77059"},{"taxonomy":"product_cat","embeddable":true,"href":"https:\/\/www.bojungle.eu\/es\/wp-json\/wp\/v2\/product_cat?post=77059"},{"taxonomy":"product_tag","embeddable":true,"href":"https:\/\/www.bojungle.eu\/es\/wp-json\/wp\/v2\/product_tag?post=77059"},{"taxonomy":"woo-feed-brand","embeddable":true,"href":"https:\/\/www.bojungle.eu\/es\/wp-json\/wp\/v2\/woo-feed-brand?post=77059"}],"curies":[{"name":"wp","href":"https:\/\/api.w.org\/{rel}","templated":true}]}}