{"id":77111,"date":"2024-09-10T09:24:05","date_gmt":"2024-09-10T07:24:05","guid":{"rendered":"https:\/\/www.bojungle.eu\/?post_type=product&#038;p=77111"},"modified":"2024-09-10T09:24:14","modified_gmt":"2024-09-10T07:24:14","slug":"llaves-de-coche-musicales","status":"publish","type":"product","link":"https:\/\/www.bojungle.eu\/es\/producto\/llaves-de-coche-musicales\/","title":{"rendered":"llaves de coche musicales"},"content":{"rendered":"<p>Mantenga a su peque\u00f1o entretenido con las llaves musicales para el auto, \u00a1el juguete perfecto para llevar a todas partes! Dise\u00f1adas teniendo en cuenta la seguridad y la diversi\u00f3n, estas vibrantes llaves est\u00e1n hechas de materiales suaves y seguros para los ni\u00f1os, ideales para la dentici\u00f3n y las manos de los peque\u00f1os. Con solo presionar un bot\u00f3n, su hijo puede experimentar encantadores sonidos de trompetas y arranque del motor, acompa\u00f1ados de luces brillantes que seguramente captar\u00e1n su atenci\u00f3n. Presione el bot\u00f3n de la llave para escuchar sonidos realistas del motor del auto o presione el bot\u00f3n de la bocina para escuchar un sonido animado de bocina con destellos sincronizados. Las llaves musicales para el auto son simples, atractivas y est\u00e1n dise\u00f1adas para brindar horas de juego interactivo, lo que ayuda a desarrollar las habilidades sensoriales y la coordinaci\u00f3n mano-ojo de su hijo.     <strong>Caracter\u00edsticas:<\/strong><\/p>\n<ul>\n<li><strong>Llaves coloridas que se pueden morder f\u00e1cilmente:<\/strong> fabricadas con materiales suaves y aptos para la dentici\u00f3n que son seguros para que su hijo los mastique.<\/li>\n<li><strong>Colorful, Bite-Friendly Keys:<\/strong> Made from soft, teething-friendly materials that are safe for your child to chew on.<\/li>\n<li><strong>Sonidos realistas de motor y bocina de autom\u00f3vil: <\/strong>presione el bot\u00f3n de la llave para escuchar un sonido de motor aut\u00e9ntico o el bot\u00f3n de la bocina para escuchar un sonido de bocina cl\u00e1sico con destellos que lo acompa\u00f1an.<\/li>\n<li><strong>Perfecto para llevar:<\/strong> liviano y port\u00e1til, lo que lo convierte en el compa\u00f1ero de viaje ideal para mantener a su hijo entretenido en cualquier lugar.<\/li>\n<\/ul>\n<p> \u00a1Deje que su hijo explore y aprenda con las llaves musicales para autos, donde cada presi\u00f3n y giro da vida a un mundo de sonidos y luces!<\/p>\n","protected":false},"excerpt":{"rendered":"<p>\u00a1Froemmm, estas llaves de coche musicales son el juguete perfecto para llevar contigo a cualquier parte! Las llaves est\u00e1n hechas de un material suave, lo que las hace ideales para la dentici\u00f3n. Enciende el coche para escuchar divertidos sonidos de trompeta y arranque con luces intermitentes. Presiona el bot\u00f3n de la llave para escuchar un sonido de motor o la bocina para escuchar un sonido de bocina. \u00a1Es simple, entretenido y seguro que mantendr\u00e1 a tu hijo ocupado durante horas!    <\/p>\n","protected":false},"featured_media":77071,"comment_status":"closed","ping_status":"closed","template":"","meta":{"_lmt_disableupdate":"","_lmt_disable":""},"product_brand":[],"product_cat":[621,503,622,476],"product_tag":[],"woo-feed-brand":[],"class_list":{"0":"post-77111","1":"product","2":"type-product","3":"status-publish","4":"has-post-thumbnail","6":"product_cat-juguetes-de-actividades","7":"product_cat-juguetes-de-colores","8":"product_cat-juguetes-musicales","9":"product_cat-tiempo-de-juego","11":"first","12":"instock","13":"taxable","14":"shipping-taxable","15":"purchasable","16":"product-type-simple"},"_links":{"self":[{"href":"https:\/\/www.bojungle.eu\/es\/wp-json\/wp\/v2\/product\/77111","targetHints":{"allow":["GET"]}}],"collection":[{"href":"https:\/\/www.bojungle.eu\/es\/wp-json\/wp\/v2\/product"}],"about":[{"href":"https:\/\/www.bojungle.eu\/es\/wp-json\/wp\/v2\/types\/product"}],"replies":[{"embeddable":true,"href":"https:\/\/www.bojungle.eu\/es\/wp-json\/wp\/v2\/comments?post=77111"}],"version-history":[{"count":1,"href":"https:\/\/www.bojungle.eu\/es\/wp-json\/wp\/v2\/product\/77111\/revisions"}],"predecessor-version":[{"id":77113,"href":"https:\/\/www.bojungle.eu\/es\/wp-json\/wp\/v2\/product\/77111\/revisions\/77113"}],"wp:featuredmedia":[{"embeddable":true,"href":"https:\/\/www.bojungle.eu\/es\/wp-json\/wp\/v2\/media\/77071"}],"wp:attachment":[{"href":"https:\/\/www.bojungle.eu\/es\/wp-json\/wp\/v2\/media?parent=77111"}],"wp:term":[{"taxonomy":"product_brand","embeddable":true,"href":"https:\/\/www.bojungle.eu\/es\/wp-json\/wp\/v2\/product_brand?post=77111"},{"taxonomy":"product_cat","embeddable":true,"href":"https:\/\/www.bojungle.eu\/es\/wp-json\/wp\/v2\/product_cat?post=77111"},{"taxonomy":"product_tag","embeddable":true,"href":"https:\/\/www.bojungle.eu\/es\/wp-json\/wp\/v2\/product_tag?post=77111"},{"taxonomy":"woo-feed-brand","embeddable":true,"href":"https:\/\/www.bojungle.eu\/es\/wp-json\/wp\/v2\/woo-feed-brand?post=77111"}],"curies":[{"name":"wp","href":"https:\/\/api.w.org\/{rel}","templated":true}]}}