{"id":77164,"date":"2024-09-10T09:21:12","date_gmt":"2024-09-10T07:21:12","guid":{"rendered":"https:\/\/www.bojungle.eu\/?post_type=product&#038;p=77164"},"modified":"2024-09-10T09:21:20","modified_gmt":"2024-09-10T07:21:20","slug":"a-aventura-da-locomotiva","status":"publish","type":"product","link":"https:\/\/www.bojungle.eu\/es\/producto\/a-aventura-da-locomotiva\/","title":{"rendered":"A aventura da locomotiva"},"content":{"rendered":"<p>Apresentamos a Locomotive&#8217;s Adventure, o melhor conjunto de comboio de brinquedo que traz emo\u00e7\u00e3o e imagina\u00e7\u00e3o a cada brincadeira! Com apenas um simples toque, observe as engrenagens a girar em un\u00edssono, criando uma experi\u00eancia envolvente e cativante que as crian\u00e7as v\u00e3o adorar. Concebido com defini\u00e7\u00f5es de volume ajust\u00e1veis, o Locomotive&#8217;s Adventure permite escolher entre n\u00edveis altos e baixos, tornando-o perfeito para qualquer ambiente de jogo. Este vers\u00e1til conjunto de comboio de brinquedo apresenta tr\u00eas modos diferentes, cada um oferecendo uma combina\u00e7\u00e3o \u00fanica de sons para manter a aventura fresca e emocionante:    <\/p>\n<ul>\n<li>Modo 1: Descubra tr\u00eas deliciosos sons de animais combinados com quatro alegres notas musicais.<\/li>\n<li>Modo 2: Desfrute de tr\u00eas divertidos efeitos sonoros combinados com quatro m\u00fasicas animadas.<\/li>\n<li>Modo 3: Experimente uma mistura de tr\u00eas pe\u00e7as musicais divertidas e quatro efeitos sonoros cativantes.<\/li>\n<\/ul>\n<p> N\u00e3o precisa de se preocupar em comprar pilhas \u2013 o Locomotive&#8217;s Adventure vem com tr\u00eas pilhas \u00abAA\u00bb de 1,5 V inclu\u00eddas, para que a divers\u00e3o possa come\u00e7ar assim que sai da caixa! Prepare-se para horas de aventuras criativas e emocionantes com Locomotive&#8217;s Adventure, o complemento perfeito para qualquer sala de jogos! <\/p>\n","protected":false},"excerpt":{"rendered":"<p>Apresentamos a Locomotive&#8217;s Adventure: o emocionante conjunto de comboio de brinquedo para divers\u00e3o sem fim! Basta empurrar o comboio e observar as engrenagens a girarem juntas, criando uma experi\u00eancia envolvente. Com defini\u00e7\u00f5es de volume ajust\u00e1veis para alto e baixo, \u00e9 perfeito para qualquer cen\u00e1rio de jogo. Explore tr\u00eas modos diferentes, cada um com uma combina\u00e7\u00e3o \u00fanica de sons de animais, notas musicais e efeitos sonoros. E n\u00e3o se preocupe com as pilhas: vem com tr\u00eas pilhas \u201cAA\u201d de 1,5V. Prepara-te para vivenciar aventuras emocionantes com Locomotive&#8217;s Adventure!     <\/p>\n","protected":false},"featured_media":77125,"comment_status":"closed","ping_status":"closed","template":"","meta":{"_lmt_disableupdate":"","_lmt_disable":""},"product_brand":[],"product_cat":[621,503,476],"product_tag":[],"woo-feed-brand":[],"class_list":{"0":"post-77164","1":"product","2":"type-product","3":"status-publish","4":"has-post-thumbnail","6":"product_cat-juguetes-de-actividades","7":"product_cat-juguetes-de-colores","8":"product_cat-tiempo-de-juego","10":"first","11":"instock","12":"taxable","13":"shipping-taxable","14":"purchasable","15":"product-type-simple"},"_links":{"self":[{"href":"https:\/\/www.bojungle.eu\/es\/wp-json\/wp\/v2\/product\/77164","targetHints":{"allow":["GET"]}}],"collection":[{"href":"https:\/\/www.bojungle.eu\/es\/wp-json\/wp\/v2\/product"}],"about":[{"href":"https:\/\/www.bojungle.eu\/es\/wp-json\/wp\/v2\/types\/product"}],"replies":[{"embeddable":true,"href":"https:\/\/www.bojungle.eu\/es\/wp-json\/wp\/v2\/comments?post=77164"}],"version-history":[{"count":1,"href":"https:\/\/www.bojungle.eu\/es\/wp-json\/wp\/v2\/product\/77164\/revisions"}],"predecessor-version":[{"id":77469,"href":"https:\/\/www.bojungle.eu\/es\/wp-json\/wp\/v2\/product\/77164\/revisions\/77469"}],"wp:featuredmedia":[{"embeddable":true,"href":"https:\/\/www.bojungle.eu\/es\/wp-json\/wp\/v2\/media\/77125"}],"wp:attachment":[{"href":"https:\/\/www.bojungle.eu\/es\/wp-json\/wp\/v2\/media?parent=77164"}],"wp:term":[{"taxonomy":"product_brand","embeddable":true,"href":"https:\/\/www.bojungle.eu\/es\/wp-json\/wp\/v2\/product_brand?post=77164"},{"taxonomy":"product_cat","embeddable":true,"href":"https:\/\/www.bojungle.eu\/es\/wp-json\/wp\/v2\/product_cat?post=77164"},{"taxonomy":"product_tag","embeddable":true,"href":"https:\/\/www.bojungle.eu\/es\/wp-json\/wp\/v2\/product_tag?post=77164"},{"taxonomy":"woo-feed-brand","embeddable":true,"href":"https:\/\/www.bojungle.eu\/es\/wp-json\/wp\/v2\/woo-feed-brand?post=77164"}],"curies":[{"name":"wp","href":"https:\/\/api.w.org\/{rel}","templated":true}]}}