{"id":77318,"date":"2024-09-04T16:33:14","date_gmt":"2024-09-04T14:33:14","guid":{"rendered":"https:\/\/www.bojungle.eu\/?post_type=product&#038;p=77318"},"modified":"2025-06-16T13:12:13","modified_gmt":"2025-06-16T11:12:13","slug":"grow-with-me-bouncer-pure-white-kopie","status":"publish","type":"product","link":"https:\/\/www.bojungle.eu\/es\/producto\/grow-with-me-bouncer-pure-white-kopie\/","title":{"rendered":"Hamaca Crece Conmigo Gris Sombra"},"content":{"rendered":"<div class=\"flex max-w-full flex-col flex-grow\">\n<div class=\"min-h-[20px] text-message flex w-full flex-col items-end gap-2 break-words [.text-message+&amp;]:mt-5 overflow-x-auto whitespace-normal\" dir=\"auto\" data-message-author-role=\"assistant\" data-message-id=\"d7faf530-0734-48f0-96fc-80ad607d2a5f\">\n<div class=\"flex w-full flex-col gap-1 empty:hidden first:pt-[3px]\">\n<div class=\"markdown prose w-full break-words dark:prose-invert light\">\n<p>Te presentamos nuestra Hamaca Grow With Me Gris Sombra, un asiento sencillo y elegante para tu beb\u00e9. Es perfecta para dejar descansar a tu peque\u00f1o o para acoplarla a la trona Crecer Conmigo a la hora de comer. La hamaca tiene una correa de seguridad para mantener seguro a tu beb\u00e9, un suave coj\u00edn que puedes quitar y se pliega para guardarla f\u00e1cilmente. La funda tambi\u00e9n se puede lavar a m\u00e1quina, por lo que es f\u00e1cil de mantener limpia. Esta hamaca combina comodidad y conveniencia en un dise\u00f1o elegante, por lo que es una gran adici\u00f3n a su hogar.    <\/p>\n<p><strong>Tenga en cuenta que la trona no est\u00e1 incluida, sino que se adquiere por separado.<\/strong><\/p>\n<\/div>\n<table border=\"1\">\n<tbody>\n<tr>\n<td>Manual<\/td>\n<td><a href=\"https:\/\/www.bojungle.eu\/es\/producto\/mesa-cambiador-balneo-color-blanco-puro\/\" target=\"_blank\" rel=\"noopener\">Haga clic aqu\u00ed<\/a><\/td>\n<\/tr>\n<\/tbody>\n<\/table>\n<\/div>\n<\/div>\n<\/div>\n","protected":false},"excerpt":{"rendered":"<p>Our Grow With Me Shadow Grey hammock is the perfect combination of functionality and design. It can be used as a fluffy chair for your little one to fall asleep in or as a newborn seat for the Grow With Me highchair at the table. <\/p>\n","protected":false},"featured_media":77400,"comment_status":"closed","ping_status":"closed","template":"","meta":{"_lmt_disableupdate":"","_lmt_disable":""},"product_brand":[],"product_cat":[541],"product_tag":[],"woo-feed-brand":[],"class_list":{"0":"post-77318","1":"product","2":"type-product","3":"status-publish","4":"has-post-thumbnail","6":"product_cat-columpios-y-balancines","8":"first","9":"instock","10":"taxable","11":"shipping-taxable","12":"purchasable","13":"product-type-simple"},"_links":{"self":[{"href":"https:\/\/www.bojungle.eu\/es\/wp-json\/wp\/v2\/product\/77318","targetHints":{"allow":["GET"]}}],"collection":[{"href":"https:\/\/www.bojungle.eu\/es\/wp-json\/wp\/v2\/product"}],"about":[{"href":"https:\/\/www.bojungle.eu\/es\/wp-json\/wp\/v2\/types\/product"}],"replies":[{"embeddable":true,"href":"https:\/\/www.bojungle.eu\/es\/wp-json\/wp\/v2\/comments?post=77318"}],"version-history":[{"count":2,"href":"https:\/\/www.bojungle.eu\/es\/wp-json\/wp\/v2\/product\/77318\/revisions"}],"predecessor-version":[{"id":80257,"href":"https:\/\/www.bojungle.eu\/es\/wp-json\/wp\/v2\/product\/77318\/revisions\/80257"}],"wp:featuredmedia":[{"embeddable":true,"href":"https:\/\/www.bojungle.eu\/es\/wp-json\/wp\/v2\/media\/77400"}],"wp:attachment":[{"href":"https:\/\/www.bojungle.eu\/es\/wp-json\/wp\/v2\/media?parent=77318"}],"wp:term":[{"taxonomy":"product_brand","embeddable":true,"href":"https:\/\/www.bojungle.eu\/es\/wp-json\/wp\/v2\/product_brand?post=77318"},{"taxonomy":"product_cat","embeddable":true,"href":"https:\/\/www.bojungle.eu\/es\/wp-json\/wp\/v2\/product_cat?post=77318"},{"taxonomy":"product_tag","embeddable":true,"href":"https:\/\/www.bojungle.eu\/es\/wp-json\/wp\/v2\/product_tag?post=77318"},{"taxonomy":"woo-feed-brand","embeddable":true,"href":"https:\/\/www.bojungle.eu\/es\/wp-json\/wp\/v2\/woo-feed-brand?post=77318"}],"curies":[{"name":"wp","href":"https:\/\/api.w.org\/{rel}","templated":true}]}}