{"id":77708,"date":"2024-09-10T11:30:57","date_gmt":"2024-09-10T09:30:57","guid":{"rendered":"https:\/\/www.bojungle.eu\/product\/grow-with-me-high-chair-pure-white\/"},"modified":"2025-06-19T14:43:56","modified_gmt":"2025-06-19T12:43:56","slug":"grow-with-me-high-chair-pure-white","status":"publish","type":"product","link":"https:\/\/www.bojungle.eu\/es\/producto\/grow-with-me-high-chair-pure-white\/","title":{"rendered":"Grow With Me High Chair Pure White"},"content":{"rendered":"<p>La trona Grow With Me en blanco puro es la soluci\u00f3n perfecta para las familias que desean comodidad y estilo duraderos para sus peque\u00f1os. Dise\u00f1ada para adaptarse a cada etapa del desarrollo de su hijo, esta silla vers\u00e1til mantiene a su hijo sentado a la altura de los ojos de la familia desde la infancia hasta la edad adulta. <\/p>\n<p>Caracter\u00edsticas:<\/p>\n<ul>\n<li><strong>Bandeja extra\u00edble<\/strong> para facilitar la limpieza y un uso vers\u00e1til.<\/li>\n<li><strong>Asiento de beb\u00e9 extra\u00edble<\/strong>, por lo que es perfecto para beb\u00e9s y ni\u00f1os peque\u00f1os.<\/li>\n<li><strong>Asiento y reposapi\u00e9s ajustables<\/strong>, lo que permite que la silla crezca con el ni\u00f1o.<\/li>\n<li><strong>Asegure el cintur\u00f3n<\/strong> de seguridad para mayor seguridad.<\/li>\n<li><strong>Compatible con reci\u00e9n nacidos<\/strong>: Comb\u00ednalo con nuestra hamaca Grow With Me para mayor comodidad desde el primer d\u00eda.<\/li>\n<\/ul>\n<p>Aseg\u00farese de que su hijo disfrute de una posici\u00f3n sentada ergon\u00f3mica y c\u00f3moda a cualquier edad con esta silla alta elegante y moderna.<\/p>\n<table border=\"1\">\n<tbody>\n<tr>\n<td>Manual<\/td>\n<td><a href=\"https:\/\/www.bojungle.eu\/wp-content\/uploads\/2025\/06\/Manual-High-Chair.pdf\" target=\"_blank\" rel=\"noopener\">Haga clic aqu\u00ed<\/a><\/td>\n<\/tr>\n<\/tbody>\n<\/table>\n","protected":false},"excerpt":{"rendered":"<p><span class=\"OYPEnA font-feature-liga-off font-feature-clig-off font-feature-calt-off text-decoration-none text-strikethrough-none\">Con la trona Grow With Me Pure White, tu peque\u00f1o siempre estar\u00e1 c\u00f3modamente sentado a la altura de los ojos en la mesa. A medida que su hijo crece, puede ajustar f\u00e1cilmente el asiento. Gracias a la silla de beb\u00e9 extra\u00edble y al reposapi\u00e9s ajustable, la silla crece contigo, desde beb\u00e9 hasta adulto. Su hijo siempre tiene una posici\u00f3n sentada c\u00f3moda y ergon\u00f3mica.     <\/span><\/p>\n<p>&nbsp;<\/p>\n","protected":false},"featured_media":77516,"comment_status":"closed","ping_status":"closed","template":"","meta":{"_lmt_disableupdate":"","_lmt_disable":""},"product_brand":[],"product_cat":[462,657],"product_tag":[],"woo-feed-brand":[],"class_list":{"0":"post-77708","1":"product","2":"type-product","3":"status-publish","4":"has-post-thumbnail","6":"product_cat-comida-y-bebida","7":"product_cat-tronas-y-sillas-para-bebes","9":"first","10":"instock","11":"taxable","12":"shipping-taxable","13":"purchasable","14":"product-type-simple"},"_links":{"self":[{"href":"https:\/\/www.bojungle.eu\/es\/wp-json\/wp\/v2\/product\/77708","targetHints":{"allow":["GET"]}}],"collection":[{"href":"https:\/\/www.bojungle.eu\/es\/wp-json\/wp\/v2\/product"}],"about":[{"href":"https:\/\/www.bojungle.eu\/es\/wp-json\/wp\/v2\/types\/product"}],"replies":[{"embeddable":true,"href":"https:\/\/www.bojungle.eu\/es\/wp-json\/wp\/v2\/comments?post=77708"}],"version-history":[{"count":2,"href":"https:\/\/www.bojungle.eu\/es\/wp-json\/wp\/v2\/product\/77708\/revisions"}],"predecessor-version":[{"id":80504,"href":"https:\/\/www.bojungle.eu\/es\/wp-json\/wp\/v2\/product\/77708\/revisions\/80504"}],"wp:featuredmedia":[{"embeddable":true,"href":"https:\/\/www.bojungle.eu\/es\/wp-json\/wp\/v2\/media\/77516"}],"wp:attachment":[{"href":"https:\/\/www.bojungle.eu\/es\/wp-json\/wp\/v2\/media?parent=77708"}],"wp:term":[{"taxonomy":"product_brand","embeddable":true,"href":"https:\/\/www.bojungle.eu\/es\/wp-json\/wp\/v2\/product_brand?post=77708"},{"taxonomy":"product_cat","embeddable":true,"href":"https:\/\/www.bojungle.eu\/es\/wp-json\/wp\/v2\/product_cat?post=77708"},{"taxonomy":"product_tag","embeddable":true,"href":"https:\/\/www.bojungle.eu\/es\/wp-json\/wp\/v2\/product_tag?post=77708"},{"taxonomy":"woo-feed-brand","embeddable":true,"href":"https:\/\/www.bojungle.eu\/es\/wp-json\/wp\/v2\/woo-feed-brand?post=77708"}],"curies":[{"name":"wp","href":"https:\/\/api.w.org\/{rel}","templated":true}]}}