{"id":77739,"date":"2024-09-19T11:18:52","date_gmt":"2024-09-19T09:18:52","guid":{"rendered":"https:\/\/www.bojungle.eu\/?post_type=product&#038;p=77739"},"modified":"2025-08-06T16:41:32","modified_gmt":"2025-08-06T14:41:32","slug":"gimnasio-de-madera-ocean-bliss","status":"publish","type":"product","link":"https:\/\/www.bojungle.eu\/es\/producto\/gimnasio-de-madera-ocean-bliss\/","title":{"rendered":"Gimnasio de madera Ocean Bliss"},"content":{"rendered":"<p>Ofrezca a su peque\u00f1o una experiencia de juego serena con el gimnasio de madera Ocean Bliss. Los arcos est\u00e1n hechos de madera de alta calidad, este gimnasio de juego cuenta con juguetes de felpa colgantes. Su beb\u00e9 se deleitar\u00e1 explorando el suave coj\u00edn de dos caras y las adorables figuras de fieltro a los lados de la alfombra de juego, dise\u00f1adas para estimular el desarrollo sensorial.  <\/p>\n<p>El gimnasio de juegos incluye un bolsillo con espejo que sirve a la vez de soporte para simp\u00e1ticas tarjetas, despertando la curiosidad del beb\u00e9 y ayud\u00e1ndole en su desarrollo visual. Dise\u00f1ado para mayor comodidad, el gimnasio de juegos de madera Ocean Bliss se pliega f\u00e1cilmente con la ayuda de asas incorporadas, por lo que es perfecto para jugar en casa o fuera de ella. <\/p>\n<p>Ya sea en casa o de viaje, este gimnasio de juegos ofrece un sinf\u00edn de entretenimiento y beneficios para el desarrollo, todo en un dise\u00f1o bellamente elaborado que complementa cualquier guarder\u00eda. \u00a1Disfrute del placer de jugar con el gimnasio de madera Ocean Bliss! <\/p>\n<p>&nbsp;<\/p>\n<table border=\"1\">\n<tbody>\n<tr>\n<td>Manual<\/td>\n<td><a href=\"https:\/\/www.bojungle.eu\/wp-content\/uploads\/2025\/08\/Manual-Ocean-Bliss.pdf\">Haga clic aqu\u00ed<\/a><\/td>\n<\/tr>\n<\/tbody>\n<\/table>\n","protected":false},"excerpt":{"rendered":"<p><span class=\"OYPEnA font-feature-liga-off font-feature-clig-off font-feature-calt-off text-decoration-none text-strikethrough-none\">Presentamos nuestro gimnasio de madera Ocean Bliss. Es una c\u00f3moda colchoneta con arcos de madera muy bien acabados y juguetes blanditos. Tu beb\u00e9 puede mirarse en el espejo y jugar con las tarjetas que pongas all\u00ed. Es f\u00e1cil de plegar y llevar, para que la diversi\u00f3n nunca pare, \u00a1incluso fuera de casa!   <\/span><\/p>\n","protected":false},"featured_media":77176,"comment_status":"closed","ping_status":"closed","template":"","meta":{"_lmt_disableupdate":"","_lmt_disable":""},"product_brand":[],"product_cat":[476,621],"product_tag":[],"woo-feed-brand":[],"class_list":{"0":"post-77739","1":"product","2":"type-product","3":"status-publish","4":"has-post-thumbnail","6":"product_cat-tiempo-de-juego","7":"product_cat-juguetes-de-actividades","9":"first","10":"instock","11":"taxable","12":"shipping-taxable","13":"purchasable","14":"product-type-simple"},"_links":{"self":[{"href":"https:\/\/www.bojungle.eu\/es\/wp-json\/wp\/v2\/product\/77739","targetHints":{"allow":["GET"]}}],"collection":[{"href":"https:\/\/www.bojungle.eu\/es\/wp-json\/wp\/v2\/product"}],"about":[{"href":"https:\/\/www.bojungle.eu\/es\/wp-json\/wp\/v2\/types\/product"}],"replies":[{"embeddable":true,"href":"https:\/\/www.bojungle.eu\/es\/wp-json\/wp\/v2\/comments?post=77739"}],"version-history":[{"count":2,"href":"https:\/\/www.bojungle.eu\/es\/wp-json\/wp\/v2\/product\/77739\/revisions"}],"predecessor-version":[{"id":80845,"href":"https:\/\/www.bojungle.eu\/es\/wp-json\/wp\/v2\/product\/77739\/revisions\/80845"}],"wp:featuredmedia":[{"embeddable":true,"href":"https:\/\/www.bojungle.eu\/es\/wp-json\/wp\/v2\/media\/77176"}],"wp:attachment":[{"href":"https:\/\/www.bojungle.eu\/es\/wp-json\/wp\/v2\/media?parent=77739"}],"wp:term":[{"taxonomy":"product_brand","embeddable":true,"href":"https:\/\/www.bojungle.eu\/es\/wp-json\/wp\/v2\/product_brand?post=77739"},{"taxonomy":"product_cat","embeddable":true,"href":"https:\/\/www.bojungle.eu\/es\/wp-json\/wp\/v2\/product_cat?post=77739"},{"taxonomy":"product_tag","embeddable":true,"href":"https:\/\/www.bojungle.eu\/es\/wp-json\/wp\/v2\/product_tag?post=77739"},{"taxonomy":"woo-feed-brand","embeddable":true,"href":"https:\/\/www.bojungle.eu\/es\/wp-json\/wp\/v2\/woo-feed-brand?post=77739"}],"curies":[{"name":"wp","href":"https:\/\/api.w.org\/{rel}","templated":true}]}}