{"id":78131,"date":"2024-09-19T16:45:13","date_gmt":"2024-09-19T14:45:13","guid":{"rendered":"https:\/\/www.bojungle.eu\/?post_type=product&#038;p=78131"},"modified":"2024-09-19T16:45:23","modified_gmt":"2024-09-19T14:45:23","slug":"set-completo-crece-conmigo-gris-sombra","status":"publish","type":"product","link":"https:\/\/www.bojungle.eu\/es\/producto\/set-completo-crece-conmigo-gris-sombra\/","title":{"rendered":"Set Completo Crece Conmigo Gris Sombra"},"content":{"rendered":"<p>El Set Completo Crecer Conmigo Gris Sombra es la soluci\u00f3n de asiento definitiva para el viaje de tu hijo desde reci\u00e9n nacido hasta la edad adulta. Este conjunto elegante y vers\u00e1til incluye tanto la trona Grow With Me como la hamaca Grow With Me, combinando a la perfecci\u00f3n comodidad, seguridad y adaptabilidad para cada etapa del desarrollo  <strong>Caracter\u00edsticas:<\/strong><\/p>\n<ul>\n<li><strong>Silla alta:<\/strong>\n<ul>\n<li>Bandeja extra\u00edble para una limpieza sin esfuerzo y m\u00faltiples usos.<\/li>\n<li>Asiento y piecero ajustables para crecer junto a tu hijo.<\/li>\n<li>Cintur\u00f3n de seguridad para mayor seguridad y tranquilidad.<\/li>\n<li>Dise\u00f1o ergon\u00f3mico para proporcionar una comodidad de asiento \u00f3ptima para todas las edades.<\/li>\n<\/ul>\n<\/li>\n<li><strong>Balanc\u00edn:<\/strong>\n<ul>\n<li>Acople la hamaca Grow With Me a la trona para una perfecta configuraci\u00f3n para el reci\u00e9n nacido.<\/li>\n<li>Suave coj\u00edn extra\u00edble y funda lavable a m\u00e1quina para facilitar su cuidado.<\/li>\n<li>Se pliega para un almacenamiento compacto y comodidad de viaje.<\/li>\n<\/ul>\n<\/li>\n<\/ul>\n<p> Ya sea a la hora de comer o de jugar, el Set Completo Crecer Conmigo es el compa\u00f1ero perfecto de tu familia, ya que proporciona comodidad y flexibilidad duraderas, todo ello en un moderno y elegante dise\u00f1o en gris sombra.<\/p>\n","protected":false},"excerpt":{"rendered":"<div class=\"flex max-w-full flex-col flex-grow\">\n<div class=\"min-h-[20px] text-message flex w-full flex-col items-end gap-2 whitespace-normal break-words [.text-message+&amp;]:mt-5\" dir=\"auto\" data-message-author-role=\"assistant\" data-message-id=\"86751314-bcc5-4504-a219-4bf3f1df37bb\">\n<div class=\"flex w-full flex-col gap-1 empty:hidden first:pt-[3px]\">\n<div class=\"markdown prose w-full break-words dark:prose-invert light\"> El Set Completo Crecer Conmigo en Gris Sombra ofrece la soluci\u00f3n de asiento perfecta para tu hijo desde reci\u00e9n nacido hasta la edad adulta. Este vers\u00e1til conjunto incluye la trona y la hamaca Grow With Me, dise\u00f1adas para ofrecer comodidad, seguridad y adaptabilidad en cada etapa. Con funciones ajustables, una bandeja extra\u00edble y una hamaca compacta y plegable, es la combinaci\u00f3n perfecta de estilo y funcionalidad para las familias modernas.   <\/div>\n<\/div>\n<\/div>\n<\/div>\n","protected":false},"featured_media":77672,"comment_status":"closed","ping_status":"closed","template":"","meta":{"_lmt_disableupdate":"","_lmt_disable":""},"product_brand":[],"product_cat":[541,462,657],"product_tag":[],"woo-feed-brand":[],"class_list":{"0":"post-78131","1":"product","2":"type-product","3":"status-publish","4":"has-post-thumbnail","6":"product_cat-columpios-y-balancines","7":"product_cat-comida-y-bebida","8":"product_cat-tronas-y-sillas-para-bebes","10":"first","11":"instock","12":"featured","13":"taxable","14":"shipping-taxable","15":"purchasable","16":"product-type-simple"},"_links":{"self":[{"href":"https:\/\/www.bojungle.eu\/es\/wp-json\/wp\/v2\/product\/78131","targetHints":{"allow":["GET"]}}],"collection":[{"href":"https:\/\/www.bojungle.eu\/es\/wp-json\/wp\/v2\/product"}],"about":[{"href":"https:\/\/www.bojungle.eu\/es\/wp-json\/wp\/v2\/types\/product"}],"replies":[{"embeddable":true,"href":"https:\/\/www.bojungle.eu\/es\/wp-json\/wp\/v2\/comments?post=78131"}],"version-history":[{"count":1,"href":"https:\/\/www.bojungle.eu\/es\/wp-json\/wp\/v2\/product\/78131\/revisions"}],"predecessor-version":[{"id":78140,"href":"https:\/\/www.bojungle.eu\/es\/wp-json\/wp\/v2\/product\/78131\/revisions\/78140"}],"wp:featuredmedia":[{"embeddable":true,"href":"https:\/\/www.bojungle.eu\/es\/wp-json\/wp\/v2\/media\/77672"}],"wp:attachment":[{"href":"https:\/\/www.bojungle.eu\/es\/wp-json\/wp\/v2\/media?parent=78131"}],"wp:term":[{"taxonomy":"product_brand","embeddable":true,"href":"https:\/\/www.bojungle.eu\/es\/wp-json\/wp\/v2\/product_brand?post=78131"},{"taxonomy":"product_cat","embeddable":true,"href":"https:\/\/www.bojungle.eu\/es\/wp-json\/wp\/v2\/product_cat?post=78131"},{"taxonomy":"product_tag","embeddable":true,"href":"https:\/\/www.bojungle.eu\/es\/wp-json\/wp\/v2\/product_tag?post=78131"},{"taxonomy":"woo-feed-brand","embeddable":true,"href":"https:\/\/www.bojungle.eu\/es\/wp-json\/wp\/v2\/woo-feed-brand?post=78131"}],"curies":[{"name":"wp","href":"https:\/\/api.w.org\/{rel}","templated":true}]}}