{"id":80467,"date":"2025-06-18T11:42:52","date_gmt":"2025-06-18T09:42:52","guid":{"rendered":"https:\/\/www.bojungle.eu\/product\/columpio-portatil-dolphy-gris-sombra\/"},"modified":"2025-06-18T13:20:43","modified_gmt":"2025-06-18T11:20:43","slug":"columpio-portatil-dolphy-gris-sombra","status":"publish","type":"product","link":"https:\/\/www.bojungle.eu\/es\/producto\/columpio-portatil-dolphy-gris-sombra\/","title":{"rendered":"Columpio Port\u00e1til Dolphy Gris Sombra"},"content":{"rendered":"<p>Descubra el Columpio Port\u00e1til Dolphy Shady Grey, la mezcla definitiva de confort, comodidad y entretenimiento para su peque\u00f1o. Dise\u00f1ado para satisfacer las necesidades de los padres y la comodidad de los beb\u00e9s desde reci\u00e9n nacidos hasta 9 kg, este columpio port\u00e1til ofrece una combinaci\u00f3n \u00fanica de caracter\u00edsticas que lo convierten en un elemento imprescindible en su colecci\u00f3n de art\u00edculos para beb\u00e9s.<\/p>\n<p><strong>Opciones de alimentaci\u00f3n vers\u00e1tiles<\/strong><br \/>\n\u00a1Nunca estar\u00e1 atado a un solo lugar! El Columpio Port\u00e1til Dolphy Shady Grey funciona sin problemas con el cable de alimentaci\u00f3n suministrado o con 4 pilas C\/LR14 (no incluidas), lo que garantiza que tu beb\u00e9 pueda disfrutar de un relajante columpio tanto si est\u00e1s en casa como de viaje.<\/p>\n<p><strong>Comodidad personalizable<\/strong><br \/>\nCon un respaldo ajustable en 2 posiciones, este columpio se adapta f\u00e1cilmente a las necesidades de comodidad de su beb\u00e9, asegurando que siempre est\u00e9 en el lugar perfecto para relajarse u observar.<\/p>\n<p><strong>Funci\u00f3n de temporizador intuitiva<\/strong><br \/>\nCon una funci\u00f3n de temporizador con ajustes de 15, 30, 45 o 60 minutos, el columpio port\u00e1til Dolphy Shady Grey te permite personalizar el tiempo de balanceo para adaptarlo al estado de \u00e1nimo y las necesidades de tu beb\u00e9, asegur\u00e1ndote de que est\u00e9 calmado y entretenido lo justo.<\/p>\n<p><strong>M\u00faltiples velocidades de columpio y melod\u00edas<\/strong><br \/>\nElija entre 5 velocidades de columpio diferentes para encontrar el ritmo perfecto para su beb\u00e9, y mejore su relajaci\u00f3n y entretenimiento con 8 melod\u00edas diferentes. Es la forma perfecta de calmar o enganchar a tu peque\u00f1o en sus primeras etapas.<\/p>\n<p><strong>Comodidad y seguridad supremas<\/strong><br \/>\nFabricado con tejidos suaves de alta calidad que se pueden lavar a m\u00e1quina para facilitar su cuidado, e incluyendo un reposacabezas de felpa para un mayor apoyo, este columpio garantiza la comodidad de su beb\u00e9 en todo momento. El arn\u00e9s de seguridad de 5 puntos mantiene a tu peque\u00f1o seguro, d\u00e1ndote tranquilidad. <\/p>\n<p><strong>Atractivo y entretenido<\/strong><br \/>\nEl arco de juguete f\u00e1cilmente desmontable, adornado con dos atractivos juguetes, cautiva la atenci\u00f3n de su beb\u00e9 y estimula sus sentidos en desarrollo, convirtiendo el momento del columpio en una experiencia divertida y educativa.<\/p>\n<p><strong>F\u00e1cilmente port\u00e1til<\/strong><br \/>\nDise\u00f1ado para familias ocupadas, el Dolphy Shady Grey cuenta con un dise\u00f1o f\u00e1cilmente plegable para un almacenamiento y transporte eficientes, lo que garantiza que pueda llevar la comodidad del hogar a donde quiera que vaya.<\/p>\n<p>El columpio port\u00e1til Dolphy Shady Grey no es solo un columpio; es un refugio acogedor, entretenido y seguro para tu beb\u00e9. Representa una combinaci\u00f3n perfecta de funcionalidad y diversi\u00f3n, lo que lo convierte en un complemento esencial para el cuidado de su beb\u00e9.<\/p>\n<table border=\"1\">\n<tbody>\n<tr>\n<td>Manual<\/td>\n<td><a href=\"https:\/\/www.bojungle.eu\/wp-content\/uploads\/2025\/06\/Handleiding-B-Dolphy-Portable-Swing.pdf\" target=\"_blank\" rel=\"noopener\">Haga clic aqu\u00ed<\/a><\/td>\n<\/tr>\n<\/tbody>\n<\/table>\n","protected":false},"excerpt":{"rendered":"<div class=\"elementor-element elementor-element-80cf67d elementor-widget elementor-widget-jet-single-excerpt\" data-id=\"80cf67d\" data-element_type=\"widget\" data-widget_type=\"jet-single-excerpt.default\">\n<div class=\"elementor-widget-container\">\n<div class=\"elementor-jet-single-excerpt jet-woo-builder\">\n<div class=\"woocommerce-product-details__short-description\">\n<div class=\"flex-1 overflow-hidden\">\n<div class=\"react-scroll-to-bottom--css-fpkau-79elbk h-full\">\n<div class=\"react-scroll-to-bottom--css-fpkau-1n7m0yu\">\n<div class=\"flex flex-col text-sm pb-9\">\n<div class=\"w-full text-token-text-primary\" data-testid=\"conversation-turn-8\">\n<div class=\"px-4 py-2 justify-center text-base md:gap-6 m-auto\">\n<div class=\"flex flex-1 text-base mx-auto gap-3 md:px-5 lg:px-1 xl:px-5 md:max-w-3xl lg:max-w-[40rem] xl:max-w-[48rem] group final-completion\">\n<div class=\"relative flex w-full flex-col agent-turn\">\n<div class=\"flex-col gap-1 md:gap-3\">\n<div class=\"flex flex-grow flex-col max-w-full\">\n<div class=\"min-h-[20px] text-message flex flex-col items-start gap-3 whitespace-pre-wrap break-words [.text-message+&amp;]:mt-5 overflow-x-auto\" data-message-author-role=\"assistant\" data-message-id=\"fbd77af2-e82b-4b38-a269-e92651bbb0c3\">\n<div class=\"markdown prose w-full break-words dark:prose-invert light\">\n<p>Salude al columpio port\u00e1til Dolphy Shady Grey: una forma pr\u00e1ctica de mantener a su beb\u00e9 c\u00f3modo y feliz dondequiera que vaya. Tiene ajustes regulables para que tu beb\u00e9 est\u00e9 c\u00f3modo, diferentes velocidades para columpiarse y reproduce agradables melod\u00edas. Adem\u00e1s, mantiene a tu peque\u00f1o seguro con un arn\u00e9s y divertido con juguetes. Y cuando termines, s\u00f3lo tienes que plegarla para guardarla f\u00e1cilmente o llevarla de viaje. Ideal para beb\u00e9s de hasta 9 kg y perfecta para familias ocupadas.  <\/p>\n<\/div>\n<\/div>\n<\/div>\n<\/div>\n<\/div>\n<\/div>\n<\/div>\n<\/div>\n<\/div>\n<\/div>\n<\/div>\n<\/div>\n<\/div>\n<\/div>\n<\/div>\n<\/div>\n","protected":false},"featured_media":80343,"comment_status":"open","ping_status":"closed","template":"","meta":{"_lmt_disableupdate":"","_lmt_disable":""},"product_brand":[],"product_cat":[541],"product_tag":[],"woo-feed-brand":[],"class_list":{"0":"post-80467","1":"product","2":"type-product","3":"status-publish","4":"has-post-thumbnail","6":"product_cat-columpios-y-balancines","8":"first","9":"instock","10":"taxable","11":"shipping-taxable","12":"purchasable","13":"product-type-simple"},"_links":{"self":[{"href":"https:\/\/www.bojungle.eu\/es\/wp-json\/wp\/v2\/product\/80467","targetHints":{"allow":["GET"]}}],"collection":[{"href":"https:\/\/www.bojungle.eu\/es\/wp-json\/wp\/v2\/product"}],"about":[{"href":"https:\/\/www.bojungle.eu\/es\/wp-json\/wp\/v2\/types\/product"}],"replies":[{"embeddable":true,"href":"https:\/\/www.bojungle.eu\/es\/wp-json\/wp\/v2\/comments?post=80467"}],"version-history":[{"count":0,"href":"https:\/\/www.bojungle.eu\/es\/wp-json\/wp\/v2\/product\/80467\/revisions"}],"wp:featuredmedia":[{"embeddable":true,"href":"https:\/\/www.bojungle.eu\/es\/wp-json\/wp\/v2\/media\/80343"}],"wp:attachment":[{"href":"https:\/\/www.bojungle.eu\/es\/wp-json\/wp\/v2\/media?parent=80467"}],"wp:term":[{"taxonomy":"product_brand","embeddable":true,"href":"https:\/\/www.bojungle.eu\/es\/wp-json\/wp\/v2\/product_brand?post=80467"},{"taxonomy":"product_cat","embeddable":true,"href":"https:\/\/www.bojungle.eu\/es\/wp-json\/wp\/v2\/product_cat?post=80467"},{"taxonomy":"product_tag","embeddable":true,"href":"https:\/\/www.bojungle.eu\/es\/wp-json\/wp\/v2\/product_tag?post=80467"},{"taxonomy":"woo-feed-brand","embeddable":true,"href":"https:\/\/www.bojungle.eu\/es\/wp-json\/wp\/v2\/woo-feed-brand?post=80467"}],"curies":[{"name":"wp","href":"https:\/\/api.w.org\/{rel}","templated":true}]}}