{"id":82146,"date":"2025-11-26T14:51:25","date_gmt":"2025-11-26T13:51:25","guid":{"rendered":"https:\/\/www.bojungle.eu\/?post_type=product&#038;p=82146"},"modified":"2026-04-07T14:04:41","modified_gmt":"2026-04-07T12:04:41","slug":"gimnasio-musical-y-de-juegos-ligeros-borneo","status":"publish","type":"product","link":"https:\/\/www.bojungle.eu\/es\/producto\/gimnasio-musical-y-de-juegos-ligeros-borneo\/","title":{"rendered":"Borneo Musical &amp; Light Play Gym"},"content":{"rendered":"<p>El gimnasio de actividades musical con luces Borneo est\u00e1 dise\u00f1ado para entretener, reconfortar y estimular a tu beb\u00e9 durante los momentos de juego de cada d\u00eda.<\/p>\n<p>Con sus colores suaves, juguetes divertidos, luces y melod\u00edas, este gimnasio para beb\u00e9s crea un espacio de actividades acogedor donde tu peque\u00f1o puede relajarse, descubrir y desarrollar habilidades importantes desde una edad temprana.<br \/>\nLos juguetes colgantes animan al beb\u00e9 a estirarse, dar pataditas y agarrar, ayudando as\u00ed a favorecer la exploraci\u00f3n sensorial y el desarrollo motor desde los primeros meses.<\/p>\n<p>La c\u00f3moda manta de actividades ofrece un espacio acogedor para tumbarse, estirarse y jugar, mientras que las funciones de luz y m\u00fasica aportan un est\u00edmulo adicional y m\u00e1s diversi\u00f3n.<br \/>\nPor eso, el gimnasio de actividades musical con luces Borneo es una opci\u00f3n ideal para los primeros momentos de juego y descubrimiento del beb\u00e9.<\/p>\n<p>El gimnasio de actividades musical con luces Borneo es un centro de actividades para beb\u00e9s pr\u00e1ctico y atractivo, ideal para padres que buscan comodidad, estimulaci\u00f3n y desarrollo a trav\u00e9s del juego en un solo dise\u00f1o elegante.<\/p>\n<p>\u2022 Gimnasio para beb\u00e9s suave y c\u00f3modo<br \/>\n\u2022 Colores delicados para un aspecto relajante<br \/>\n\u2022 Funciones de luz y melod\u00edas<br \/>\n\u2022 Juguetes colgantes estimulantes<br \/>\n\u2022 Favorece el descubrimiento sensorial<br \/>\n\u2022 Apoya el desarrollo motor temprano<br \/>\n\u2022 Ideal para los momentos de juego diarios<br \/>\n\u2022 Espacio c\u00f3modo para los primeros momentos de juego<\/p>\n","protected":false},"excerpt":{"rendered":"<div class=\"relative w-full mt-4 mb-1\">\n<div class=\"\">\n<div class=\"relative\">\n<div class=\"h-full min-h-0 min-w-0\">\n<div class=\"h-full min-h-0 min-w-0\">\n<div class=\"border border-token-border-light border-radius-3xl corner-superellipse\/1.1 rounded-3xl\">\n<div class=\"h-full w-full border-radius-3xl bg-token-bg-elevated-secondary corner-superellipse\/1.1 overflow-clip rounded-3xl lxnfua_clipPathFallback\">\n<div class=\"w-full overflow-x-hidden overflow-y-auto pe-11 pt-3\">\n<div class=\"relative z-0 flex max-w-full\">\n<div id=\"code-block-viewer\" class=\"q9tKkq_viewer cm-editor z-10 light:cm-light dark:cm-light flex h-full w-full flex-col items-stretch \u037c5 \u037cj\" dir=\"ltr\">\n<div class=\"cm-scroller\">\n<div class=\"cm-content q9tKkq_readonly\">Crea un espacio de juego suave y estimulante para tu beb\u00e9 con el gimnasio de actividades musical con luces Borneo. Este centro de actividades para beb\u00e9s combina colores suaves, luces, melod\u00edas y divertidos juguetes colgantes para favorecer el descubrimiento sensorial, los primeros movimientos y los momentos de juego diarios con total comodidad. <\/div>\n<\/div>\n<\/div>\n<\/div>\n<\/div>\n<\/div>\n<\/div>\n<\/div>\n<\/div>\n<div class=\"\">\n<div class=\"\"><\/div>\n<\/div>\n<\/div>\n<\/div>\n<\/div>\n","protected":false},"featured_media":82256,"comment_status":"closed","ping_status":"closed","template":"","meta":{"_lmt_disableupdate":"no","_lmt_disable":""},"product_brand":[],"product_cat":[476,621,622,484],"product_tag":[1669,1675,1673,1674,1670,1668,1672,1671],"woo-feed-brand":[],"class_list":{"0":"post-82146","1":"product","2":"type-product","3":"status-publish","4":"has-post-thumbnail","6":"product_cat-tiempo-de-juego","7":"product_cat-juguetes-de-actividades","8":"product_cat-juguetes-musicales","9":"product_cat-peluches","10":"product_tag-centro-de-actividades-para-bebes","11":"product_tag-gimnasio-borneo-para-bebes","12":"product_tag-gimnasio-con-luces-para-bebes","13":"product_tag-gimnasio-de-desarrollo-para-bebes","14":"product_tag-gimnasio-musical-para-bebes","15":"product_tag-gimnasio-para-bebes","16":"product_tag-juguete-sensorial-para-bebes","17":"product_tag-manta-de-actividades-para-bebes","19":"first","20":"instock","21":"taxable","22":"shipping-taxable","23":"purchasable","24":"product-type-simple"},"_links":{"self":[{"href":"https:\/\/www.bojungle.eu\/es\/wp-json\/wp\/v2\/product\/82146","targetHints":{"allow":["GET"]}}],"collection":[{"href":"https:\/\/www.bojungle.eu\/es\/wp-json\/wp\/v2\/product"}],"about":[{"href":"https:\/\/www.bojungle.eu\/es\/wp-json\/wp\/v2\/types\/product"}],"replies":[{"embeddable":true,"href":"https:\/\/www.bojungle.eu\/es\/wp-json\/wp\/v2\/comments?post=82146"}],"version-history":[{"count":4,"href":"https:\/\/www.bojungle.eu\/es\/wp-json\/wp\/v2\/product\/82146\/revisions"}],"predecessor-version":[{"id":85531,"href":"https:\/\/www.bojungle.eu\/es\/wp-json\/wp\/v2\/product\/82146\/revisions\/85531"}],"wp:featuredmedia":[{"embeddable":true,"href":"https:\/\/www.bojungle.eu\/es\/wp-json\/wp\/v2\/media\/82256"}],"wp:attachment":[{"href":"https:\/\/www.bojungle.eu\/es\/wp-json\/wp\/v2\/media?parent=82146"}],"wp:term":[{"taxonomy":"product_brand","embeddable":true,"href":"https:\/\/www.bojungle.eu\/es\/wp-json\/wp\/v2\/product_brand?post=82146"},{"taxonomy":"product_cat","embeddable":true,"href":"https:\/\/www.bojungle.eu\/es\/wp-json\/wp\/v2\/product_cat?post=82146"},{"taxonomy":"product_tag","embeddable":true,"href":"https:\/\/www.bojungle.eu\/es\/wp-json\/wp\/v2\/product_tag?post=82146"},{"taxonomy":"woo-feed-brand","embeddable":true,"href":"https:\/\/www.bojungle.eu\/es\/wp-json\/wp\/v2\/woo-feed-brand?post=82146"}],"curies":[{"name":"wp","href":"https:\/\/api.w.org\/{rel}","templated":true}]}}