{"id":83166,"date":"2025-11-26T15:40:07","date_gmt":"2025-11-26T14:40:07","guid":{"rendered":"https:\/\/www.bojungle.eu\/?post_type=product&#038;p=83166"},"modified":"2025-12-18T09:49:15","modified_gmt":"2025-12-18T08:49:15","slug":"mordera-de-agua-formas-frias-3-piezas","status":"publish","type":"product","link":"https:\/\/www.bojungle.eu\/es\/producto\/mordera-de-agua-formas-frias-3-piezas\/","title":{"rendered":"Mordera de agua Formas Fr\u00edas 3 piezas"},"content":{"rendered":"<p>Anillos de dentici\u00f3n enfriadores de diferentes formas, ideales para calmar las enc\u00edas de tu beb\u00e9 durante la dentici\u00f3n. Los colores y formas divertidos tambi\u00e9n estimulan los sentidos de tu hijo.<\/p>\n<ul>\n<li>Conjunto de 3 anillos de dentici\u00f3n coloridos<\/li>\n<li>Lleno de agua segura y esterilizada para enfriar<\/li>\n<li>Ligero y f\u00e1cil de sujetar para manos peque\u00f1as<\/li>\n<li>Textura en los mordedores para un masaje extra de enc\u00edas<\/li>\n<li>Se puede enfriar en la nevera para un reconfortante extra<\/li>\n<li>Sin BPA y seguro para masticar<\/li>\n<\/ul>\n","protected":false},"excerpt":{"rendered":"<p>Anillos de dentici\u00f3n enfriadores de diferentes formas, ideales para calmar las enc\u00edas de tu beb\u00e9 durante la dentici\u00f3n. Los colores y formas divertidos tambi\u00e9n estimulan los sentidos de tu hijo.<\/p>\n","protected":false},"featured_media":83176,"comment_status":"closed","ping_status":"closed","template":"","meta":{"_lmt_disableupdate":"no","_lmt_disable":""},"product_brand":[],"product_cat":[602,503,476],"product_tag":[],"woo-feed-brand":[],"class_list":{"0":"post-83166","1":"product","2":"type-product","3":"status-publish","4":"has-post-thumbnail","6":"product_cat-juguetes-mordedores","7":"product_cat-juguetes-de-colores","8":"product_cat-tiempo-de-juego","10":"first","11":"instock","12":"taxable","13":"shipping-taxable","14":"purchasable","15":"product-type-simple"},"_links":{"self":[{"href":"https:\/\/www.bojungle.eu\/es\/wp-json\/wp\/v2\/product\/83166","targetHints":{"allow":["GET"]}}],"collection":[{"href":"https:\/\/www.bojungle.eu\/es\/wp-json\/wp\/v2\/product"}],"about":[{"href":"https:\/\/www.bojungle.eu\/es\/wp-json\/wp\/v2\/types\/product"}],"replies":[{"embeddable":true,"href":"https:\/\/www.bojungle.eu\/es\/wp-json\/wp\/v2\/comments?post=83166"}],"version-history":[{"count":3,"href":"https:\/\/www.bojungle.eu\/es\/wp-json\/wp\/v2\/product\/83166\/revisions"}],"predecessor-version":[{"id":83689,"href":"https:\/\/www.bojungle.eu\/es\/wp-json\/wp\/v2\/product\/83166\/revisions\/83689"}],"wp:featuredmedia":[{"embeddable":true,"href":"https:\/\/www.bojungle.eu\/es\/wp-json\/wp\/v2\/media\/83176"}],"wp:attachment":[{"href":"https:\/\/www.bojungle.eu\/es\/wp-json\/wp\/v2\/media?parent=83166"}],"wp:term":[{"taxonomy":"product_brand","embeddable":true,"href":"https:\/\/www.bojungle.eu\/es\/wp-json\/wp\/v2\/product_brand?post=83166"},{"taxonomy":"product_cat","embeddable":true,"href":"https:\/\/www.bojungle.eu\/es\/wp-json\/wp\/v2\/product_cat?post=83166"},{"taxonomy":"product_tag","embeddable":true,"href":"https:\/\/www.bojungle.eu\/es\/wp-json\/wp\/v2\/product_tag?post=83166"},{"taxonomy":"woo-feed-brand","embeddable":true,"href":"https:\/\/www.bojungle.eu\/es\/wp-json\/wp\/v2\/woo-feed-brand?post=83166"}],"curies":[{"name":"wp","href":"https:\/\/api.w.org\/{rel}","templated":true}]}}