{"id":83269,"date":"2025-10-22T10:09:26","date_gmt":"2025-10-22T08:09:26","guid":{"rendered":"https:\/\/www.bojungle.eu\/product\/bandejas-de-congelador-de-fruta-para-duna\/"},"modified":"2025-12-10T14:08:32","modified_gmt":"2025-12-10T13:08:32","slug":"bandejas-de-congelador-de-fruta-para-duna","status":"publish","type":"product","link":"https:\/\/www.bojungle.eu\/es\/producto\/bandejas-de-congelador-de-fruta-para-duna\/","title":{"rendered":"Bandejas de congelador de fruta para duna"},"content":{"rendered":"<p data-start=\"1748\" data-end=\"2051\">Con esta pr\u00e1ctica bandeja congeladora para alimentar frutas, preparar golosinas heladas saludables para tu beb\u00e9 es r\u00e1pido y sencillo. Simplemente llena la bandeja con fruta fresca, pur\u00e9 de frutas o verduras, o incluso leche para beb\u00e9s. M\u00e9telo en el congelador y pronto tendr\u00e1s cubos sabrosos y refrescantes que encajan perfectamente en nuestros comederos de fruta.  <\/p>\n<p data-start=\"2053\" data-end=\"2341\">Estos snacks naturales congelados son perfectos para los beb\u00e9s que est\u00e1n saliendo los dientes, calman las enc\u00edas doloridas mientras introducen a tu peque\u00f1o en sabores frescos y saludables. Sin az\u00facar a\u00f1adido, sin complicaciones, solo delicias caseras y saludables.<br data-start=\"2259\" data-end=\"2262\">Una forma pr\u00e1ctica, reconfortante y saludable de mantener a tu beb\u00e9 feliz y con energ\u00eda. <\/p>\n","protected":false},"excerpt":{"rendered":"<p data-start=\"1466\" data-end=\"1715\">Crea snacks saludables y refrescantes para beb\u00e9s en un abrir y cerrar de ojos con esta bandeja congeladora de frutas. Ll\u00e9nalo con fruta, pur\u00e9 o leche de beb\u00e9, congela y disfruta de cubos naturales que encajen perfectamente en nuestros comederos de fruta, ideales para calmar las enc\u00edas doloridas durante la dentici\u00f3n. <\/p>\n<h3 data-start=\"1717\" data-end=\"1747\"><\/h3>\n","protected":false},"featured_media":81071,"comment_status":"open","ping_status":"closed","template":"","meta":{"_lmt_disableupdate":"","_lmt_disable":""},"product_brand":[],"product_cat":[462,464,466],"product_tag":[],"woo-feed-brand":[],"class_list":{"0":"post-83269","1":"product","2":"type-product","3":"status-publish","4":"has-post-thumbnail","6":"product_cat-comida-y-bebida","7":"product_cat-gama-de-silicona","8":"product_cat-preparacion-de-comidas","10":"first","11":"instock","12":"taxable","13":"shipping-taxable","14":"purchasable","15":"product-type-simple"},"_links":{"self":[{"href":"https:\/\/www.bojungle.eu\/es\/wp-json\/wp\/v2\/product\/83269","targetHints":{"allow":["GET"]}}],"collection":[{"href":"https:\/\/www.bojungle.eu\/es\/wp-json\/wp\/v2\/product"}],"about":[{"href":"https:\/\/www.bojungle.eu\/es\/wp-json\/wp\/v2\/types\/product"}],"replies":[{"embeddable":true,"href":"https:\/\/www.bojungle.eu\/es\/wp-json\/wp\/v2\/comments?post=83269"}],"version-history":[{"count":1,"href":"https:\/\/www.bojungle.eu\/es\/wp-json\/wp\/v2\/product\/83269\/revisions"}],"predecessor-version":[{"id":83270,"href":"https:\/\/www.bojungle.eu\/es\/wp-json\/wp\/v2\/product\/83269\/revisions\/83270"}],"wp:featuredmedia":[{"embeddable":true,"href":"https:\/\/www.bojungle.eu\/es\/wp-json\/wp\/v2\/media\/81071"}],"wp:attachment":[{"href":"https:\/\/www.bojungle.eu\/es\/wp-json\/wp\/v2\/media?parent=83269"}],"wp:term":[{"taxonomy":"product_brand","embeddable":true,"href":"https:\/\/www.bojungle.eu\/es\/wp-json\/wp\/v2\/product_brand?post=83269"},{"taxonomy":"product_cat","embeddable":true,"href":"https:\/\/www.bojungle.eu\/es\/wp-json\/wp\/v2\/product_cat?post=83269"},{"taxonomy":"product_tag","embeddable":true,"href":"https:\/\/www.bojungle.eu\/es\/wp-json\/wp\/v2\/product_tag?post=83269"},{"taxonomy":"woo-feed-brand","embeddable":true,"href":"https:\/\/www.bojungle.eu\/es\/wp-json\/wp\/v2\/woo-feed-brand?post=83269"}],"curies":[{"name":"wp","href":"https:\/\/api.w.org\/{rel}","templated":true}]}}