{"id":83290,"date":"2025-10-22T10:41:25","date_gmt":"2025-10-22T08:41:25","guid":{"rendered":"https:\/\/www.bojungle.eu\/product\/duna-4-en-1-comedero-de-frutas\/"},"modified":"2025-12-10T14:09:55","modified_gmt":"2025-12-10T13:09:55","slug":"duna-4-en-1-comedero-de-frutas","status":"publish","type":"product","link":"https:\/\/www.bojungle.eu\/es\/producto\/duna-4-en-1-comedero-de-frutas\/","title":{"rendered":"Duna 4-en-1 Comedero de Frutas"},"content":{"rendered":"<p>Presentamos el Comedero de Frutas 4 en 1, una forma divertida y segura para que tu peque\u00f1o pruebe diferentes alimentos.<\/p>\n<p><strong>Caracter\u00edsticas:<\/strong><\/p>\n<ul>\n<li><strong>Comer con seguridad:<\/strong> Corta la fruta o la verdura en trozos peque\u00f1os y m\u00e9telos dentro. Su hijo podr\u00e1 disfrutar de sabrosos bocados sin preocuparse de atragantarse.<\/li>\n<li><strong>4 maneras de alimentarse: <\/strong> Viene con tres piezas diferentes y una red, para que puedas elegir lo que mejor se adapte a la edad y los gustos de tu hijo.<\/li>\n<li><strong>F\u00e1cil de limpiar: <\/strong> \u00a1Sin complicaciones! M\u00e9telo en el lavavajillas cuando necesites lavarlo.<\/li>\n<li><strong>No ensucia: <\/strong> Con la tapa, puedes guardarlo sin derrames.<\/li>\n<li><strong>Material seguro: <\/strong> Est\u00e1 hecho sin productos qu\u00edmicos nocivos, por lo que es seguro para tu peque\u00f1o.<\/li>\n<\/ul>\n<p>Con el Fruit Feeder 4-en-1, la hora de la comida es f\u00e1cil y divertida.<\/p>\n","protected":false},"excerpt":{"rendered":"<div class=\"elementor-element elementor-element-80cf67d elementor-widget elementor-widget-jet-single-excerpt\" data-id=\"80cf67d\" data-element_type=\"widget\" data-widget_type=\"jet-single-excerpt.default\">\n<div class=\"elementor-widget-container\">\n<div class=\"elementor-jet-single-excerpt jet-woo-builder\">\n<div class=\"woocommerce-product-details__short-description\">\n<p><span class=\"OYPEnA text-decoration-none text-strikethrough-none\">Con este adorable comedero de frutas 4 en 1, tu peque\u00f1o puede saborear todo tipo de delicias a su antojo y, sobre todo, de forma segura. Corta verduras y\/o frutas en trozos peque\u00f1os y col\u00f3calos en el accesorio o red adecuada. De este modo, descubren nuevos sabores sin riesgo de atragantarse. Gracias a la tapa pr\u00e1ctica, puedes guardar el comedero de frutas sin ensuciarse despu\u00e9s   <\/span><\/p>\n<\/div>\n<\/div>\n<\/div>\n<\/div>\n<div class=\"elementor-element elementor-element-c5d7d93 elementor-widget elementor-widget-spacer\" data-id=\"c5d7d93\" data-element_type=\"widget\" data-widget_type=\"spacer.default\">\n<div class=\"elementor-widget-container\">\n<div class=\"elementor-spacer\"><\/div>\n<\/div>\n<\/div>\n","protected":false},"featured_media":81214,"comment_status":"closed","ping_status":"closed","template":"","meta":{"_lmt_disableupdate":"","_lmt_disable":""},"product_brand":[],"product_cat":[462,557],"product_tag":[],"woo-feed-brand":[],"class_list":{"0":"post-83290","1":"product","2":"type-product","3":"status-publish","4":"has-post-thumbnail","6":"product_cat-comida-y-bebida","7":"product_cat-hora-de-cenar","9":"first","10":"instock","11":"taxable","12":"shipping-taxable","13":"purchasable","14":"product-type-simple"},"_links":{"self":[{"href":"https:\/\/www.bojungle.eu\/es\/wp-json\/wp\/v2\/product\/83290","targetHints":{"allow":["GET"]}}],"collection":[{"href":"https:\/\/www.bojungle.eu\/es\/wp-json\/wp\/v2\/product"}],"about":[{"href":"https:\/\/www.bojungle.eu\/es\/wp-json\/wp\/v2\/types\/product"}],"replies":[{"embeddable":true,"href":"https:\/\/www.bojungle.eu\/es\/wp-json\/wp\/v2\/comments?post=83290"}],"version-history":[{"count":0,"href":"https:\/\/www.bojungle.eu\/es\/wp-json\/wp\/v2\/product\/83290\/revisions"}],"wp:featuredmedia":[{"embeddable":true,"href":"https:\/\/www.bojungle.eu\/es\/wp-json\/wp\/v2\/media\/81214"}],"wp:attachment":[{"href":"https:\/\/www.bojungle.eu\/es\/wp-json\/wp\/v2\/media?parent=83290"}],"wp:term":[{"taxonomy":"product_brand","embeddable":true,"href":"https:\/\/www.bojungle.eu\/es\/wp-json\/wp\/v2\/product_brand?post=83290"},{"taxonomy":"product_cat","embeddable":true,"href":"https:\/\/www.bojungle.eu\/es\/wp-json\/wp\/v2\/product_cat?post=83290"},{"taxonomy":"product_tag","embeddable":true,"href":"https:\/\/www.bojungle.eu\/es\/wp-json\/wp\/v2\/product_tag?post=83290"},{"taxonomy":"woo-feed-brand","embeddable":true,"href":"https:\/\/www.bojungle.eu\/es\/wp-json\/wp\/v2\/woo-feed-brand?post=83290"}],"curies":[{"name":"wp","href":"https:\/\/api.w.org\/{rel}","templated":true}]}}