{"id":83301,"date":"2025-11-26T14:31:24","date_gmt":"2025-11-26T13:31:24","guid":{"rendered":"https:\/\/www.bojungle.eu\/product\/la-salud-del-bebe-set-dune\/"},"modified":"2025-12-10T14:11:34","modified_gmt":"2025-12-10T13:11:34","slug":"la-salud-del-bebe-set-dune","status":"publish","type":"product","link":"https:\/\/www.bojungle.eu\/es\/producto\/la-salud-del-bebe-set-dune\/","title":{"rendered":"La salud del beb\u00e9 Set Dune"},"content":{"rendered":"<p>\u00bfVas de viaje o simplemente quieres ahorrar espacio en casa? Con este cl\u00e1sico set de cuidado, tienes todo lo que necesitas al alcance de la mano en un formato compacto. Este set de cuidados contiene todos los elementos esenciales para cuidar de tu beb\u00e9. La bolsa est\u00e1 hecha de tejidos de alta calidad y se puede lavar a m\u00e1quina.   <\/p>\n<ul>\n<li>Limas de u\u00f1as<\/li>\n<li>Tijeras peque\u00f1as<\/li>\n<li>Cepillo de dientes para dedos<\/li>\n<li>Peine<\/li>\n<li>Cepillo suave<\/li>\n<li>Term\u00f3metro digital flexible<\/li>\n<li>Bulbo nariz<\/li>\n<li>Corta\u00fa\u00f1as<\/li>\n<\/ul>\n","protected":false},"excerpt":{"rendered":"<p>\u00bfVas de viaje o simplemente quieres ahorrar espacio en casa? Con este cl\u00e1sico set de cuidado, tienes todo lo que necesitas al alcance de la mano en un formato compacto. Este set de cuidados contiene todos los elementos esenciales para cuidar de tu beb\u00e9. La bolsa est\u00e1 hecha de tejidos de alta calidad y se puede lavar a m\u00e1quina.   <\/p>\n","protected":false},"featured_media":82114,"comment_status":"closed","ping_status":"closed","template":"","meta":{"_lmt_disableupdate":"","_lmt_disable":""},"product_brand":[],"product_cat":[593,518],"product_tag":[],"woo-feed-brand":[],"class_list":{"0":"post-83301","1":"product","2":"type-product","3":"status-publish","4":"has-post-thumbnail","6":"product_cat-belleza-y-salud-del-bebe","7":"product_cat-cuidado","9":"first","10":"instock","11":"featured","12":"taxable","13":"shipping-taxable","14":"purchasable","15":"product-type-simple"},"_links":{"self":[{"href":"https:\/\/www.bojungle.eu\/es\/wp-json\/wp\/v2\/product\/83301","targetHints":{"allow":["GET"]}}],"collection":[{"href":"https:\/\/www.bojungle.eu\/es\/wp-json\/wp\/v2\/product"}],"about":[{"href":"https:\/\/www.bojungle.eu\/es\/wp-json\/wp\/v2\/types\/product"}],"replies":[{"embeddable":true,"href":"https:\/\/www.bojungle.eu\/es\/wp-json\/wp\/v2\/comments?post=83301"}],"version-history":[{"count":0,"href":"https:\/\/www.bojungle.eu\/es\/wp-json\/wp\/v2\/product\/83301\/revisions"}],"wp:featuredmedia":[{"embeddable":true,"href":"https:\/\/www.bojungle.eu\/es\/wp-json\/wp\/v2\/media\/82114"}],"wp:attachment":[{"href":"https:\/\/www.bojungle.eu\/es\/wp-json\/wp\/v2\/media?parent=83301"}],"wp:term":[{"taxonomy":"product_brand","embeddable":true,"href":"https:\/\/www.bojungle.eu\/es\/wp-json\/wp\/v2\/product_brand?post=83301"},{"taxonomy":"product_cat","embeddable":true,"href":"https:\/\/www.bojungle.eu\/es\/wp-json\/wp\/v2\/product_cat?post=83301"},{"taxonomy":"product_tag","embeddable":true,"href":"https:\/\/www.bojungle.eu\/es\/wp-json\/wp\/v2\/product_tag?post=83301"},{"taxonomy":"woo-feed-brand","embeddable":true,"href":"https:\/\/www.bojungle.eu\/es\/wp-json\/wp\/v2\/woo-feed-brand?post=83301"}],"curies":[{"name":"wp","href":"https:\/\/api.w.org\/{rel}","templated":true}]}}