{"id":83359,"date":"2025-10-22T13:28:06","date_gmt":"2025-10-22T11:28:06","guid":{"rendered":"https:\/\/www.bojungle.eu\/product\/conjunto-de-estetica-de-lujo\/"},"modified":"2025-12-10T14:12:41","modified_gmt":"2025-12-10T13:12:41","slug":"conjunto-de-estetica-de-lujo","status":"publish","type":"product","link":"https:\/\/www.bojungle.eu\/es\/producto\/conjunto-de-estetica-de-lujo\/","title":{"rendered":"Conjunto de Est\u00e9tica de Lujo"},"content":{"rendered":"<p>\u00a1Descubre nuestro elegante set de peluquer\u00eda para beb\u00e9s! Tiene todo lo que necesitas para cuidar de tu peque\u00f1o: \u00a1un total de 15 objetos! <\/p>\n<ol>\n<li><strong>Cuidado de las u\u00f1as:<\/strong> Tenemos limas, tijeras y un corta\u00fa\u00f1as para mantener esas peque\u00f1as u\u00f1as cuidadas y ordenadas<\/li>\n<li><strong>Cepillos de dientes:<\/strong> Hay uno normal y otro peque\u00f1o para los deditos, para ayudar a mantener limpios esos blancos perlados.<\/li>\n<li><strong>Cuidado del cabello: Un peine y un cepillo suave para mantener el pelo de tu beb\u00e9 con el mejor aspecto.<\/strong><\/li>\n<li><strong>Herramientas de medicaci\u00f3n:<\/strong> Hemos incluido una jeringuilla para administrar medicamentos l\u00edquidos con precisi\u00f3n.<\/li>\n<li><strong>Term\u00f3metros<\/strong>: Un term\u00f3metro digital para comprobar la temperatura de tu beb\u00e9 y uno especial para el ba\u00f1o para asegurarte de que est\u00e1 en su punto.<\/li>\n<li><strong>Aspirador nasal:<\/strong> Ayuda a despejar la nariz taponada de tu beb\u00e9 para que respire mejor.<\/li>\n<\/ol>\n<p>La bolsa en la que viene todo es s\u00faper moderna y tiene espacio de sobra para extras como champ\u00fa y loci\u00f3n. Adem\u00e1s, viene con un perche para que puedas colgarlo en un gancho cuando vayas de viaje. Y no te preocupes por derrames: la bolsa est\u00e1 hecha de un material de buena calidad que puedes meter en la lavadora cuando necesite una limpieza. As\u00ed que mant\u00e9n a tu beb\u00e9 con un aspecto y una sensaci\u00f3n estupendas con nuestro Set de Peluquer\u00eda en Gris.   <\/p>\n","protected":false},"excerpt":{"rendered":"<p>\u00a1Descubre nuestro set de peluquer\u00eda de lujo! Con 15 art\u00edculos esenciales, incluyendo utensilios para el cuidado de u\u00f1as, cepillos de dientes, accesorios para el cabello y m\u00e1s, este set tiene todo lo que necesitas para mantener a tu peque\u00f1o limpio y c\u00f3modo. La elegante bolsa ofrece un almacenamiento c\u00f3modo y se puede lavar a m\u00e1quina para facilitar la limpieza. \u00a1Mejora hoy la rutina de peluquer\u00eda de tu beb\u00e9 con este set imprescindible!   <\/p>\n","protected":false},"featured_media":81966,"comment_status":"closed","ping_status":"closed","template":"","meta":{"_lmt_disableupdate":"","_lmt_disable":""},"product_brand":[],"product_cat":[593,518],"product_tag":[],"woo-feed-brand":[],"class_list":{"0":"post-83359","1":"product","2":"type-product","3":"status-publish","4":"has-post-thumbnail","6":"product_cat-belleza-y-salud-del-bebe","7":"product_cat-cuidado","9":"first","10":"instock","11":"featured","12":"taxable","13":"shipping-taxable","14":"purchasable","15":"product-type-simple"},"_links":{"self":[{"href":"https:\/\/www.bojungle.eu\/es\/wp-json\/wp\/v2\/product\/83359","targetHints":{"allow":["GET"]}}],"collection":[{"href":"https:\/\/www.bojungle.eu\/es\/wp-json\/wp\/v2\/product"}],"about":[{"href":"https:\/\/www.bojungle.eu\/es\/wp-json\/wp\/v2\/types\/product"}],"replies":[{"embeddable":true,"href":"https:\/\/www.bojungle.eu\/es\/wp-json\/wp\/v2\/comments?post=83359"}],"version-history":[{"count":0,"href":"https:\/\/www.bojungle.eu\/es\/wp-json\/wp\/v2\/product\/83359\/revisions"}],"wp:featuredmedia":[{"embeddable":true,"href":"https:\/\/www.bojungle.eu\/es\/wp-json\/wp\/v2\/media\/81966"}],"wp:attachment":[{"href":"https:\/\/www.bojungle.eu\/es\/wp-json\/wp\/v2\/media?parent=83359"}],"wp:term":[{"taxonomy":"product_brand","embeddable":true,"href":"https:\/\/www.bojungle.eu\/es\/wp-json\/wp\/v2\/product_brand?post=83359"},{"taxonomy":"product_cat","embeddable":true,"href":"https:\/\/www.bojungle.eu\/es\/wp-json\/wp\/v2\/product_cat?post=83359"},{"taxonomy":"product_tag","embeddable":true,"href":"https:\/\/www.bojungle.eu\/es\/wp-json\/wp\/v2\/product_tag?post=83359"},{"taxonomy":"woo-feed-brand","embeddable":true,"href":"https:\/\/www.bojungle.eu\/es\/wp-json\/wp\/v2\/woo-feed-brand?post=83359"}],"curies":[{"name":"wp","href":"https:\/\/api.w.org\/{rel}","templated":true}]}}