{"id":83372,"date":"2025-10-22T11:52:10","date_gmt":"2025-10-22T09:52:10","guid":{"rendered":"https:\/\/www.bojungle.eu\/product\/jade-de-la-caja-de-polvo-nomada\/"},"modified":"2025-12-10T14:12:56","modified_gmt":"2025-12-10T13:12:56","slug":"jade-de-la-caja-de-polvo-nomada","status":"publish","type":"product","link":"https:\/\/www.bojungle.eu\/es\/producto\/jade-de-la-caja-de-polvo-nomada\/","title":{"rendered":"Jade de la Caja de Polvo N\u00f3mada"},"content":{"rendered":"<p>La caja de polvos Nomadic es el compa\u00f1ero perfecto para los padres que est\u00e1n de viaje. Dise\u00f1ada para almacenar leche en polvo u otros suplementos en polvo, esta caja ofrece la m\u00e1xima comodidad. Su dise\u00f1o compacto y port\u00e1til hace que sea f\u00e1cil de llevar a donde sea que la vida te lleve. Ya sea que est\u00e9s de viaje, en el parque o simplemente haciendo recados, la caja de polvos Nomadic mantiene tu polvo fresco y accesible.   <\/p>\n<p>Caracter\u00edsticas clave:<\/p>\n<ul>\n<li><strong>Almacenamiento de leche en polvo: <\/strong>ideal para almacenar leche en polvo u otros alimentos en polvo.<\/li>\n<li><strong>Port\u00e1til y pr\u00e1ctico:<\/strong> liviano y f\u00e1cil de transportar, cabe perfectamente en su bolso o cochecito.<\/li>\n<li><strong>F\u00e1cil de limpiar: <\/strong>f\u00e1cil de limpiar, lo que garantiza higiene y comodidad.<\/li>\n<li><strong>Cuchara incluida:<\/strong> viene con una cuchara conveniente para recoger y medir f\u00e1cilmente.<\/li>\n<\/ul>\n<p>Mantenga la leche o el suplemento en polvo de su beb\u00e9 organizados y accesibles con Nomadic Powder Box, \u00a1un art\u00edculo imprescindible para todo padre ocupado!<\/p>\n","protected":false},"excerpt":{"rendered":"<div class=\"elementor-element elementor-element-80cf67d elementor-widget elementor-widget-jet-single-excerpt\" data-id=\"80cf67d\" data-element_type=\"widget\" data-widget_type=\"jet-single-excerpt.default\">\n<div class=\"elementor-widget-container\">\n<div class=\"elementor-jet-single-excerpt jet-woo-builder\">\n<div class=\"woocommerce-product-details__short-description\">\n<p>A Nomadic Powder Box \u00e9 uma solu\u00e7\u00e3o compacta e port\u00e1til para armazenar leite em p\u00f3. Ligero y f\u00e1cil de llevar, incluye una cuchara para mayor comodidad y es f\u00e1cil de limpiar, lo que lo hace perfecto para padres que est\u00e1n en movimiento.<\/p>\n<\/div>\n<\/div>\n<\/div>\n<\/div>\n<div class=\"elementor-element elementor-element-c5d7d93 elementor-widget elementor-widget-spacer\" data-id=\"c5d7d93\" data-element_type=\"widget\" data-widget_type=\"spacer.default\">\n<div class=\"elementor-widget-container\">\n<div class=\"elementor-spacer\"><\/div>\n<\/div>\n<\/div>\n","protected":false},"featured_media":81766,"comment_status":"closed","ping_status":"closed","template":"","meta":{"_lmt_disableupdate":"","_lmt_disable":""},"product_brand":[],"product_cat":[462,466],"product_tag":[],"woo-feed-brand":[],"class_list":{"0":"post-83372","1":"product","2":"type-product","3":"status-publish","4":"has-post-thumbnail","6":"product_cat-comida-y-bebida","7":"product_cat-preparacion-de-comidas","9":"first","10":"instock","11":"featured","12":"taxable","13":"shipping-taxable","14":"purchasable","15":"product-type-simple"},"_links":{"self":[{"href":"https:\/\/www.bojungle.eu\/es\/wp-json\/wp\/v2\/product\/83372","targetHints":{"allow":["GET"]}}],"collection":[{"href":"https:\/\/www.bojungle.eu\/es\/wp-json\/wp\/v2\/product"}],"about":[{"href":"https:\/\/www.bojungle.eu\/es\/wp-json\/wp\/v2\/types\/product"}],"replies":[{"embeddable":true,"href":"https:\/\/www.bojungle.eu\/es\/wp-json\/wp\/v2\/comments?post=83372"}],"version-history":[{"count":0,"href":"https:\/\/www.bojungle.eu\/es\/wp-json\/wp\/v2\/product\/83372\/revisions"}],"wp:featuredmedia":[{"embeddable":true,"href":"https:\/\/www.bojungle.eu\/es\/wp-json\/wp\/v2\/media\/81766"}],"wp:attachment":[{"href":"https:\/\/www.bojungle.eu\/es\/wp-json\/wp\/v2\/media?parent=83372"}],"wp:term":[{"taxonomy":"product_brand","embeddable":true,"href":"https:\/\/www.bojungle.eu\/es\/wp-json\/wp\/v2\/product_brand?post=83372"},{"taxonomy":"product_cat","embeddable":true,"href":"https:\/\/www.bojungle.eu\/es\/wp-json\/wp\/v2\/product_cat?post=83372"},{"taxonomy":"product_tag","embeddable":true,"href":"https:\/\/www.bojungle.eu\/es\/wp-json\/wp\/v2\/product_tag?post=83372"},{"taxonomy":"woo-feed-brand","embeddable":true,"href":"https:\/\/www.bojungle.eu\/es\/wp-json\/wp\/v2\/woo-feed-brand?post=83372"}],"curies":[{"name":"wp","href":"https:\/\/api.w.org\/{rel}","templated":true}]}}