{"id":83443,"date":"2025-10-22T13:13:54","date_gmt":"2025-10-22T11:13:54","guid":{"rendered":"https:\/\/www.bojungle.eu\/product\/organizador-de-termo-extractores-de-leche-dune\/"},"modified":"2025-12-10T14:14:36","modified_gmt":"2025-12-10T13:14:36","slug":"organizador-de-termo-extractores-de-leche-dune","status":"publish","type":"product","link":"https:\/\/www.bojungle.eu\/es\/producto\/organizador-de-termo-extractores-de-leche-dune\/","title":{"rendered":"Organizador de Termo Extractores de Leche Dune"},"content":{"rendered":"<p>Nuestro Termo Extractor de Sacos de Seche es la soluci\u00f3n esencial para las madres lactantes que est\u00e1n siempre en movimiento. Elaborado con comodidad y discreci\u00f3n en mente, este organizador est\u00e1 dise\u00f1ado para integrarse perfectamente en tu ajetreado estilo de vida, manteniendo tus esenciales de lactancia ordenados y f\u00e1cilmente accesibles. <\/p>\n<p>Con un dise\u00f1o discreto que se integra sin esfuerzo con las \u00faltimas tendencias y nuestra gama de productos premium, este organizador garantiza que puedas continuar tu camino de lactancia con confianza y estilo. Tanto si vas a la oficina como si te embarcas en una aventura de fin de semana, este elegante bolso te tiene todo lo que necesitas. <\/p>\n<p>Equipado con un compartimento termoaislante, nuestro organizador mantiene la temperatura \u00f3ptima para tu leche materna o, m\u00e1s adelante, para los tarros de comida para beb\u00e9s, asegurando frescura dondequiera que vayas.<\/p>\n<p>Con dos compartimentos separados, puedes organizar tus cosas esenciales de forma eficiente. El compartimento superior acomoda c\u00f3modamente tu sacaleches, mientras que el compartimento inferior ofrece espacio suficiente para guardar biberones de leche y otros art\u00edculos necesarios. Con espacio suficiente para un sacaleches, dos biberones, compresas y otras peque\u00f1as pertenencias, todo lo que necesitas est\u00e1 al alcance de tu mano.  <\/p>\n<p>En el interior, bolsillos estrat\u00e9gicamente colocados mantienen tus objetos seguros y f\u00e1cilmente accesibles. No m\u00e1s buscar objetos extraviados; Todo permanece en su sitio, permiti\u00e9ndote centrarte en cuidar de tu peque\u00f1o. <\/p>\n<p>Mejora tu camino de lactancia materna con nuestro Organizador de Sacaleches Termo. Pr\u00e1ctico, elegante y vers\u00e1til, es el compa\u00f1ero perfecto para cualquier madre lactante.<\/p>\n","protected":false},"excerpt":{"rendered":"<ul>\n<li>El organizador de sacaleches Thermo ha sido dise\u00f1ado para facilitar a las madres lactantes la tarea de llevar consigo todo lo que necesitan cuando, por ejemplo, vuelven al trabajo y desean continuar con la lactancia. Cuando el beb\u00e9 deje de tomar el pecho, esta discreta bolsa podr\u00e1 utilizarse siempre para llevarla de viaje, etc.<\/li>\n<li>Dise\u00f1o discreto basado en las \u00faltimas tendencias y en l\u00ednea con el resto de nuestros productos<\/li>\n<li>Bolsa termoaislante para guardar la leche materna (o m\u00e1s adelante tarritos de potitos, etc.) y mantenerla fr\u00eda<\/li>\n<li>Dos compartimentos separados: compartimento superior para el sacaleches, compartimento inferior para biberones, etc.<\/li>\n<li>Espacio suficiente para guardar un sacaleches, dos biberones, algunos discos de lactancia y otros peque\u00f1os enseres.<\/li>\n<li>Bolsillos en el interior para mantener todo en su sitio<\/li>\n<\/ul>\n","protected":false},"featured_media":81922,"comment_status":"closed","ping_status":"closed","template":"","meta":{"_lmt_disableupdate":"","_lmt_disable":""},"product_brand":[],"product_cat":[638,637],"product_tag":[],"woo-feed-brand":[],"class_list":{"0":"post-83443","1":"product","2":"type-product","3":"status-publish","4":"has-post-thumbnail","6":"product_cat-accesorios-de-exterior","7":"product_cat-en-el-exterior","9":"first","10":"instock","11":"taxable","12":"shipping-taxable","13":"purchasable","14":"product-type-simple"},"_links":{"self":[{"href":"https:\/\/www.bojungle.eu\/es\/wp-json\/wp\/v2\/product\/83443","targetHints":{"allow":["GET"]}}],"collection":[{"href":"https:\/\/www.bojungle.eu\/es\/wp-json\/wp\/v2\/product"}],"about":[{"href":"https:\/\/www.bojungle.eu\/es\/wp-json\/wp\/v2\/types\/product"}],"replies":[{"embeddable":true,"href":"https:\/\/www.bojungle.eu\/es\/wp-json\/wp\/v2\/comments?post=83443"}],"version-history":[{"count":0,"href":"https:\/\/www.bojungle.eu\/es\/wp-json\/wp\/v2\/product\/83443\/revisions"}],"wp:featuredmedia":[{"embeddable":true,"href":"https:\/\/www.bojungle.eu\/es\/wp-json\/wp\/v2\/media\/81922"}],"wp:attachment":[{"href":"https:\/\/www.bojungle.eu\/es\/wp-json\/wp\/v2\/media?parent=83443"}],"wp:term":[{"taxonomy":"product_brand","embeddable":true,"href":"https:\/\/www.bojungle.eu\/es\/wp-json\/wp\/v2\/product_brand?post=83443"},{"taxonomy":"product_cat","embeddable":true,"href":"https:\/\/www.bojungle.eu\/es\/wp-json\/wp\/v2\/product_cat?post=83443"},{"taxonomy":"product_tag","embeddable":true,"href":"https:\/\/www.bojungle.eu\/es\/wp-json\/wp\/v2\/product_tag?post=83443"},{"taxonomy":"woo-feed-brand","embeddable":true,"href":"https:\/\/www.bojungle.eu\/es\/wp-json\/wp\/v2\/woo-feed-brand?post=83443"}],"curies":[{"name":"wp","href":"https:\/\/api.w.org\/{rel}","templated":true}]}}