{"id":83634,"date":"2025-12-10T16:08:22","date_gmt":"2025-12-10T15:08:22","guid":{"rendered":"https:\/\/www.bojungle.eu\/?post_type=product&#038;p=83634"},"modified":"2025-12-17T16:47:19","modified_gmt":"2025-12-17T15:47:19","slug":"cucharas-blandas-de-silicona-blanco-verde-salvia-jade","status":"publish","type":"product","link":"https:\/\/www.bojungle.eu\/es\/producto\/cucharas-blandas-de-silicona-blanco-verde-salvia-jade\/","title":{"rendered":"Cucharas blandas de silicona (blanco-verde salvia-jade)"},"content":{"rendered":"<p>Haz que la comida sea m\u00e1s suave con nuestras suaves cucharas de silicona dise\u00f1adas pensando en la comodidad de tu peque. La suave punta de silicona protege las enc\u00edas sensibles, mientras que la parte frontal plana hace que recoger y desenganchar la comida sea muy sencillo. Seguras y c\u00f3modas, estas cucharas son aptas para lavavajillas para facilitar la limpieza y vienen en un juego de tres. Adem\u00e1s, no contienen BPA, garantizando la seguridad de tu beb\u00e9 en cada bocado.<\/p>\n<ul>\n<li><strong>Punta suave de silicona<\/strong>: Suave para las enc\u00edas y perfecta para las primeras bocadas.<\/li>\n<li><strong>Frontal plano<\/strong>: Dise\u00f1ado para facilitar la recogida.<\/li>\n<li><strong>Apto para lavavajillas<\/strong>: limpieza sin complicaciones.<\/li>\n<li><strong>Libre de BPA<\/strong>: Seguro y no t\u00f3xico.<\/li>\n<\/ul>\n<p>\u00a1Haz que la hora de comer sea divertida, segura y f\u00e1cil!<\/p>\n","protected":false},"excerpt":{"rendered":"<div class=\"flex max-w-full flex-col flex-grow\">\n<div class=\"min-h-8 text-message flex w-full flex-col items-end gap-2 whitespace-normal break-words [.text-message+&amp;]:mt-5\" dir=\"auto\" data-message-author-role=\"assistant\" data-message-id=\"fd204360-cbd3-4df0-9ab5-f22ed10ca1b7\">\n<div class=\"flex w-full flex-col gap-1 empty:hidden first:pt-[3px]\">\n<div class=\"markdown prose w-full break-words dark:prose-invert light\">\n<p>El set de silicona suave est\u00e1 dise\u00f1ado para los primeros bocados de tu beb\u00e9; estas cucharas cuentan con una punta de silicona suave para proteger las enc\u00edas sensibles y una parte delantera plana para facilitar la recogida de la comida. Apto para lavavajillas y libre de BPA para un uso seguro y f\u00e1cil.<\/p>\n<\/div>\n<\/div>\n<\/div>\n<\/div>\n<div class=\"mb-2 flex gap-3 empty:hidden -ml-2\">\n<div class=\"items-center justify-start rounded-xl p-1 flex\">\n<div class=\"flex items-center\">\n<div class=\"flex\"><\/div>\n<div class=\"flex items-center pb-0\"><\/div>\n<\/div>\n<\/div>\n<\/div>\n","protected":false},"featured_media":83674,"comment_status":"closed","ping_status":"closed","template":"","meta":{"_lmt_disableupdate":"no","_lmt_disable":""},"product_brand":[],"product_cat":[462,557],"product_tag":[],"woo-feed-brand":[],"class_list":{"0":"post-83634","1":"product","2":"type-product","3":"status-publish","4":"has-post-thumbnail","6":"product_cat-comida-y-bebida","7":"product_cat-hora-de-cenar","9":"first","10":"outofstock","11":"taxable","12":"shipping-taxable","13":"purchasable","14":"product-type-simple"},"_links":{"self":[{"href":"https:\/\/www.bojungle.eu\/es\/wp-json\/wp\/v2\/product\/83634","targetHints":{"allow":["GET"]}}],"collection":[{"href":"https:\/\/www.bojungle.eu\/es\/wp-json\/wp\/v2\/product"}],"about":[{"href":"https:\/\/www.bojungle.eu\/es\/wp-json\/wp\/v2\/types\/product"}],"replies":[{"embeddable":true,"href":"https:\/\/www.bojungle.eu\/es\/wp-json\/wp\/v2\/comments?post=83634"}],"version-history":[{"count":4,"href":"https:\/\/www.bojungle.eu\/es\/wp-json\/wp\/v2\/product\/83634\/revisions"}],"predecessor-version":[{"id":83683,"href":"https:\/\/www.bojungle.eu\/es\/wp-json\/wp\/v2\/product\/83634\/revisions\/83683"}],"wp:featuredmedia":[{"embeddable":true,"href":"https:\/\/www.bojungle.eu\/es\/wp-json\/wp\/v2\/media\/83674"}],"wp:attachment":[{"href":"https:\/\/www.bojungle.eu\/es\/wp-json\/wp\/v2\/media?parent=83634"}],"wp:term":[{"taxonomy":"product_brand","embeddable":true,"href":"https:\/\/www.bojungle.eu\/es\/wp-json\/wp\/v2\/product_brand?post=83634"},{"taxonomy":"product_cat","embeddable":true,"href":"https:\/\/www.bojungle.eu\/es\/wp-json\/wp\/v2\/product_cat?post=83634"},{"taxonomy":"product_tag","embeddable":true,"href":"https:\/\/www.bojungle.eu\/es\/wp-json\/wp\/v2\/product_tag?post=83634"},{"taxonomy":"woo-feed-brand","embeddable":true,"href":"https:\/\/www.bojungle.eu\/es\/wp-json\/wp\/v2\/woo-feed-brand?post=83634"}],"curies":[{"name":"wp","href":"https:\/\/api.w.org\/{rel}","templated":true}]}}