{"id":84153,"date":"2026-01-15T13:31:34","date_gmt":"2026-01-15T12:31:34","guid":{"rendered":"https:\/\/www.bojungle.eu\/product\/tropicana-musica-y-movil-ligera\/"},"modified":"2026-03-31T15:15:44","modified_gmt":"2026-03-31T13:15:44","slug":"tropicana-musica-y-movil-ligera","status":"publish","type":"product","link":"https:\/\/www.bojungle.eu\/es\/producto\/tropicana-musica-y-movil-ligera\/","title":{"rendered":"Tropicana Music &amp; Light Mobile"},"content":{"rendered":"<div class=\"flex max-w-full flex-col grow\">\n<div class=\"min-h-8 text-message relative flex w-full flex-col items-end gap-2 text-start break-words whitespace-normal [.text-message+&amp;]:mt-1\" dir=\"auto\" data-message-author-role=\"assistant\" data-message-id=\"a6da9f1d-4477-442f-909e-eaae6d7883f1\" data-message-model-slug=\"gpt-5-2\">\n<div class=\"flex w-full flex-col gap-1 empty:hidden first:pt-[1px]\">\n<div class=\"markdown prose dark:prose-invert w-full break-words light markdown-new-styling\">\n<p>El Tropicana Music &amp; Light Baby Mobile est\u00e1 dise\u00f1ado para calmar y entretener a tu beb\u00e9 durante las siestas, la hora de dormir y los momentos de tranquilidad en la habitaci\u00f3n del beb\u00e9.<\/p>\n<p>Los coloridos peluches giran suavemente sobre la cuna, fomentando la estimulaci\u00f3n visual y el desarrollo sensorial temprano.<br \/>\nAl mismo tiempo, las funciones integradas de m\u00fasica y ruido blanco ayudan a crear un ambiente de sue\u00f1o tranquilo y relajante.<\/p>\n<p>Gracias a la luz nocturna integrada y al proyector de im\u00e1genes, este m\u00f3vil para beb\u00e9s a\u00f1ade un ambiente suave y reconfortante a la habitaci\u00f3n de tu beb\u00e9.<br \/>\nLos padres pueden cambiar f\u00e1cilmente entre funciones y ajustar la experiencia con el mando a distancia incluido, haciendo que las rutinas antes de dormir sean m\u00e1s f\u00e1ciles y agradables.<\/p>\n<p>Este m\u00f3vil de cuna alimentado por pilas es una opci\u00f3n pr\u00e1ctica para padres que buscan un m\u00f3vil con m\u00fasica, luces y funciones de proyector en una soluci\u00f3n completa para dormir.<\/p>\n<p>\u2022 Cuna m\u00f3vil<br \/>\n alimentada por pilas\u2022 Juguetes<br \/>\n de peluche suaves colgantes\u2022 Movimiento<br \/>\n giratorio suave \u2022 M\u00fasica relajante y ruido<br \/>\n blanco \u2022 Luz nocturna para un ambiente<br \/>\n reconfortante \u2022 Proyector<br \/>\n de im\u00e1genes incorporado \u2022 Control a distancia incluido<br \/>\n\u2022 Ideal para siestas y rutinas antes de dormir<\/p>\n<p data-start=\"457\" data-end=\"850\" data-is-last-node=\"\" data-is-only-node=\"\">\n<\/div>\n<\/div>\n<\/div>\n<\/div>\n","protected":false},"excerpt":{"rendered":"<p>Crea una rutina tranquila y reconfortante antes de dormir con el m\u00f3vil para beb\u00e9s Tropicana Music &amp; Light.<br \/>\nEste m\u00f3vil para beb\u00e9s combina peluches suaves, movimientos giratorios suaves, m\u00fasica relajante, ruido blanco, una luz nocturna y un proyector de im\u00e1genes para relajarse y entretener a tu peque\u00f1o.<br \/>\nF\u00e1cil de controlar con el mando a distancia incluido.<\/p>\n","protected":false},"featured_media":84111,"comment_status":"open","ping_status":"closed","template":"","meta":{"_lmt_disableupdate":"","_lmt_disable":""},"product_brand":[],"product_cat":[505,531,621,503,622,476],"product_tag":[1423,1418,1422,1417,1419,1420,1421],"woo-feed-brand":[],"class_list":{"0":"post-84153","1":"product","2":"type-product","3":"status-publish","4":"has-post-thumbnail","6":"product_cat-colgar-los-juguetes","7":"product_cat-dormir-es","8":"product_cat-juguetes-de-actividades","9":"product_cat-juguetes-de-colores","10":"product_cat-juguetes-musicales","11":"product_cat-tiempo-de-juego","12":"product_tag-luz-nocturna-bebe","13":"product_tag-movil-de-cuna","14":"product_tag-movil-de-vivero","15":"product_tag-movil-para-bebes","16":"product_tag-musica-movil","17":"product_tag-proyector-de-bebes","18":"product_tag-ruido-blanco-bebe","20":"first","21":"instock","22":"taxable","23":"shipping-taxable","24":"purchasable","25":"product-type-simple"},"_links":{"self":[{"href":"https:\/\/www.bojungle.eu\/es\/wp-json\/wp\/v2\/product\/84153","targetHints":{"allow":["GET"]}}],"collection":[{"href":"https:\/\/www.bojungle.eu\/es\/wp-json\/wp\/v2\/product"}],"about":[{"href":"https:\/\/www.bojungle.eu\/es\/wp-json\/wp\/v2\/types\/product"}],"replies":[{"embeddable":true,"href":"https:\/\/www.bojungle.eu\/es\/wp-json\/wp\/v2\/comments?post=84153"}],"version-history":[{"count":1,"href":"https:\/\/www.bojungle.eu\/es\/wp-json\/wp\/v2\/product\/84153\/revisions"}],"predecessor-version":[{"id":85364,"href":"https:\/\/www.bojungle.eu\/es\/wp-json\/wp\/v2\/product\/84153\/revisions\/85364"}],"wp:featuredmedia":[{"embeddable":true,"href":"https:\/\/www.bojungle.eu\/es\/wp-json\/wp\/v2\/media\/84111"}],"wp:attachment":[{"href":"https:\/\/www.bojungle.eu\/es\/wp-json\/wp\/v2\/media?parent=84153"}],"wp:term":[{"taxonomy":"product_brand","embeddable":true,"href":"https:\/\/www.bojungle.eu\/es\/wp-json\/wp\/v2\/product_brand?post=84153"},{"taxonomy":"product_cat","embeddable":true,"href":"https:\/\/www.bojungle.eu\/es\/wp-json\/wp\/v2\/product_cat?post=84153"},{"taxonomy":"product_tag","embeddable":true,"href":"https:\/\/www.bojungle.eu\/es\/wp-json\/wp\/v2\/product_tag?post=84153"},{"taxonomy":"woo-feed-brand","embeddable":true,"href":"https:\/\/www.bojungle.eu\/es\/wp-json\/wp\/v2\/woo-feed-brand?post=84153"}],"curies":[{"name":"wp","href":"https:\/\/api.w.org\/{rel}","templated":true}]}}