{"id":84255,"date":"2026-01-15T13:42:10","date_gmt":"2026-01-15T12:42:10","guid":{"rendered":"https:\/\/www.bojungle.eu\/product\/duna-con-asiento-de-bano-5m\/"},"modified":"2026-01-15T13:43:36","modified_gmt":"2026-01-15T12:43:36","slug":"duna-con-asiento-de-bano-5m","status":"publish","type":"product","link":"https:\/\/www.bojungle.eu\/es\/producto\/duna-con-asiento-de-bano-5m\/","title":{"rendered":"Duna con asiento de ba\u00f1o (5M+)"},"content":{"rendered":"<p><span class=\"a_GcMg font-feature-liga-off font-feature-clig-off font-feature-calt-off text-decoration-none text-strikethrough-none\">\u00a1Nuestro asiento de ba\u00f1o ofrece una diversi\u00f3n extra en el agua! Gracias a sus cuatro potentes ventosas, es estable y seguro para su uso en la ba\u00f1era. Adem\u00e1s, se puede abrir por delante, permitiendo que tu hijo se suba y salga f\u00e1cilmente del asiento sin hacerse da\u00f1o.  <\/span><\/p>\n<p>&nbsp;<\/p>\n<ul>\n<li><span class=\"a_GcMg font-feature-liga-off font-feature-clig-off font-feature-calt-off text-decoration-none text-strikethrough-none\">Respaldo y reposabrazos altos<\/span><\/li>\n<li><span class=\"a_GcMg font-feature-liga-off font-feature-clig-off font-feature-calt-off text-decoration-none text-strikethrough-none\">se puede abrir por delante<\/span><\/li>\n<li><span class=\"a_GcMg font-feature-liga-off font-feature-clig-off font-feature-calt-off text-decoration-none text-strikethrough-none\">3 juguetes incluidos<\/span><\/li>\n<\/ul>\n","protected":false},"excerpt":{"rendered":"<p><span class=\"a_GcMg font-feature-liga-off font-feature-clig-off font-feature-calt-off text-decoration-none text-strikethrough-none\">\u00a1Nuestro asiento de ba\u00f1o ofrece una diversi\u00f3n extra en el agua! Gracias a sus cuatro potentes ventosas, es estable y seguro para su uso en la ba\u00f1era. Adem\u00e1s, se puede abrir por delante, permitiendo que tu hijo se suba y salga f\u00e1cilmente del asiento sin hacerse da\u00f1o.  <\/span><\/p>\n","protected":false},"featured_media":84172,"comment_status":"open","ping_status":"closed","template":"","meta":{"_lmt_disableupdate":"","_lmt_disable":""},"product_brand":[],"product_cat":[592,518],"product_tag":[],"woo-feed-brand":[],"class_list":{"0":"post-84255","1":"product","2":"type-product","3":"status-publish","4":"has-post-thumbnail","6":"product_cat-bebe-en-la-banera","7":"product_cat-cuidado","9":"first","10":"instock","11":"taxable","12":"shipping-taxable","13":"purchasable","14":"product-type-simple"},"_links":{"self":[{"href":"https:\/\/www.bojungle.eu\/es\/wp-json\/wp\/v2\/product\/84255","targetHints":{"allow":["GET"]}}],"collection":[{"href":"https:\/\/www.bojungle.eu\/es\/wp-json\/wp\/v2\/product"}],"about":[{"href":"https:\/\/www.bojungle.eu\/es\/wp-json\/wp\/v2\/types\/product"}],"replies":[{"embeddable":true,"href":"https:\/\/www.bojungle.eu\/es\/wp-json\/wp\/v2\/comments?post=84255"}],"version-history":[{"count":0,"href":"https:\/\/www.bojungle.eu\/es\/wp-json\/wp\/v2\/product\/84255\/revisions"}],"wp:featuredmedia":[{"embeddable":true,"href":"https:\/\/www.bojungle.eu\/es\/wp-json\/wp\/v2\/media\/84172"}],"wp:attachment":[{"href":"https:\/\/www.bojungle.eu\/es\/wp-json\/wp\/v2\/media?parent=84255"}],"wp:term":[{"taxonomy":"product_brand","embeddable":true,"href":"https:\/\/www.bojungle.eu\/es\/wp-json\/wp\/v2\/product_brand?post=84255"},{"taxonomy":"product_cat","embeddable":true,"href":"https:\/\/www.bojungle.eu\/es\/wp-json\/wp\/v2\/product_cat?post=84255"},{"taxonomy":"product_tag","embeddable":true,"href":"https:\/\/www.bojungle.eu\/es\/wp-json\/wp\/v2\/product_tag?post=84255"},{"taxonomy":"woo-feed-brand","embeddable":true,"href":"https:\/\/www.bojungle.eu\/es\/wp-json\/wp\/v2\/woo-feed-brand?post=84255"}],"curies":[{"name":"wp","href":"https:\/\/api.w.org\/{rel}","templated":true}]}}