{"id":84386,"date":"2026-01-15T13:54:04","date_gmt":"2026-01-15T12:54:04","guid":{"rendered":"https:\/\/www.bojungle.eu\/product\/cuna-de-viaje-blanco-puro\/"},"modified":"2026-04-01T09:54:45","modified_gmt":"2026-04-01T07:54:45","slug":"cuna-de-viaje-blanco-puro","status":"publish","type":"product","link":"https:\/\/www.bojungle.eu\/es\/producto\/cuna-de-viaje-blanco-puro\/","title":{"rendered":"Cuna de viaje Blanco Puro"},"content":{"rendered":"<p>La cuna de viaje Pure White est\u00e1 dise\u00f1ada para ofrecer a tu beb\u00e9 un espacio seguro y c\u00f3modo para dormir en casa y en cualquier lugar.<\/p>\n<p>Gracias a su dise\u00f1o plegable ligero y compacto, esta cuna de viaje es f\u00e1cil de montar, almacenar y transportar.<br \/>\nLos dos niveles de altura ajustables lo hacen adecuado tanto para reci\u00e9n nacidos como para ni\u00f1os peque\u00f1os, permitiendo que la cuna se adapte a medida que tu hijo crece.<\/p>\n<p>El robusto armaz\u00f3n de aluminio proporciona un soporte fiable, mientras que los laterales de malla transpirable ayudan a crear un ambiente c\u00f3modo y bien ventilado para dormir.<br \/>\nLa apertura lateral con cremallera ofrece un acceso c\u00f3modo y una mayor practicidad para el uso diario.<\/p>\n<p>Incluye un colch\u00f3n c\u00f3modo y lavable, y la cuna de viaje viene con una bolsa de viaje pr\u00e1ctica, lo que la convierte en una soluci\u00f3n ideal para vacaciones, visitas familiares o para el uso diario en casa.<\/p>\n<p>\u2022 Dos niveles de altura ajustables para reci\u00e9n nacidos y ni\u00f1os peque\u00f1os<br \/>\n\u2022 Dise\u00f1o<br \/>\n plegable ligero y compacto\u2022 F\u00e1cil de llevar con la bolsa<br \/>\n de viaje incluida\u2022 Marco<br \/>\n de aluminio resistente\u2022 Laterales<br \/>\n de malla transpirable\u2022 Apertura<br \/>\n lateral c\u00f3moda con cremallera\u2022 Colch\u00f3n c\u00f3modo y lavable incluido<br \/>\n\u2022 Ideal para casa y viajes<\/p>\n","protected":false},"excerpt":{"rendered":"<div class=\"relative w-full mt-4 mb-1\">\n<div class=\"\">\n<div class=\"relative\">\n<div class=\"h-full min-h-0 min-w-0\">\n<div class=\"h-full min-h-0 min-w-0\">\n<div class=\"border border-token-border-light border-radius-3xl corner-superellipse\/1.1 rounded-3xl\">\n<div class=\"h-full w-full border-radius-3xl bg-token-bg-elevated-secondary corner-superellipse\/1.1 overflow-clip rounded-3xl lxnfua_clipPathFallback\">\n<div class=\"w-full overflow-x-hidden overflow-y-auto pe-11 pt-3\">\n<div class=\"relative z-0 flex max-w-full\">\n<div id=\"code-block-viewer\" class=\"q9tKkq_viewer cm-editor z-10 light:cm-light dark:cm-light flex h-full w-full flex-col items-stretch \u037cd \u037cr\" dir=\"ltr\">\n<div class=\"cm-scroller\">\n<div class=\"cm-content q9tKkq_readonly\">Comodidad compacta dondequiera que vayas.<br \/>\nLa cuna de viaje Pure White es una cuna de viaje ligera y plegable con dos niveles de altura ajustables, laterales de malla transpirable, una abertura lateral conveniente y un colch\u00f3n lavable y c\u00f3modo.<br \/>\nF\u00e1cil de llevar con la bolsa de viaje incluida.<\/div>\n<\/div>\n<\/div>\n<\/div>\n<\/div>\n<\/div>\n<\/div>\n<\/div>\n<\/div>\n<div class=\"\">\n<div class=\"\"><\/div>\n<\/div>\n<\/div>\n<\/div>\n<\/div>\n","protected":false},"featured_media":84274,"comment_status":"open","ping_status":"closed","template":"","meta":{"_lmt_disableupdate":"","_lmt_disable":""},"product_brand":[],"product_cat":[531,637],"product_tag":[1140,1573,1570,1569,1571,1574,1572,1575,1568],"woo-feed-brand":[],"class_list":{"0":"post-84386","1":"product","2":"type-product","3":"status-publish","4":"has-post-thumbnail","6":"product_cat-dormir-es","7":"product_cat-en-el-exterior","8":"product_tag-blanco-puro","9":"product_tag-cama-de-bebe-con-colchon","10":"product_tag-camilla-de-viaje","11":"product_tag-camilla-de-viaje-para-bebes","12":"product_tag-camilla-de-viaje-plegable","13":"product_tag-cuna-compacta-para-bebes","14":"product_tag-cuna-de-viaje-plegable","15":"product_tag-cuna-portatil","16":"product_tag-litera-de-viaje","18":"first","19":"instock","20":"taxable","21":"shipping-taxable","22":"purchasable","23":"product-type-simple"},"_links":{"self":[{"href":"https:\/\/www.bojungle.eu\/es\/wp-json\/wp\/v2\/product\/84386","targetHints":{"allow":["GET"]}}],"collection":[{"href":"https:\/\/www.bojungle.eu\/es\/wp-json\/wp\/v2\/product"}],"about":[{"href":"https:\/\/www.bojungle.eu\/es\/wp-json\/wp\/v2\/types\/product"}],"replies":[{"embeddable":true,"href":"https:\/\/www.bojungle.eu\/es\/wp-json\/wp\/v2\/comments?post=84386"}],"version-history":[{"count":1,"href":"https:\/\/www.bojungle.eu\/es\/wp-json\/wp\/v2\/product\/84386\/revisions"}],"predecessor-version":[{"id":85416,"href":"https:\/\/www.bojungle.eu\/es\/wp-json\/wp\/v2\/product\/84386\/revisions\/85416"}],"wp:featuredmedia":[{"embeddable":true,"href":"https:\/\/www.bojungle.eu\/es\/wp-json\/wp\/v2\/media\/84274"}],"wp:attachment":[{"href":"https:\/\/www.bojungle.eu\/es\/wp-json\/wp\/v2\/media?parent=84386"}],"wp:term":[{"taxonomy":"product_brand","embeddable":true,"href":"https:\/\/www.bojungle.eu\/es\/wp-json\/wp\/v2\/product_brand?post=84386"},{"taxonomy":"product_cat","embeddable":true,"href":"https:\/\/www.bojungle.eu\/es\/wp-json\/wp\/v2\/product_cat?post=84386"},{"taxonomy":"product_tag","embeddable":true,"href":"https:\/\/www.bojungle.eu\/es\/wp-json\/wp\/v2\/product_tag?post=84386"},{"taxonomy":"woo-feed-brand","embeddable":true,"href":"https:\/\/www.bojungle.eu\/es\/wp-json\/wp\/v2\/woo-feed-brand?post=84386"}],"curies":[{"name":"wp","href":"https:\/\/api.w.org\/{rel}","templated":true}]}}