{"id":84799,"date":"2026-01-15T15:17:15","date_gmt":"2026-01-15T14:17:15","guid":{"rendered":"https:\/\/www.bojungle.eu\/product\/oso-potty-sage-green\/"},"modified":"2026-03-31T16:18:46","modified_gmt":"2026-03-31T14:18:46","slug":"oso-potty-sage-green","status":"publish","type":"product","link":"https:\/\/www.bojungle.eu\/es\/producto\/oso-potty-sage-green\/","title":{"rendered":"Oso Potty Sage Green"},"content":{"rendered":"<p>El Potty Bear Sage Green est\u00e1 dise\u00f1ado para hacer que el aprendizaje para ir al ba\u00f1o sea m\u00e1s f\u00e1cil, m\u00e1s c\u00f3modo y m\u00e1s atractivo para tu peque.<\/p>\n<p>Con su adorable dise\u00f1o inspirado en un osito y su suave color verde salvia, este orinal de aprendizaje anima a los ni\u00f1os a dar sus primeros pasos hacia la autonom\u00eda de una manera divertida y tranquilizadora.<\/p>\n<p>El asiento ergon\u00f3mico y el respaldo de apoyo ayudan a tu hijo a sentarse c\u00f3modamente, mientras que la base estable aporta una mayor seguridad durante el uso. Gracias al recipiente interior extra\u00edble, la limpieza es r\u00e1pida y sencilla, lo que hace que este orinal sea muy pr\u00e1ctico para el uso diario en casa. <\/p>\n<p>El Potty Bear Sage Green es un accesorio esencial para el aprendizaje del uso del orinal, con un dise\u00f1o elegante y funcional, ideal para padres que buscan comodidad, practicidad y un dise\u00f1o pensado para los ni\u00f1os.<\/p>\n<p>\u2022 Dise\u00f1o infantil para el aprendizaje del orinal<br \/>\n\u2022 Asiento ergon\u00f3mico c\u00f3modo<br \/>\n\u2022 Respaldo de apoyo<br \/>\n\u2022 Recipiente interior extra\u00edble para facilitar la limpieza<br \/>\n\u2022 Base estable para un uso seguro<br \/>\n\u2022 Ideal para el aprendizaje diario<br \/>\n\u2022 Elegante color verde salvia<\/p>\n","protected":false},"excerpt":{"rendered":"<p>Haz que el aprendizaje del uso del orinal sea m\u00e1s c\u00f3modo y divertido con el Potty Bear Sage Green.<br \/>\nEste orinal de aprendizaje infantil cuenta con un c\u00f3modo respaldo, un recipiente interior extra\u00edble para una limpieza f\u00e1cil y un dise\u00f1o estable para ayudar a tu peque a sentirse seguro y confiado en cada etapa del aprendizaje.<\/p>\n<p>&nbsp;<\/p>\n","protected":false},"featured_media":84756,"comment_status":"open","ping_status":"closed","template":"","meta":{"_lmt_disableupdate":"","_lmt_disable":""},"product_brand":[],"product_cat":[545,518],"product_tag":[1495,1502,1496,1501,1497,1498,1500,1499],"woo-feed-brand":[],"class_list":{"0":"post-84799","1":"product","2":"type-product","3":"status-publish","4":"has-post-thumbnail","6":"product_cat-articulos-de-aseo","7":"product_cat-cuidado","8":"product_tag-aprendizaje-del-orinal","9":"product_tag-orinal-con-respaldo","10":"product_tag-orinal-de-aprendizaje","11":"product_tag-orinal-extraible","12":"product_tag-orinal-infantil","13":"product_tag-orinal-osito","14":"product_tag-orinal-para-ninos-pequenos","15":"product_tag-orinal-verde-salvia","17":"first","18":"instock","19":"taxable","20":"shipping-taxable","21":"purchasable","22":"product-type-simple"},"_links":{"self":[{"href":"https:\/\/www.bojungle.eu\/es\/wp-json\/wp\/v2\/product\/84799","targetHints":{"allow":["GET"]}}],"collection":[{"href":"https:\/\/www.bojungle.eu\/es\/wp-json\/wp\/v2\/product"}],"about":[{"href":"https:\/\/www.bojungle.eu\/es\/wp-json\/wp\/v2\/types\/product"}],"replies":[{"embeddable":true,"href":"https:\/\/www.bojungle.eu\/es\/wp-json\/wp\/v2\/comments?post=84799"}],"version-history":[{"count":1,"href":"https:\/\/www.bojungle.eu\/es\/wp-json\/wp\/v2\/product\/84799\/revisions"}],"predecessor-version":[{"id":85390,"href":"https:\/\/www.bojungle.eu\/es\/wp-json\/wp\/v2\/product\/84799\/revisions\/85390"}],"wp:featuredmedia":[{"embeddable":true,"href":"https:\/\/www.bojungle.eu\/es\/wp-json\/wp\/v2\/media\/84756"}],"wp:attachment":[{"href":"https:\/\/www.bojungle.eu\/es\/wp-json\/wp\/v2\/media?parent=84799"}],"wp:term":[{"taxonomy":"product_brand","embeddable":true,"href":"https:\/\/www.bojungle.eu\/es\/wp-json\/wp\/v2\/product_brand?post=84799"},{"taxonomy":"product_cat","embeddable":true,"href":"https:\/\/www.bojungle.eu\/es\/wp-json\/wp\/v2\/product_cat?post=84799"},{"taxonomy":"product_tag","embeddable":true,"href":"https:\/\/www.bojungle.eu\/es\/wp-json\/wp\/v2\/product_tag?post=84799"},{"taxonomy":"woo-feed-brand","embeddable":true,"href":"https:\/\/www.bojungle.eu\/es\/wp-json\/wp\/v2\/woo-feed-brand?post=84799"}],"curies":[{"name":"wp","href":"https:\/\/api.w.org\/{rel}","templated":true}]}}