{"id":84815,"date":"2026-01-15T15:09:16","date_gmt":"2026-01-15T14:09:16","guid":{"rendered":"https:\/\/www.bojungle.eu\/product\/polvo-de-oso-rosa\/"},"modified":"2026-04-01T11:51:19","modified_gmt":"2026-04-01T09:51:19","slug":"polvo-de-oso-rosa","status":"publish","type":"product","link":"https:\/\/www.bojungle.eu\/es\/producto\/polvo-de-oso-rosa\/","title":{"rendered":"Polvo de Oso Rosa"},"content":{"rendered":"<p>El Potty Bear Powder Pink est\u00e1 dise\u00f1ado para facilitar el entrenamiento para ir al ba\u00f1o m\u00e1s f\u00e1cil, c\u00f3modo y acogedor para tu peque\u00f1o.<\/p>\n<p>Con su adorable dise\u00f1o inspirado en osos y su suave color rosa polvo, este orinal de entrenamiento anima a los ni\u00f1os a dar sus primeros pasos hacia el entrenamiento independiente para ir al ba\u00f1o de una manera juguetona y tranquilizadora.<\/p>\n<p>El asiento ergon\u00f3mico y el respaldo de apoyo ayudan a tu hijo a sentarse c\u00f3modamente, mientras que la base estable aporta una mayor seguridad durante el uso. Gracias al recipiente interior extra\u00edble, la limpieza es r\u00e1pida y sencilla, lo que hace que este orinal sea muy pr\u00e1ctico para el uso diario en casa. <\/p>\n<p>El Potty Bear Powder Pink es un entrenamiento para el orinal elegante y funcional, esencial para padres que buscan comodidad, comodidad y un dise\u00f1o amigable para los ni\u00f1os.<\/p>\n<p>\u2022 Dise\u00f1o de entrenamiento para ir al ba\u00f1o y apta para ni\u00f1os<br \/>\n\u2022 Asiento ergon\u00f3mico c\u00f3modo<br \/>\n\u2022 Respaldo con soporte<br \/>\n\u2022 Olla interior extra\u00edble para facilitar la limpieza<br \/>\n\u2022 Base estable para un uso seguro<br \/>\n\u2022 Ideal para el entrenamiento cotidiano para ir al ba\u00f1o<br \/>\n\u2022 Color rosa polvo con estilo.<\/p>\n","protected":false},"excerpt":{"rendered":"<p>Haz que el entrenamiento para ir al ba\u00f1o sea m\u00e1s c\u00f3modo y divertido con el Potty Bear Powder Pink.<br \/>\nEste orinal de entrenamiento apto para ni\u00f1os cuenta con un respaldo c\u00f3modo, una maceta interior extra\u00edble para facilitar la limpieza y un dise\u00f1o estable que ayuda a que tu peque\u00f1o se sienta seguro y seguro durante cada paso del entrenamiento para ir al ba\u00f1o.<\/p>\n<p>&nbsp;<\/p>\n","protected":false},"featured_media":84652,"comment_status":"open","ping_status":"closed","template":"","meta":{"_lmt_disableupdate":"","_lmt_disable":""},"product_brand":[],"product_cat":[518,545],"product_tag":[1495,1502,1496,1501,1497,1498,1596,1595],"woo-feed-brand":[],"class_list":{"0":"post-84815","1":"product","2":"type-product","3":"status-publish","4":"has-post-thumbnail","6":"product_cat-cuidado","7":"product_cat-articulos-de-aseo","8":"product_tag-aprendizaje-del-orinal","9":"product_tag-orinal-con-respaldo","10":"product_tag-orinal-de-aprendizaje","11":"product_tag-orinal-extraible","12":"product_tag-orinal-infantil","13":"product_tag-orinal-osito","14":"product_tag-orinal-rosa-polvo","15":"product_tag-potty","17":"first","18":"instock","19":"taxable","20":"shipping-taxable","21":"purchasable","22":"product-type-simple"},"_links":{"self":[{"href":"https:\/\/www.bojungle.eu\/es\/wp-json\/wp\/v2\/product\/84815","targetHints":{"allow":["GET"]}}],"collection":[{"href":"https:\/\/www.bojungle.eu\/es\/wp-json\/wp\/v2\/product"}],"about":[{"href":"https:\/\/www.bojungle.eu\/es\/wp-json\/wp\/v2\/types\/product"}],"replies":[{"embeddable":true,"href":"https:\/\/www.bojungle.eu\/es\/wp-json\/wp\/v2\/comments?post=84815"}],"version-history":[{"count":1,"href":"https:\/\/www.bojungle.eu\/es\/wp-json\/wp\/v2\/product\/84815\/revisions"}],"predecessor-version":[{"id":85449,"href":"https:\/\/www.bojungle.eu\/es\/wp-json\/wp\/v2\/product\/84815\/revisions\/85449"}],"wp:featuredmedia":[{"embeddable":true,"href":"https:\/\/www.bojungle.eu\/es\/wp-json\/wp\/v2\/media\/84652"}],"wp:attachment":[{"href":"https:\/\/www.bojungle.eu\/es\/wp-json\/wp\/v2\/media?parent=84815"}],"wp:term":[{"taxonomy":"product_brand","embeddable":true,"href":"https:\/\/www.bojungle.eu\/es\/wp-json\/wp\/v2\/product_brand?post=84815"},{"taxonomy":"product_cat","embeddable":true,"href":"https:\/\/www.bojungle.eu\/es\/wp-json\/wp\/v2\/product_cat?post=84815"},{"taxonomy":"product_tag","embeddable":true,"href":"https:\/\/www.bojungle.eu\/es\/wp-json\/wp\/v2\/product_tag?post=84815"},{"taxonomy":"woo-feed-brand","embeddable":true,"href":"https:\/\/www.bojungle.eu\/es\/wp-json\/wp\/v2\/woo-feed-brand?post=84815"}],"curies":[{"name":"wp","href":"https:\/\/api.w.org\/{rel}","templated":true}]}}