{"id":84822,"date":"2026-01-15T15:04:40","date_gmt":"2026-01-15T14:04:40","guid":{"rendered":"https:\/\/www.bojungle.eu\/product\/gris-oso-osito\/"},"modified":"2026-01-15T15:19:23","modified_gmt":"2026-01-15T14:19:23","slug":"gris-oso-osito","status":"publish","type":"product","link":"https:\/\/www.bojungle.eu\/es\/producto\/gris-oso-osito\/","title":{"rendered":"Gris Oso Osito"},"content":{"rendered":"<p><span class=\"a_GcMg font-feature-liga-off font-feature-clig-off font-feature-calt-off text-decoration-none text-strikethrough-none\">\u00a1El entrenamiento para ir al ba\u00f1o nunca hab\u00eda sido tan divertido! \u00bfQu\u00e9 tan monos son estos orinales? Atractivo para tu peque\u00f1o, f\u00e1cil de limpiar gracias al orinal extra\u00edble y c\u00f3modo gracias al respaldo robusto y los pies antideslizantes.  <\/span><\/p>\n<ul>\n<li><span class=\"a_GcMg font-feature-liga-off font-feature-clig-off font-feature-calt-off text-decoration-none text-strikethrough-none\">Dise\u00f1o atractivo<\/span><\/li>\n<li><span class=\"a_GcMg font-feature-liga-off font-feature-clig-off font-feature-calt-off text-decoration-none text-strikethrough-none\">F\u00e1cil de limpiar<\/span><\/li>\n<li><span class=\"a_GcMg font-feature-liga-off font-feature-clig-off font-feature-calt-off text-decoration-none text-strikethrough-none\">Orinal removible<\/span><\/li>\n<li><span class=\"a_GcMg font-feature-liga-off font-feature-clig-off font-feature-calt-off text-decoration-none text-strikethrough-none\">Asientos c\u00f3modos gracias al respaldo robusto<\/span><\/li>\n<li><span class=\"a_GcMg font-feature-liga-off font-feature-clig-off font-feature-calt-off text-decoration-none text-strikethrough-none\">Pies antideslizantes<\/span><\/li>\n<li><span class=\"a_GcMg font-feature-liga-off font-feature-clig-off font-feature-calt-off text-decoration-none text-strikethrough-none\">Coj\u00edn lavable como asiento de inodoro<\/span><\/li>\n<\/ul>\n","protected":false},"excerpt":{"rendered":"<p><span class=\"a_GcMg font-feature-liga-off font-feature-clig-off font-feature-calt-off text-decoration-none text-strikethrough-none\">\u00a1El entrenamiento para ir al ba\u00f1o nunca hab\u00eda sido tan divertido! \u00bfQu\u00e9 tan monos son estos orinales? Atractivo para tu peque\u00f1o, f\u00e1cil de limpiar gracias al orinal extra\u00edble y c\u00f3modo gracias al respaldo robusto y los pies antideslizantes.  <\/span><\/p>\n","protected":false},"featured_media":84580,"comment_status":"open","ping_status":"closed","template":"","meta":{"_lmt_disableupdate":"","_lmt_disable":""},"product_brand":[],"product_cat":[518,545],"product_tag":[],"woo-feed-brand":[],"class_list":{"0":"post-84822","1":"product","2":"type-product","3":"status-publish","4":"has-post-thumbnail","6":"product_cat-cuidado","7":"product_cat-articulos-de-aseo","9":"first","10":"instock","11":"taxable","12":"shipping-taxable","13":"purchasable","14":"product-type-simple"},"_links":{"self":[{"href":"https:\/\/www.bojungle.eu\/es\/wp-json\/wp\/v2\/product\/84822","targetHints":{"allow":["GET"]}}],"collection":[{"href":"https:\/\/www.bojungle.eu\/es\/wp-json\/wp\/v2\/product"}],"about":[{"href":"https:\/\/www.bojungle.eu\/es\/wp-json\/wp\/v2\/types\/product"}],"replies":[{"embeddable":true,"href":"https:\/\/www.bojungle.eu\/es\/wp-json\/wp\/v2\/comments?post=84822"}],"version-history":[{"count":0,"href":"https:\/\/www.bojungle.eu\/es\/wp-json\/wp\/v2\/product\/84822\/revisions"}],"wp:featuredmedia":[{"embeddable":true,"href":"https:\/\/www.bojungle.eu\/es\/wp-json\/wp\/v2\/media\/84580"}],"wp:attachment":[{"href":"https:\/\/www.bojungle.eu\/es\/wp-json\/wp\/v2\/media?parent=84822"}],"wp:term":[{"taxonomy":"product_brand","embeddable":true,"href":"https:\/\/www.bojungle.eu\/es\/wp-json\/wp\/v2\/product_brand?post=84822"},{"taxonomy":"product_cat","embeddable":true,"href":"https:\/\/www.bojungle.eu\/es\/wp-json\/wp\/v2\/product_cat?post=84822"},{"taxonomy":"product_tag","embeddable":true,"href":"https:\/\/www.bojungle.eu\/es\/wp-json\/wp\/v2\/product_tag?post=84822"},{"taxonomy":"woo-feed-brand","embeddable":true,"href":"https:\/\/www.bojungle.eu\/es\/wp-json\/wp\/v2\/woo-feed-brand?post=84822"}],"curies":[{"name":"wp","href":"https:\/\/api.w.org\/{rel}","templated":true}]}}