{"id":41672,"date":"2020-08-28T04:53:34","date_gmt":"2020-08-28T04:53:34","guid":{"rendered":"https:\/\/dev.authority.biz\/boj\/suivi-des-commandes\/"},"modified":"2023-02-06T12:30:04","modified_gmt":"2023-02-06T12:30:04","slug":"suivi-des-commandes","status":"publish","type":"page","link":"https:\/\/www.bojungle.eu\/fr\/suivi-des-commandes\/","title":{"rendered":"Suivi des commandes"},"content":{"rendered":"<div class=\"woocommerce\">\n<form action=\"https:\/\/www.bojungle.eu\/fr\/suivi-des-commandes\/\" method=\"post\" class=\"woocommerce-form woocommerce-form-track-order track_order\">\n\n\t\n\t<p>Pour suivre votre commande veuillez saisir votre ID de commande dans la boite ci-dessous et cliquer le bouton \u00ab\u00a0Suivre\u00a0\u00bb. Il vous a \u00e9t\u00e9 donn\u00e9 sur votre re\u00e7u et dans l\u2019e-mail de confirmation que vous avez du recevoir.<\/p>\n\n\t<p class=\"form-row form-row-first\"><label for=\"orderid\">N&deg; de commande<\/label> <input class=\"input-text\" type=\"text\" name=\"orderid\" id=\"orderid\" value=\"\" placeholder=\"Pr\u00e9sent dans l\u2019e-mail de confirmation de commande.\" \/><\/p>\t<p class=\"form-row form-row-last\"><label for=\"order_email\">E-mail de facturation<\/label> <input class=\"input-text\" type=\"text\" name=\"order_email\" id=\"order_email\" value=\"\" placeholder=\"E-mail utilis\u00e9 pour la commande.\" \/><\/p>\t<div class=\"clear\"><\/div>\n\n\t\n\t<p class=\"form-row\"><button type=\"submit\" class=\"button\" name=\"track\" value=\"Suivre\">Suivre<\/button><\/p>\n\t<input type=\"hidden\" id=\"woocommerce-order-tracking-nonce\" name=\"woocommerce-order-tracking-nonce\" value=\"7296eb2095\" \/><input type=\"hidden\" name=\"_wp_http_referer\" value=\"\/fr\/wp-json\/wp\/v2\/pages\/41672\" \/>\n\t\n<\/form>\n<\/div>\n","protected":false},"excerpt":{"rendered":"","protected":false},"author":6,"featured_media":0,"parent":0,"menu_order":0,"comment_status":"closed","ping_status":"closed","template":"","meta":{"_lmt_disableupdate":"","_lmt_disable":"","footnotes":""},"categories":[],"tags":[],"class_list":["post-41672","page","type-page","status-publish","hentry"],"_links":{"self":[{"href":"https:\/\/www.bojungle.eu\/fr\/wp-json\/wp\/v2\/pages\/41672","targetHints":{"allow":["GET"]}}],"collection":[{"href":"https:\/\/www.bojungle.eu\/fr\/wp-json\/wp\/v2\/pages"}],"about":[{"href":"https:\/\/www.bojungle.eu\/fr\/wp-json\/wp\/v2\/types\/page"}],"author":[{"embeddable":true,"href":"https:\/\/www.bojungle.eu\/fr\/wp-json\/wp\/v2\/users\/6"}],"replies":[{"embeddable":true,"href":"https:\/\/www.bojungle.eu\/fr\/wp-json\/wp\/v2\/comments?post=41672"}],"version-history":[{"count":1,"href":"https:\/\/www.bojungle.eu\/fr\/wp-json\/wp\/v2\/pages\/41672\/revisions"}],"predecessor-version":[{"id":41673,"href":"https:\/\/www.bojungle.eu\/fr\/wp-json\/wp\/v2\/pages\/41672\/revisions\/41673"}],"wp:attachment":[{"href":"https:\/\/www.bojungle.eu\/fr\/wp-json\/wp\/v2\/media?parent=41672"}],"wp:term":[{"taxonomy":"category","embeddable":true,"href":"https:\/\/www.bojungle.eu\/fr\/wp-json\/wp\/v2\/categories?post=41672"},{"taxonomy":"post_tag","embeddable":true,"href":"https:\/\/www.bojungle.eu\/fr\/wp-json\/wp\/v2\/tags?post=41672"}],"curies":[{"name":"wp","href":"https:\/\/api.w.org\/{rel}","templated":true}]}}