{"id":41754,"date":"2022-05-29T09:55:52","date_gmt":"2022-05-29T09:55:52","guid":{"rendered":"https:\/\/dev.authority.biz\/boj\/politique-de-confidentialite\/"},"modified":"2023-02-06T12:30:19","modified_gmt":"2023-02-06T12:30:19","slug":"politique-de-confidentialite","status":"publish","type":"page","link":"https:\/\/www.bojungle.eu\/fr\/politique-de-confidentialite\/","title":{"rendered":"Politique de confidentialit\u00e9"},"content":{"rendered":"\t\t<div data-elementor-type=\"wp-page\" data-elementor-id=\"41754\" class=\"elementor elementor-41754 elementor-3\" data-elementor-post-type=\"page\">\n\t\t\t\t\t\t<section class=\"elementor-section elementor-top-section elementor-element elementor-element-1711ebdd elementor-section-boxed elementor-section-height-default elementor-section-height-default rael-particle-no\" data-id=\"1711ebdd\" data-element_type=\"section\" data-e-type=\"section\" data-settings=\"{&quot;rae_animations_entrance&quot;:&quot;none&quot;}\">\n\t\t\t\t\t\t<div class=\"elementor-container elementor-column-gap-default\">\n\t\t\t\t\t<div class=\"elementor-column elementor-col-100 elementor-top-column elementor-element elementor-element-2999eab rael-particle-no\" data-id=\"2999eab\" data-element_type=\"column\" data-e-type=\"column\">\n\t\t\t<div class=\"elementor-widget-wrap elementor-element-populated\">\n\t\t\t\t\t\t<div class=\"elementor-element elementor-element-48a44f04 elementor-widget elementor-widget-text-editor\" data-id=\"48a44f04\" data-element_type=\"widget\" data-e-type=\"widget\" data-widget_type=\"text-editor.default\">\n\t\t\t\t<div class=\"elementor-widget-container\">\n\t\t\t\t\t\t\t\t\t<p><\/p>\n<p id=\"tw-target-text\" class=\"tw-data-text tw-text-large tw-ta\" dir=\"ltr\" data-placeholder=\"Vertaling\"><span class=\"Y2IQFc\" lang=\"en\">Bo Jungle, situ\u00e9e \u00e0 Brambroek 23b Geraadsbergen 9500, est responsable du traitement des donn\u00e9es personnelles comme indiqu\u00e9 dans la pr\u00e9sente d\u00e9claration de confidentialit\u00e9.  <\/span><\/p>\n<p class=\"tw-data-text tw-text-large tw-ta\" dir=\"ltr\" data-placeholder=\"Vertaling\"><span class=\"Y2IQFc\" lang=\"en\">Coordonn\u00e9es : http:\/\/www.bojungle.eu Brambroek 23b Geraadsbergen 9500 +32 54 24 03 31 Donn\u00e9es personnelles que nous traitons  <\/span><\/p>\n<p class=\"tw-data-text tw-text-large tw-ta\" dir=\"ltr\" data-placeholder=\"Vertaling\"><span class=\"Y2IQFc\" lang=\"en\">Bo Jungle traite vos donn\u00e9es personnelles parce que vous utilisez nos services et\/ou parce que vous nous les fournissez vous-m\u00eame. Vous trouverez ci-dessous un aper\u00e7u des donn\u00e9es personnelles que nous traitons :<\/span><\/p>\n<ol>\n<li class=\"tw-data-text tw-text-large tw-ta\" dir=\"ltr\" data-placeholder=\"Vertaling\"><span class=\"Y2IQFc\" lang=\"en\">Pr\u00e9nom et nom de famille  <\/span><\/li>\n<li class=\"tw-data-text tw-text-large tw-ta\" dir=\"ltr\" data-placeholder=\"Vertaling\"><span class=\"Y2IQFc\" lang=\"en\">Sexe  <\/span><\/li>\n<li class=\"tw-data-text tw-text-large tw-ta\" dir=\"ltr\" data-placeholder=\"Vertaling\"><span class=\"Y2IQFc\" lang=\"en\">Date de naissance  <\/span><\/li>\n<li class=\"tw-data-text tw-text-large tw-ta\" dir=\"ltr\" data-placeholder=\"Vertaling\"><span class=\"Y2IQFc\" lang=\"en\">Lieu de naissance  <\/span><\/li>\n<li class=\"tw-data-text tw-text-large tw-ta\" dir=\"ltr\" data-placeholder=\"Vertaling\"><span class=\"Y2IQFc\" lang=\"en\">Donn\u00e9es d&rsquo;adresse  <\/span><\/li>\n<li class=\"tw-data-text tw-text-large tw-ta\" dir=\"ltr\" data-placeholder=\"Vertaling\"><span class=\"Y2IQFc\" lang=\"en\">Num\u00e9ro de t\u00e9l\u00e9phone  <\/span><\/li>\n<li class=\"tw-data-text tw-text-large tw-ta\" dir=\"ltr\" data-placeholder=\"Vertaling\"><span class=\"Y2IQFc\" lang=\"en\">Adresse \u00e9lectronique  <\/span><\/li>\n<li class=\"tw-data-text tw-text-large tw-ta\" dir=\"ltr\" data-placeholder=\"Vertaling\"><span class=\"Y2IQFc\" lang=\"en\">Adresse IP  <\/span><\/li>\n<li class=\"tw-data-text tw-text-large tw-ta\" dir=\"ltr\" data-placeholder=\"Vertaling\"><span class=\"Y2IQFc\" lang=\"en\">D&rsquo;autres donn\u00e9es personnelles que vous fournissez activement, par exemple en cr\u00e9ant un profil sur ce site web, dans la correspondance et par t\u00e9l\u00e9phone.  <\/span><\/li>\n<li class=\"tw-data-text tw-text-large tw-ta\" dir=\"ltr\" data-placeholder=\"Vertaling\"><span class=\"Y2IQFc\" lang=\"en\">Donn\u00e9es de localisation  <\/span><\/li>\n<li class=\"tw-data-text tw-text-large tw-ta\" dir=\"ltr\" data-placeholder=\"Vertaling\"><span class=\"Y2IQFc\" lang=\"en\">Informations sur vos activit\u00e9s sur notre site web  <\/span><\/li>\n<li class=\"tw-data-text tw-text-large tw-ta\" dir=\"ltr\" data-placeholder=\"Vertaling\"><span class=\"Y2IQFc\" lang=\"en\">Donn\u00e9es sur votre comportement de navigation sur diff\u00e9rents sites web (par exemple parce que cette soci\u00e9t\u00e9 fait partie d&rsquo;un r\u00e9seau publicitaire).  <\/span><\/li>\n<li class=\"tw-data-text tw-text-large tw-ta\" dir=\"ltr\" data-placeholder=\"Vertaling\"><span class=\"Y2IQFc\" lang=\"en\">Navigateur Internet et type d&rsquo;appareil<\/span><\/li>\n<\/ol>\n<p dir=\"ltr\" data-placeholder=\"Vertaling\"> <\/p>\n<p id=\"tw-target-text\" class=\"tw-data-text tw-text-large tw-ta\" dir=\"ltr\" data-placeholder=\"Vertaling\"><span class=\"Y2IQFc\" lang=\"en\">Donn\u00e9es personnelles sp\u00e9ciales et\/ou sensibles que nous traitons Notre site web et\/ou service n&rsquo;a pas l&rsquo;intention de collecter des donn\u00e9es sur les visiteurs du site web \u00e2g\u00e9s de moins de 16 ans. Sauf s&rsquo;ils ont l&rsquo;autorisation d&rsquo;un parent ou d&rsquo;un tuteur. Cependant, nous ne pouvons pas v\u00e9rifier si un visiteur a plus de 16 ans. Nous conseillons donc aux parents de s&rsquo;impliquer dans les activit\u00e9s en ligne de leurs enfants, afin d&rsquo;\u00e9viter que les donn\u00e9es relatives aux enfants soient collect\u00e9es sans le consentement des parents. Si vous \u00eates convaincu que nous avons recueilli des informations personnelles sur un mineur sans cette autorisation, veuillez nous contacter \u00e0 l&rsquo;adresse marketing@bojungle.eu et nous supprimerons ces informations. Dans quel but et sur quelle base nous traitons les donn\u00e9es personnelles Bo Jungle traite vos donn\u00e9es personnelles aux fins suivantes :  <\/span><\/p>\n<ol>\n<li class=\"tw-data-text tw-text-large tw-ta\" dir=\"ltr\" data-placeholder=\"Vertaling\"><span class=\"Y2IQFc\" lang=\"en\">Envoi de notre newsletter et\/ou de notre brochure publicitaire  <\/span><\/li>\n<li class=\"tw-data-text tw-text-large tw-ta\" dir=\"ltr\" data-placeholder=\"Vertaling\"><span class=\"Y2IQFc\" lang=\"en\">vous informer des modifications apport\u00e9es \u00e0 nos services et produits  <\/span><\/li>\n<li class=\"tw-data-text tw-text-large tw-ta\" dir=\"ltr\" data-placeholder=\"Vertaling\"><span class=\"Y2IQFc\" lang=\"en\">vous offrir la possibilit\u00e9 de cr\u00e9er un compte  <\/span><\/li>\n<li class=\"tw-data-text tw-text-large tw-ta\" dir=\"ltr\" data-placeholder=\"Vertaling\"><span class=\"Y2IQFc\" lang=\"en\">Pour vous fournir des biens et des services  <\/span><\/li>\n<li class=\"tw-data-text tw-text-large tw-ta\" dir=\"ltr\" data-placeholder=\"Vertaling\"><span class=\"Y2IQFc\" lang=\"en\">Bo Jungle analyse votre comportement sur le site web afin d&rsquo;am\u00e9liorer le site et d&rsquo;adapter la gamme de produits et services \u00e0 vos pr\u00e9f\u00e9rences.  <\/span><\/li>\n<li class=\"tw-data-text tw-text-large tw-ta\" dir=\"ltr\" data-placeholder=\"Vertaling\"><span class=\"Y2IQFc\" lang=\"en\">Bo Jungle suit votre comportement de navigation sur diff\u00e9rents sites web afin d&rsquo;adapter nos produits et services \u00e0 vos besoins.  <\/span><\/li>\n<li class=\"tw-data-text tw-text-large tw-ta\" dir=\"ltr\" data-placeholder=\"Vertaling\"><span class=\"Y2IQFc\" lang=\"en\">Bo Jungle traite \u00e9galement des donn\u00e9es \u00e0 caract\u00e8re personnel si nous sommes l\u00e9galement tenus de le faire, comme les donn\u00e9es dont nous avons besoin pour notre d\u00e9claration fiscale.<\/span><\/li>\n<\/ol>\n<p dir=\"ltr\" data-placeholder=\"Vertaling\"> <\/p>\n<p id=\"tw-target-text\" class=\"tw-data-text tw-text-large tw-ta\" dir=\"ltr\" data-placeholder=\"Vertaling\"><span class=\"Y2IQFc\" lang=\"en\">Prise de d\u00e9cision automatis\u00e9e  <\/span><\/p>\n<p class=\"tw-data-text tw-text-large tw-ta\" dir=\"ltr\" data-placeholder=\"Vertaling\"><span class=\"Y2IQFc\" lang=\"en\">Bo Jungle prend  <\/span><span class=\"Y2IQFc\" lang=\"en\">#d\u00e9cisions de responsabilit\u00e9 fond\u00e9es sur un traitement automatis\u00e9 sur des questions qui peuvent avoir des cons\u00e9quences (importantes) pour les personnes. Il s&rsquo;agit de d\u00e9cisions prises par des programmes ou des syst\u00e8mes informatiques, sans impliquer une personne (par exemple un employ\u00e9 de Bo Jungle). Bo Jungle utilise les programmes ou syst\u00e8mes informatiques suivants :  <\/span><\/p>\n<p class=\"tw-data-text tw-text-large tw-ta\" dir=\"ltr\" data-placeholder=\"Vertaling\"><span class=\"Y2IQFc\" lang=\"en\">#utilisation_explication  <\/span><\/p>\n<p class=\"tw-data-text tw-text-large tw-ta\" dir=\"ltr\" data-placeholder=\"Vertaling\"><span class=\"Y2IQFc\" lang=\"en\">Dur\u00e9e de conservation des donn\u00e9es personnelles Bo Jungle ne conserve pas vos donn\u00e9es personnelles plus longtemps que ce qui est strictement n\u00e9cessaire pour r\u00e9aliser les objectifs pour lesquels vos donn\u00e9es sont collect\u00e9es. Nous utilisons les p\u00e9riodes de conservation suivantes pour les (cat\u00e9gories) de donn\u00e9es personnelles suivantes :  <\/span><\/p>\n<p class=\"tw-data-text tw-text-large tw-ta\" dir=\"ltr\" data-placeholder=\"Vertaling\"><span class=\"Y2IQFc\" lang=\"en\">#retention_period  <\/span><\/p>\n<p class=\"tw-data-text tw-text-large tw-ta\" dir=\"ltr\" data-placeholder=\"Vertaling\"><span class=\"Y2IQFc\" lang=\"en\">Partage des donn\u00e9es personnelles avec des tiers Bo Jungle ne vend pas vos donn\u00e9es \u00e0 des tiers et ne les fournit que si cela est n\u00e9cessaire \u00e0 l&rsquo;ex\u00e9cution de notre accord avec vous ou pour se conformer \u00e0 une obligation l\u00e9gale. Nous concluons un accord de sous-traitance avec les soci\u00e9t\u00e9s qui traitent vos donn\u00e9es en notre nom afin de garantir le m\u00eame niveau de s\u00e9curit\u00e9 et de confidentialit\u00e9 de vos donn\u00e9es. Bo Jungle reste responsable de ces traitements. Cookies, ou techniques similaires, que nous utilisons Bo Jungle utilise uniquement des cookies techniques et fonctionnels. Et des cookies analytiques qui ne portent pas atteinte \u00e0 votre vie priv\u00e9e. Un cookie est un petit fichier texte qui est stock\u00e9 sur votre ordinateur, tablette ou smartphone lors de votre premi\u00e8re visite sur ce site web. Les cookies que nous utilisons sont n\u00e9cessaires pour le fonctionnement technique du site web et votre facilit\u00e9 d&rsquo;utilisation. Ils veillent \u00e0 ce que le site web fonctionne correctement et, par exemple, se souviennent de vos param\u00e8tres pr\u00e9f\u00e9r\u00e9s. Cela nous permet \u00e9galement d&rsquo;optimiser notre site web. Vous pouvez refuser les cookies en param\u00e9trant votre navigateur Internet de mani\u00e8re \u00e0 ce qu&rsquo;il ne les enregistre plus. En outre, vous pouvez \u00e9galement supprimer toutes les informations qui ont \u00e9t\u00e9 pr\u00e9c\u00e9demment stock\u00e9es via les param\u00e8tres de votre navigateur.<\/span><\/p>\n<p id=\"tw-target-text\" class=\"tw-data-text tw-text-large tw-ta\" dir=\"ltr\" data-placeholder=\"Vertaling\"><span class=\"Y2IQFc\" lang=\"en\">Consultation, modification ou suppression des donn\u00e9es Vous avez le droit de consulter, de corriger ou de supprimer vos donn\u00e9es personnelles. Vous pouvez le faire vous-m\u00eame via les param\u00e8tres personnels de votre compte. En outre, vous avez le droit de retirer votre consentement au traitement des donn\u00e9es ou de vous opposer au traitement de vos donn\u00e9es personnelles par notre soci\u00e9t\u00e9 et vous avez le droit \u00e0 la portabilit\u00e9 des donn\u00e9es. Cela signifie que vous pouvez nous demander d&rsquo;envoyer les donn\u00e9es \u00e0 caract\u00e8re personnel que nous d\u00e9tenons \u00e0 votre sujet dans un fichier informatique \u00e0 vous ou \u00e0 une autre organisation mentionn\u00e9e par vous. Si vous souhaitez exercer votre droit d&rsquo;opposition et\/ou votre droit \u00e0 la portabilit\u00e9 des donn\u00e9es ou si vous avez d&rsquo;autres questions\/commentaires sur le traitement des donn\u00e9es, veuillez envoyer une demande sp\u00e9cifique \u00e0 marketing@bojungle.eu. Pour s&rsquo;assurer que la demande d&rsquo;acc\u00e8s a \u00e9t\u00e9 faite par vous, nous vous demandons de joindre \u00e0 la demande une copie de votre preuve d&rsquo;identit\u00e9. Inscrivez en noir sur cette copie votre photo d&rsquo;identit\u00e9, la MRZ (zone de lecture automatique, la bande avec des chiffres au bas du passeport), le num\u00e9ro du passeport et le num\u00e9ro de service citoyen (BSN). Ceci afin de prot\u00e9ger votre vie priv\u00e9e. Bo Jungle r\u00e9pondra \u00e0 votre demande dans les meilleurs d\u00e9lais, mais en tout \u00e9tat de cause dans un d\u00e9lai de quatre semaines. Bo Jungle tient \u00e9galement \u00e0 souligner que vous avez la possibilit\u00e9 de d\u00e9poser une plainte aupr\u00e8s de l&rsquo;autorit\u00e9 nationale de contr\u00f4le, l&rsquo;autorit\u00e9 n\u00e9erlandaise de protection des donn\u00e9es. Vous pouvez le faire via le lien suivant : https:\/\/autoriteitpersoonsgegevens.nl\/nl\/contact-met-de-autoriteit-persoonsgegevens\/tip-ons. Comment prot\u00e9geons-nous les donn\u00e9es personnelles ? Bo Jungle prend la protection de vos donn\u00e9es au s\u00e9rieux et prend les mesures appropri\u00e9es pour \u00e9viter toute utilisation abusive, perte, acc\u00e8s non autoris\u00e9, divulgation non souhait\u00e9e et modification non autoris\u00e9e. Si vous avez l&rsquo;impression que vos donn\u00e9es ne sont pas correctement s\u00e9curis\u00e9es ou qu&rsquo;il existe des indices d&rsquo;une mauvaise utilisation, veuillez contacter notre service client\u00e8le ou via marketing@bojungle.eu.<\/span><\/p>\n<p><\/p>\t\t\t\t\t\t\t\t<\/div>\n\t\t\t\t<\/div>\n\t\t\t\t\t<\/div>\n\t\t<\/div>\n\t\t\t\t\t<\/div>\n\t\t<\/section>\n\t\t\t\t<\/div>\n\t\t","protected":false},"excerpt":{"rendered":"<p>Bo Jungle, situ\u00e9e \u00e0 Brambroek 23b Geraadsbergen 9500, est responsable du traitement des donn\u00e9es personnelles comme indiqu\u00e9 dans la pr\u00e9sente d\u00e9claration de confidentialit\u00e9. Coordonn\u00e9es : http:\/\/www.bojungle.eu Brambroek 23b Geraadsbergen 9500 +32 54 24 03 31 Donn\u00e9es personnelles que nous traitons Bo Jungle traite vos donn\u00e9es personnelles parce que vous utilisez nos services et\/ou parce que [&hellip;]<\/p>\n","protected":false},"author":6,"featured_media":0,"parent":0,"menu_order":0,"comment_status":"closed","ping_status":"closed","template":"elementor_theme","meta":{"_lmt_disableupdate":"","_lmt_disable":"","footnotes":""},"categories":[],"tags":[],"class_list":["post-41754","page","type-page","status-publish","hentry"],"_links":{"self":[{"href":"https:\/\/www.bojungle.eu\/fr\/wp-json\/wp\/v2\/pages\/41754","targetHints":{"allow":["GET"]}}],"collection":[{"href":"https:\/\/www.bojungle.eu\/fr\/wp-json\/wp\/v2\/pages"}],"about":[{"href":"https:\/\/www.bojungle.eu\/fr\/wp-json\/wp\/v2\/types\/page"}],"author":[{"embeddable":true,"href":"https:\/\/www.bojungle.eu\/fr\/wp-json\/wp\/v2\/users\/6"}],"replies":[{"embeddable":true,"href":"https:\/\/www.bojungle.eu\/fr\/wp-json\/wp\/v2\/comments?post=41754"}],"version-history":[{"count":3,"href":"https:\/\/www.bojungle.eu\/fr\/wp-json\/wp\/v2\/pages\/41754\/revisions"}],"predecessor-version":[{"id":41758,"href":"https:\/\/www.bojungle.eu\/fr\/wp-json\/wp\/v2\/pages\/41754\/revisions\/41758"}],"wp:attachment":[{"href":"https:\/\/www.bojungle.eu\/fr\/wp-json\/wp\/v2\/media?parent=41754"}],"wp:term":[{"taxonomy":"category","embeddable":true,"href":"https:\/\/www.bojungle.eu\/fr\/wp-json\/wp\/v2\/categories?post=41754"},{"taxonomy":"post_tag","embeddable":true,"href":"https:\/\/www.bojungle.eu\/fr\/wp-json\/wp\/v2\/tags?post=41754"}],"curies":[{"name":"wp","href":"https:\/\/api.w.org\/{rel}","templated":true}]}}