{"id":41856,"date":"2020-01-13T06:50:18","date_gmt":"2020-01-13T05:50:18","guid":{"rendered":"https:\/\/dev.authority.biz\/boj\/a-propos-de-nous\/"},"modified":"2025-04-07T11:16:23","modified_gmt":"2025-04-07T09:16:23","slug":"a-propos-de-nous","status":"publish","type":"page","link":"https:\/\/www.bojungle.eu\/fr\/a-propos-de-nous\/","title":{"rendered":"A propos de nous"},"content":{"rendered":"\t\t<div data-elementor-type=\"wp-page\" data-elementor-id=\"41856\" class=\"elementor elementor-41856 elementor-9095\" data-elementor-post-type=\"page\">\n\t\t\t\t<div class=\"elementor-element elementor-element-6ff7069 e-flex e-con-boxed rael-particle-no e-con e-parent\" data-id=\"6ff7069\" data-element_type=\"container\" data-e-type=\"container\" data-settings=\"{&quot;rae_animations_entrance&quot;:&quot;none&quot;}\">\n\t\t\t\t\t<div class=\"e-con-inner\">\n\t\t<div class=\"elementor-element elementor-element-8640da8 e-con-full e-flex rael-particle-no e-con e-child\" data-id=\"8640da8\" data-element_type=\"container\" data-e-type=\"container\" data-settings=\"{&quot;rae_animations_entrance&quot;:&quot;none&quot;}\">\n\t\t\t\t<div class=\"elementor-element elementor-element-cec6c05 img-radius-10 elementor-widget elementor-widget-image\" data-id=\"cec6c05\" data-element_type=\"widget\" data-e-type=\"widget\" data-widget_type=\"image.default\">\n\t\t\t\t<div class=\"elementor-widget-container\">\n\t\t\t\t\t\t\t\t\t\t\t\t\t\t\t<img fetchpriority=\"high\" decoding=\"async\" width=\"800\" height=\"533\" src=\"https:\/\/www.bojungle.eu\/wp-content\/uploads\/2023\/06\/Bojungle_About_us_1.jpg\" class=\"attachment-large size-large wp-image-45232\" alt=\"\" srcset=\"https:\/\/www.bojungle.eu\/wp-content\/uploads\/2023\/06\/Bojungle_About_us_1.jpg 800w, https:\/\/www.bojungle.eu\/wp-content\/uploads\/2023\/06\/Bojungle_About_us_1-300x200.jpg 300w, https:\/\/www.bojungle.eu\/wp-content\/uploads\/2023\/06\/Bojungle_About_us_1-768x512.jpg 768w, https:\/\/www.bojungle.eu\/wp-content\/uploads\/2023\/06\/Bojungle_About_us_1-600x400.jpg 600w\" sizes=\"(max-width: 800px) 100vw, 800px\" title=\"\">\t\t\t\t\t\t\t\t\t\t\t\t\t\t\t<\/div>\n\t\t\t\t<\/div>\n\t\t\t\t<\/div>\n\t\t<div class=\"elementor-element elementor-element-88afedc e-con-full e-flex rael-particle-no e-con e-child\" data-id=\"88afedc\" data-element_type=\"container\" data-e-type=\"container\" data-settings=\"{&quot;rae_animations_entrance&quot;:&quot;none&quot;}\">\n\t\t\t\t<div class=\"elementor-element elementor-element-a194950 title-block-1 elementor-widget elementor-widget-heading\" data-id=\"a194950\" data-element_type=\"widget\" data-e-type=\"widget\" data-widget_type=\"heading.default\">\n\t\t\t\t<div class=\"elementor-widget-container\">\n\t\t\t\t\t<h2 class=\"elementor-heading-title elementor-size-default\">Une marque belge Premium!<\/h2>\t\t\t\t<\/div>\n\t\t\t\t<\/div>\n\t\t\t\t<div class=\"elementor-element elementor-element-0176aa0 elementor-widget elementor-widget-text-editor\" data-id=\"0176aa0\" data-element_type=\"widget\" data-e-type=\"widget\" data-widget_type=\"text-editor.default\">\n\t\t\t\t<div class=\"elementor-widget-container\">\n\t\t\t\t\t\t\t\t\t<p>Nous comprenons que votre b\u00e9b\u00e9 est votre bien le plus pr\u00e9cieux, c\u2019est pourquoi nous nous effor\u00e7ons de gagner votre confiance en offrant <strong>une qualit\u00e9 constante \u00e0 un prix \u00e9quitable<\/strong>. Nous voulons faire partie de votre parcours en tant que parent et vous soutenir avec des produits que vous pouvez utiliser en toute confiance.<\/p>\n<p>Actuellement, nous avons d\u00e9j\u00e0 des produits dans diff\u00e9rentes cat\u00e9gories, telles que <a href=\"https:\/\/www.bojungle.eu\/fr\/product-category\/nourriture-et-boisson\/\">l\u2019alimentation<\/a>, le <a href=\"https:\/\/www.bojungle.eu\/fr\/product-category\/playtime-fr\/\">jeu<\/a>, <a href=\"https:\/\/www.bojungle.eu\/fr\/product-category\/sommeil\/\">le sommeil<\/a>, etc., mais nous continuons \u00e0 \u00e9largir notre gamme.<\/p>\n<p>Lors du d\u00e9veloppement de ces nouveaux produits, nous essayons toujours <strong>de r\u00e9pondre aux besoins des b\u00e9b\u00e9s et des parents<\/strong>, avec une attention particuli\u00e8re aux d\u00e9tails et \u00e0 la fonctionnalit\u00e9.<\/p>\n<p><strong>La durabilit\u00e9<\/strong> est un autre aspect auquel nous attachons une grande importance. Par cons\u00e9quent, nous nous effor\u00e7ons de d\u00e9velopper des produits qui offrent non seulement <strong>confort et plaisir<\/strong>, mais dureront \u00e9galement <strong>longtemps<\/strong>.<\/p>\n<p>Nos conceptions sont d\u00e9velopp\u00e9es par des <strong>sp\u00e9cialistes europ\u00e9ens des produits<\/strong> avec beaucoup d\u2019exp\u00e9rience professionnelle dans l\u2019industrie et test\u00e9es par les m\u00e8res pour assurer leur <strong>qualit\u00e9<\/strong> et leur <strong>convivialit\u00e9<\/strong>.<\/p><\/p>\n\t\t\t\t\t\t\t\t<\/div>\n\t\t\t\t<\/div>\n\t\t\t\t<\/div>\n\t\t\t\t\t<\/div>\n\t\t\t\t<\/div>\n\t\t<div class=\"elementor-element elementor-element-e4fdf98 e-flex e-con-boxed rael-particle-no e-con e-parent\" data-id=\"e4fdf98\" data-element_type=\"container\" data-e-type=\"container\" data-settings=\"{&quot;background_background&quot;:&quot;classic&quot;,&quot;rae_animations_entrance&quot;:&quot;none&quot;}\">\n\t\t\t\t\t<div class=\"e-con-inner\">\n\t\t<div class=\"elementor-element elementor-element-e3d5a8e wpb-col-sm-50 e-con-full e-flex rael-particle-no e-con e-child\" data-id=\"e3d5a8e\" data-element_type=\"container\" data-e-type=\"container\" data-settings=\"{&quot;rae_animations_entrance&quot;:&quot;none&quot;}\">\n\t\t\t\t<div class=\"elementor-element elementor-element-b3096c5 elementor-position-inline-start elementor-view-default elementor-mobile-position-block-start elementor-widget elementor-widget-icon-box\" data-id=\"b3096c5\" data-element_type=\"widget\" data-e-type=\"widget\" data-widget_type=\"icon-box.default\">\n\t\t\t\t<div class=\"elementor-widget-container\">\n\t\t\t\t\t\t\t<div class=\"elementor-icon-box-wrapper\">\n\n\t\t\t\t\t\t<div class=\"elementor-icon-box-icon\">\n\t\t\t\t<span  class=\"elementor-icon elementor-animation-wobble-horizontal\">\n\t\t\t\t\t\t\t\t<\/span>\n\t\t\t<\/div>\n\t\t\t\n\t\t\t\t\t\t<div class=\"elementor-icon-box-content\">\n\n\t\t\t\t\t\t\t\t\t<div class=\"elementor-icon-box-title\">\n\t\t\t\t\t\t<span  >\n\t\t\t\t\t\t\tMarque internationale\t\t\t\t\t\t<\/span>\n\t\t\t\t\t<\/div>\n\t\t\t\t\n\t\t\t\t\t\t\t\t\t<p class=\"elementor-icon-box-description\">\n\t\t\t\t\t\tNous distribuons nos produits dans plus de 10 pays.\t\t\t\t\t<\/p>\n\t\t\t\t\n\t\t\t<\/div>\n\t\t\t\n\t\t<\/div>\n\t\t\t\t\t\t<\/div>\n\t\t\t\t<\/div>\n\t\t\t\t<\/div>\n\t\t<div class=\"elementor-element elementor-element-776e3aa wpb-col-sm-50 e-con-full e-flex rael-particle-no e-con e-child\" data-id=\"776e3aa\" data-element_type=\"container\" data-e-type=\"container\" data-settings=\"{&quot;rae_animations_entrance&quot;:&quot;none&quot;}\">\n\t\t\t\t<div class=\"elementor-element elementor-element-afef27f elementor-position-inline-start elementor-view-default elementor-mobile-position-block-start elementor-widget elementor-widget-icon-box\" data-id=\"afef27f\" data-element_type=\"widget\" data-e-type=\"widget\" data-widget_type=\"icon-box.default\">\n\t\t\t\t<div class=\"elementor-widget-container\">\n\t\t\t\t\t\t\t<div class=\"elementor-icon-box-wrapper\">\n\n\t\t\t\t\t\t<div class=\"elementor-icon-box-icon\">\n\t\t\t\t<span  class=\"elementor-icon elementor-animation-wobble-horizontal\">\n\t\t\t\t\t\t\t\t<\/span>\n\t\t\t<\/div>\n\t\t\t\n\t\t\t\t\t\t<div class=\"elementor-icon-box-content\">\n\n\t\t\t\t\t\t\t\t\t<div class=\"elementor-icon-box-title\">\n\t\t\t\t\t\t<span  >\n\t\t\t\t\t\t\tToujours disponible\t\t\t\t\t\t<\/span>\n\t\t\t\t\t<\/div>\n\t\t\t\t\n\t\t\t\t\t\t\t\t\t<p class=\"elementor-icon-box-description\">\n\t\t\t\t\t\tContactez-nous \u00e0 tout moment par courriel, par t\u00e9l\u00e9phone ou sur les r\u00e9seaux sociaux.\t\t\t\t\t<\/p>\n\t\t\t\t\n\t\t\t<\/div>\n\t\t\t\n\t\t<\/div>\n\t\t\t\t\t\t<\/div>\n\t\t\t\t<\/div>\n\t\t\t\t<\/div>\n\t\t<div class=\"elementor-element elementor-element-87076e1 wpb-col-sm-50 m-t-30 e-con-full e-flex rael-particle-no e-con e-child\" data-id=\"87076e1\" data-element_type=\"container\" data-e-type=\"container\" data-settings=\"{&quot;rae_animations_entrance&quot;:&quot;none&quot;}\">\n\t\t\t\t<div class=\"elementor-element elementor-element-d07853a elementor-position-inline-start elementor-view-default elementor-mobile-position-block-start elementor-widget elementor-widget-icon-box\" data-id=\"d07853a\" data-element_type=\"widget\" data-e-type=\"widget\" data-widget_type=\"icon-box.default\">\n\t\t\t\t<div class=\"elementor-widget-container\">\n\t\t\t\t\t\t\t<div class=\"elementor-icon-box-wrapper\">\n\n\t\t\t\t\t\t<div class=\"elementor-icon-box-icon\">\n\t\t\t\t<span  class=\"elementor-icon elementor-animation-wobble-horizontal\">\n\t\t\t\t\t\t\t\t<\/span>\n\t\t\t<\/div>\n\t\t\t\n\t\t\t\t\t\t<div class=\"elementor-icon-box-content\">\n\n\t\t\t\t\t\t\t\t\t<div class=\"elementor-icon-box-title\">\n\t\t\t\t\t\t<span  >\n\t\t\t\t\t\t\tTest\u00e9 par des mamans\t\t\t\t\t\t<\/span>\n\t\t\t\t\t<\/div>\n\t\t\t\t\n\t\t\t\t\t\t\t\t\t<p class=\"elementor-icon-box-description\">\n\t\t\t\t\t\tTous nos produits ont \u00e9t\u00e9 test\u00e9s par de vraies mamans.\t\t\t\t\t<\/p>\n\t\t\t\t\n\t\t\t<\/div>\n\t\t\t\n\t\t<\/div>\n\t\t\t\t\t\t<\/div>\n\t\t\t\t<\/div>\n\t\t\t\t<\/div>\n\t\t<div class=\"elementor-element elementor-element-5dac2a2 wpb-col-sm-50 m-t-30 e-con-full e-flex rael-particle-no e-con e-child\" data-id=\"5dac2a2\" data-element_type=\"container\" data-e-type=\"container\" data-settings=\"{&quot;rae_animations_entrance&quot;:&quot;none&quot;}\">\n\t\t\t\t<div class=\"elementor-element elementor-element-bf673c7 elementor-position-inline-start elementor-view-default elementor-mobile-position-block-start elementor-widget elementor-widget-icon-box\" data-id=\"bf673c7\" data-element_type=\"widget\" data-e-type=\"widget\" data-widget_type=\"icon-box.default\">\n\t\t\t\t<div class=\"elementor-widget-container\">\n\t\t\t\t\t\t\t<div class=\"elementor-icon-box-wrapper\">\n\n\t\t\t\t\t\t<div class=\"elementor-icon-box-icon\">\n\t\t\t\t<span  class=\"elementor-icon elementor-animation-wobble-horizontal\">\n\t\t\t\t\t\t\t\t<\/span>\n\t\t\t<\/div>\n\t\t\t\n\t\t\t\t\t\t<div class=\"elementor-icon-box-content\">\n\n\t\t\t\t\t\t\t\t\t<div class=\"elementor-icon-box-title\">\n\t\t\t\t\t\t<span  >\n\t\t\t\t\t\t\tMarque belge de premier plan\t\t\t\t\t\t<\/span>\n\t\t\t\t\t<\/div>\n\t\t\t\t\n\t\t\t\t\t\t\t\t\t<p class=\"elementor-icon-box-description\">\n\t\t\t\t\t\tTous nos produits ont \u00e9t\u00e9 con\u00e7us en Belgique.\t\t\t\t\t<\/p>\n\t\t\t\t\n\t\t\t<\/div>\n\t\t\t\n\t\t<\/div>\n\t\t\t\t\t\t<\/div>\n\t\t\t\t<\/div>\n\t\t\t\t<\/div>\n\t\t\t\t\t<\/div>\n\t\t\t\t<\/div>\n\t\t<div class=\"elementor-element elementor-element-49761fb e-flex e-con-boxed rael-particle-no e-con e-parent\" data-id=\"49761fb\" data-element_type=\"container\" data-e-type=\"container\" data-settings=\"{&quot;background_background&quot;:&quot;gradient&quot;,&quot;rae_animations_entrance&quot;:&quot;none&quot;}\">\n\t\t\t\t\t<div class=\"e-con-inner\">\n\t\t<div class=\"elementor-element elementor-element-baa5fed e-con-full e-flex rael-particle-no e-con e-child\" data-id=\"baa5fed\" data-element_type=\"container\" data-e-type=\"container\" data-settings=\"{&quot;rae_animations_entrance&quot;:&quot;none&quot;}\">\n\t\t\t\t<div class=\"elementor-element elementor-element-18e94f0 elementor-widget elementor-widget-text-editor\" data-id=\"18e94f0\" data-element_type=\"widget\" data-e-type=\"widget\" data-widget_type=\"text-editor.default\">\n\t\t\t\t<div class=\"elementor-widget-container\">\n\t\t\t\t\t\t\t\t\t<p>Notre \u00e9quipe<\/p>\n\t\t\t\t\t\t\t\t<\/div>\n\t\t\t\t<\/div>\n\t\t\t\t<\/div>\n\t\t<div class=\"elementor-element elementor-element-229a99b e-con-full e-flex rael-particle-no e-con e-child\" data-id=\"229a99b\" data-element_type=\"container\" data-e-type=\"container\" data-settings=\"{&quot;rae_animations_entrance&quot;:&quot;none&quot;}\">\n\t\t\t\t<\/div>\n\t\t\t\t\t<\/div>\n\t\t\t\t<\/div>\n\t\t\t\t<\/div>\n\t\t","protected":false},"excerpt":{"rendered":"<p>Une marque belge Premium! Nous comprenons que votre b\u00e9b\u00e9 est votre bien le plus pr\u00e9cieux, c\u2019est pourquoi nous nous effor\u00e7ons de gagner votre confiance en offrant une qualit\u00e9 constante \u00e0 un prix \u00e9quitable. Nous voulons faire partie de votre parcours en tant que parent et vous soutenir avec des produits que vous pouvez utiliser en [&hellip;]<\/p>\n","protected":false},"author":6,"featured_media":0,"parent":0,"menu_order":0,"comment_status":"closed","ping_status":"closed","template":"elementor_header_footer","meta":{"_lmt_disableupdate":"","_lmt_disable":"","footnotes":""},"categories":[],"tags":[],"class_list":["post-41856","page","type-page","status-publish","hentry"],"_links":{"self":[{"href":"https:\/\/www.bojungle.eu\/fr\/wp-json\/wp\/v2\/pages\/41856","targetHints":{"allow":["GET"]}}],"collection":[{"href":"https:\/\/www.bojungle.eu\/fr\/wp-json\/wp\/v2\/pages"}],"about":[{"href":"https:\/\/www.bojungle.eu\/fr\/wp-json\/wp\/v2\/types\/page"}],"author":[{"embeddable":true,"href":"https:\/\/www.bojungle.eu\/fr\/wp-json\/wp\/v2\/users\/6"}],"replies":[{"embeddable":true,"href":"https:\/\/www.bojungle.eu\/fr\/wp-json\/wp\/v2\/comments?post=41856"}],"version-history":[{"count":5,"href":"https:\/\/www.bojungle.eu\/fr\/wp-json\/wp\/v2\/pages\/41856\/revisions"}],"predecessor-version":[{"id":79535,"href":"https:\/\/www.bojungle.eu\/fr\/wp-json\/wp\/v2\/pages\/41856\/revisions\/79535"}],"wp:attachment":[{"href":"https:\/\/www.bojungle.eu\/fr\/wp-json\/wp\/v2\/media?parent=41856"}],"wp:term":[{"taxonomy":"category","embeddable":true,"href":"https:\/\/www.bojungle.eu\/fr\/wp-json\/wp\/v2\/categories?post=41856"},{"taxonomy":"post_tag","embeddable":true,"href":"https:\/\/www.bojungle.eu\/fr\/wp-json\/wp\/v2\/tags?post=41856"}],"curies":[{"name":"wp","href":"https:\/\/api.w.org\/{rel}","templated":true}]}}