{"id":64746,"date":"2020-08-19T07:40:26","date_gmt":"2020-08-19T05:40:26","guid":{"rendered":"https:\/\/www.bojungle.eu\/faq\/"},"modified":"2024-01-23T10:53:00","modified_gmt":"2024-01-23T09:53:00","slug":"faq","status":"publish","type":"page","link":"https:\/\/www.bojungle.eu\/fr\/faq\/","title":{"rendered":"Faq"},"content":{"rendered":"\t\t<div data-elementor-type=\"wp-page\" data-elementor-id=\"64746\" class=\"elementor elementor-64746 elementor-14474\" data-elementor-post-type=\"page\">\n\t\t\t\t<div class=\"elementor-element elementor-element-223e7ce e-flex e-con-boxed rael-particle-no e-con e-parent\" data-id=\"223e7ce\" data-element_type=\"container\" data-e-type=\"container\" data-settings=\"{&quot;rae_animations_entrance&quot;:&quot;none&quot;}\">\n\t\t\t\t\t<div class=\"e-con-inner\">\n\t\t<div class=\"elementor-element elementor-element-534d81a e-con-full e-flex rael-particle-no e-con e-child\" data-id=\"534d81a\" data-element_type=\"container\" data-e-type=\"container\" data-settings=\"{&quot;rae_animations_entrance&quot;:&quot;none&quot;}\">\n\t\t\t\t<div class=\"elementor-element elementor-element-a5c7eab title-block-1 elementor-widget elementor-widget-heading\" data-id=\"a5c7eab\" data-element_type=\"widget\" data-e-type=\"widget\" data-widget_type=\"heading.default\">\n\t\t\t\t<div class=\"elementor-widget-container\">\n\t\t\t\t\t<h2 class=\"elementor-heading-title elementor-size-default\">Questions fr\u00e9quemment pos\u00e9es<\/h2>\t\t\t\t<\/div>\n\t\t\t\t<\/div>\n\t\t\t\t<\/div>\n\t\t\t\t\t<\/div>\n\t\t\t\t<\/div>\n\t\t<div class=\"elementor-element elementor-element-2b1cb52 e-flex e-con-boxed rael-particle-no e-con e-parent\" data-id=\"2b1cb52\" data-element_type=\"container\" data-e-type=\"container\" data-settings=\"{&quot;rae_animations_entrance&quot;:&quot;none&quot;}\">\n\t\t\t\t\t<div class=\"e-con-inner\">\n\t\t<div class=\"elementor-element elementor-element-f2c3de9 e-flex e-con-boxed rael-particle-no e-con e-child\" data-id=\"f2c3de9\" data-element_type=\"container\" data-e-type=\"container\" data-settings=\"{&quot;rae_animations_entrance&quot;:&quot;none&quot;}\">\n\t\t\t\t\t<div class=\"e-con-inner\">\n\t\t\t\t<div class=\"elementor-element elementor-element-b20a25a elementor-widget elementor-widget-toggle\" data-id=\"b20a25a\" data-element_type=\"widget\" data-e-type=\"widget\" data-widget_type=\"toggle.default\">\n\t\t\t\t<div class=\"elementor-widget-container\">\n\t\t\t\t\t\t\t<div class=\"elementor-toggle\">\n\t\t\t\t\t\t\t<div class=\"elementor-toggle-item\">\n\t\t\t\t\t<div id=\"elementor-tab-title-1861\" class=\"elementor-tab-title\" data-tab=\"1\" role=\"button\" aria-controls=\"elementor-tab-content-1861\" aria-expanded=\"false\">\n\t\t\t\t\t\t\t\t\t\t\t\t<span class=\"elementor-toggle-icon elementor-toggle-icon-left\" aria-hidden=\"true\">\n\t\t\t\t\t\t\t\t\t\t\t\t\t\t\t<span class=\"elementor-toggle-icon-closed\"><i class=\"fas fa-caret-right\"><\/i><\/span>\n\t\t\t\t\t\t\t\t<span class=\"elementor-toggle-icon-opened\"><i class=\"elementor-toggle-icon-opened fas fa-caret-up\"><\/i><\/span>\n\t\t\t\t\t\t\t\t\t\t\t\t\t<\/span>\n\t\t\t\t\t\t\t\t\t\t\t\t<a class=\"elementor-toggle-title\" tabindex=\"0\">Que repr\u00e9sente Bo Jungle ?<\/a>\n\t\t\t\t\t<\/div>\n\n\t\t\t\t\t<div id=\"elementor-tab-content-1861\" class=\"elementor-tab-content elementor-clearfix\" data-tab=\"1\" role=\"region\" aria-labelledby=\"elementor-tab-title-1861\"><p style=\"border: 0px solid #d9d9e3; --tw-border-spacing-x: 0; --tw-border-spacing-y: 0; --tw-translate-x: 0; --tw-translate-y: 0; --tw-rotate: 0; --tw-skew-x: 0; --tw-skew-y: 0; --tw-scale-x: 1; --tw-scale-y: 1; --tw-scroll-snap-strictness: proximity; --tw-ring-offset-width: 0px; --tw-ring-offset-color: #fff; --tw-ring-color: rgba(69,89,164,.5); --tw-ring-offset-shadow: 0 0 transparent; --tw-ring-shadow: 0 0 transparent; --tw-shadow: 0 0 transparent; --tw-shadow-colored: 0 0 transparent; margin: 1.25em 0px; color: #374151; font-family: S\u00f6hne, ui-sans-serif, system-ui, -apple-system, 'Segoe UI', Roboto, Ubuntu, Cantarell, 'Noto Sans', sans-serif, 'Helvetica Neue', Arial, 'Apple Color Emoji', 'Segoe UI Emoji', 'Segoe UI Symbol', 'Noto Color Emoji'; letter-spacing: normal; white-space-collapse: preserve;\">Bo Jungle est plus qu&rsquo;une simple marque ; c&rsquo;est un engagement \u00e0 soutenir les parents et les tuteurs dans le parcours gratifiant d&rsquo;\u00e9lever leurs tout-petits. Originaire de Belgique, notre mission est de fournir une assistance compl\u00e8te dans divers aspects de la parentalit\u00e9, notamment les repas, les sorties, les soins, les r\u00e9cr\u00e9ations, le sommeil, la s\u00e9curit\u00e9, etc. <\/p>\n<p style=\"border: 0px solid #d9d9e3; --tw-border-spacing-x: 0; --tw-border-spacing-y: 0; --tw-translate-x: 0; --tw-translate-y: 0; --tw-rotate: 0; --tw-skew-x: 0; --tw-skew-y: 0; --tw-scale-x: 1; --tw-scale-y: 1; --tw-scroll-snap-strictness: proximity; --tw-ring-offset-width: 0px; --tw-ring-offset-color: #fff; --tw-ring-color: rgba(69,89,164,.5); --tw-ring-offset-shadow: 0 0 transparent; --tw-ring-shadow: 0 0 transparent; --tw-shadow: 0 0 transparent; --tw-shadow-colored: 0 0 transparent; margin: 1.25em 0px 0px; color: #374151; font-family: S\u00f6hne, ui-sans-serif, system-ui, -apple-system, 'Segoe UI', Roboto, Ubuntu, Cantarell, 'Noto Sans', sans-serif, 'Helvetica Neue', Arial, 'Apple Color Emoji', 'Segoe UI Emoji', 'Segoe UI Symbol', 'Noto Color Emoji'; letter-spacing: normal; white-space-collapse: preserve;\">Notre vaste gamme de produits abordables est soigneusement con\u00e7ue pour am\u00e9liorer la vie quotidienne des parents et des enfants. En mettant l&rsquo;accent sur un beau design, l&rsquo;innovation et, surtout, un savoir-faire de haute qualit\u00e9, Bo Jungle s&rsquo;efforce de rendre l&rsquo;exp\u00e9rience parentale plus agr\u00e9able et \u00e9panouissante. Nous croyons en la cr\u00e9ation de produits qui r\u00e9pondent non seulement aux besoins pratiques des parents, mais qui ajoutent \u00e9galement une touche de joie et de confort \u00e0 la vie des petits que nous ch\u00e9rissons.  <\/p><\/p>\n<\/div>\n\t\t\t\t<\/div>\n\t\t\t\t\t\t\t<div class=\"elementor-toggle-item\">\n\t\t\t\t\t<div id=\"elementor-tab-title-1862\" class=\"elementor-tab-title\" data-tab=\"2\" role=\"button\" aria-controls=\"elementor-tab-content-1862\" aria-expanded=\"false\">\n\t\t\t\t\t\t\t\t\t\t\t\t<span class=\"elementor-toggle-icon elementor-toggle-icon-left\" aria-hidden=\"true\">\n\t\t\t\t\t\t\t\t\t\t\t\t\t\t\t<span class=\"elementor-toggle-icon-closed\"><i class=\"fas fa-caret-right\"><\/i><\/span>\n\t\t\t\t\t\t\t\t<span class=\"elementor-toggle-icon-opened\"><i class=\"elementor-toggle-icon-opened fas fa-caret-up\"><\/i><\/span>\n\t\t\t\t\t\t\t\t\t\t\t\t\t<\/span>\n\t\t\t\t\t\t\t\t\t\t\t\t<a class=\"elementor-toggle-title\" tabindex=\"0\">Que faire si j'ai une r\u00e9clamation concernant un produit Bo Jungle ?<\/a>\n\t\t\t\t\t<\/div>\n\n\t\t\t\t\t<div id=\"elementor-tab-content-1862\" class=\"elementor-tab-content elementor-clearfix\" data-tab=\"2\" role=\"region\" aria-labelledby=\"elementor-tab-title-1862\"><p>Si votre produit est d\u00e9fectueux, veuillez contacter votre magasin d&rsquo;achat avec votre preuve d&rsquo;achat. Ils pourront vous aider davantage. <br \/>S&rsquo;il s&rsquo;agit d&rsquo;autre chose, vous pouvez toujours nous envoyer un message via la page<a href=\"https:\/\/www.bojungle.eu\/fr\/contact\/\">\u00ab\u00a0contact<\/a>\u00ab\u00a0.<\/p><\/p>\n<\/div>\n\t\t\t\t<\/div>\n\t\t\t\t\t\t\t<div class=\"elementor-toggle-item\">\n\t\t\t\t\t<div id=\"elementor-tab-title-1863\" class=\"elementor-tab-title\" data-tab=\"3\" role=\"button\" aria-controls=\"elementor-tab-content-1863\" aria-expanded=\"false\">\n\t\t\t\t\t\t\t\t\t\t\t\t<span class=\"elementor-toggle-icon elementor-toggle-icon-left\" aria-hidden=\"true\">\n\t\t\t\t\t\t\t\t\t\t\t\t\t\t\t<span class=\"elementor-toggle-icon-closed\"><i class=\"fas fa-caret-right\"><\/i><\/span>\n\t\t\t\t\t\t\t\t<span class=\"elementor-toggle-icon-opened\"><i class=\"elementor-toggle-icon-opened fas fa-caret-up\"><\/i><\/span>\n\t\t\t\t\t\t\t\t\t\t\t\t\t<\/span>\n\t\t\t\t\t\t\t\t\t\t\t\t<a class=\"elementor-toggle-title\" tabindex=\"0\">Quel service d\u2019exp\u00e9dition Bo Jungle utilise-t-il ?<\/a>\n\t\t\t\t\t<\/div>\n\n\t\t\t\t\t<div id=\"elementor-tab-content-1863\" class=\"elementor-tab-content elementor-clearfix\" data-tab=\"3\" role=\"region\" aria-labelledby=\"elementor-tab-title-1863\"><p>\n            <span style=\"color: #374151; font-family: S\u00f6hne, ui-sans-serif, system-ui, -apple-system, 'Segoe UI', Roboto, Ubuntu, Cantarell, 'Noto Sans', sans-serif, 'Helvetica Neue', Arial, 'Apple Color Emoji', 'Segoe UI Emoji', 'Segoe UI Symbol', 'Noto Color Emoji'; letter-spacing: normal; white-space-collapse: preserve;\">Bo Jungle utilise le service d&rsquo;exp\u00e9dition DPD.<\/span>\n          <\/p>\n<\/div>\n\t\t\t\t<\/div>\n\t\t\t\t\t\t\t<div class=\"elementor-toggle-item\">\n\t\t\t\t\t<div id=\"elementor-tab-title-1864\" class=\"elementor-tab-title\" data-tab=\"4\" role=\"button\" aria-controls=\"elementor-tab-content-1864\" aria-expanded=\"false\">\n\t\t\t\t\t\t\t\t\t\t\t\t<span class=\"elementor-toggle-icon elementor-toggle-icon-left\" aria-hidden=\"true\">\n\t\t\t\t\t\t\t\t\t\t\t\t\t\t\t<span class=\"elementor-toggle-icon-closed\"><i class=\"fas fa-caret-right\"><\/i><\/span>\n\t\t\t\t\t\t\t\t<span class=\"elementor-toggle-icon-opened\"><i class=\"elementor-toggle-icon-opened fas fa-caret-up\"><\/i><\/span>\n\t\t\t\t\t\t\t\t\t\t\t\t\t<\/span>\n\t\t\t\t\t\t\t\t\t\t\t\t<a class=\"elementor-toggle-title\" tabindex=\"0\">\u00c0 quel montant les articles peuvent-ils b\u00e9n\u00e9ficier de la livraison gratuite ?<\/a>\n\t\t\t\t\t<\/div>\n\n\t\t\t\t\t<div id=\"elementor-tab-content-1864\" class=\"elementor-tab-content elementor-clearfix\" data-tab=\"4\" role=\"region\" aria-labelledby=\"elementor-tab-title-1864\"><p>\n            <span style=\"color: #374151; font-family: S\u00f6hne, ui-sans-serif, system-ui, -apple-system, 'Segoe UI', Roboto, Ubuntu, Cantarell, 'Noto Sans', sans-serif, 'Helvetica Neue', Arial, 'Apple Color Emoji', 'Segoe UI Emoji', 'Segoe UI Symbol', 'Noto Color Emoji'; letter-spacing: normal; white-space-collapse: preserve;\">Les articles peuvent b\u00e9n\u00e9ficier de la livraison gratuite pour les commandes totalisant 40 \u20ac ou plus.<\/span>\n          <\/p>\n<\/div>\n\t\t\t\t<\/div>\n\t\t\t\t\t\t\t<div class=\"elementor-toggle-item\">\n\t\t\t\t\t<div id=\"elementor-tab-title-1865\" class=\"elementor-tab-title\" data-tab=\"5\" role=\"button\" aria-controls=\"elementor-tab-content-1865\" aria-expanded=\"false\">\n\t\t\t\t\t\t\t\t\t\t\t\t<span class=\"elementor-toggle-icon elementor-toggle-icon-left\" aria-hidden=\"true\">\n\t\t\t\t\t\t\t\t\t\t\t\t\t\t\t<span class=\"elementor-toggle-icon-closed\"><i class=\"fas fa-caret-right\"><\/i><\/span>\n\t\t\t\t\t\t\t\t<span class=\"elementor-toggle-icon-opened\"><i class=\"elementor-toggle-icon-opened fas fa-caret-up\"><\/i><\/span>\n\t\t\t\t\t\t\t\t\t\t\t\t\t<\/span>\n\t\t\t\t\t\t\t\t\t\t\t\t<a class=\"elementor-toggle-title\" tabindex=\"0\">Qu'indique la fonctionnalit\u00e9 \u00ab Localisateur de magasin \u00bb ?<\/a>\n\t\t\t\t\t<\/div>\n\n\t\t\t\t\t<div id=\"elementor-tab-content-1865\" class=\"elementor-tab-content elementor-clearfix\" data-tab=\"5\" role=\"region\" aria-labelledby=\"elementor-tab-title-1865\"><p>Le localisateur de magasins vous aide \u00e0 trouver des magasins physiques proposant des produits Bo Jungle. Veuillez toutefois noter que cela ne garantit pas que tous les produits soient disponibles dans tous les magasins r\u00e9pertori\u00e9s. <\/p>\n<\/div>\n\t\t\t\t<\/div>\n\t\t\t\t\t\t\t<div class=\"elementor-toggle-item\">\n\t\t\t\t\t<div id=\"elementor-tab-title-1866\" class=\"elementor-tab-title\" data-tab=\"6\" role=\"button\" aria-controls=\"elementor-tab-content-1866\" aria-expanded=\"false\">\n\t\t\t\t\t\t\t\t\t\t\t\t<span class=\"elementor-toggle-icon elementor-toggle-icon-left\" aria-hidden=\"true\">\n\t\t\t\t\t\t\t\t\t\t\t\t\t\t\t<span class=\"elementor-toggle-icon-closed\"><i class=\"fas fa-caret-right\"><\/i><\/span>\n\t\t\t\t\t\t\t\t<span class=\"elementor-toggle-icon-opened\"><i class=\"elementor-toggle-icon-opened fas fa-caret-up\"><\/i><\/span>\n\t\t\t\t\t\t\t\t\t\t\t\t\t<\/span>\n\t\t\t\t\t\t\t\t\t\t\t\t<a class=\"elementor-toggle-title\" tabindex=\"0\">Bo Jungle poss\u00e8de-t-il son propre magasin physique ?<\/a>\n\t\t\t\t\t<\/div>\n\n\t\t\t\t\t<div id=\"elementor-tab-content-1866\" class=\"elementor-tab-content elementor-clearfix\" data-tab=\"6\" role=\"region\" aria-labelledby=\"elementor-tab-title-1866\"><p>Non, Bo Jungle op\u00e8re exclusivement via la vente en ligne et ne poss\u00e8de pas de magasins physiques. Cependant, vous pouvez retrouver les produits Bo Jungle dans diff\u00e9rents magasins physiques. Utilisez notre localisateur de magasins pour d\u00e9couvrir quels magasins proposent des articles Bo Jungle. Gardez \u00e0 l\u2019esprit que tous les produits peuvent ne pas \u00eatre disponibles dans tous les magasins r\u00e9pertori\u00e9s.   <\/p>\n<\/div>\n\t\t\t\t<\/div>\n\t\t\t\t\t\t\t<div class=\"elementor-toggle-item\">\n\t\t\t\t\t<div id=\"elementor-tab-title-1867\" class=\"elementor-tab-title\" data-tab=\"7\" role=\"button\" aria-controls=\"elementor-tab-content-1867\" aria-expanded=\"false\">\n\t\t\t\t\t\t\t\t\t\t\t\t<span class=\"elementor-toggle-icon elementor-toggle-icon-left\" aria-hidden=\"true\">\n\t\t\t\t\t\t\t\t\t\t\t\t\t\t\t<span class=\"elementor-toggle-icon-closed\"><i class=\"fas fa-caret-right\"><\/i><\/span>\n\t\t\t\t\t\t\t\t<span class=\"elementor-toggle-icon-opened\"><i class=\"elementor-toggle-icon-opened fas fa-caret-up\"><\/i><\/span>\n\t\t\t\t\t\t\t\t\t\t\t\t\t<\/span>\n\t\t\t\t\t\t\t\t\t\t\t\t<a class=\"elementor-toggle-title\" tabindex=\"0\">Je recherche une pi\u00e8ce de rechange, comment la trouver ?<\/a>\n\t\t\t\t\t<\/div>\n\n\t\t\t\t\t<div id=\"elementor-tab-content-1867\" class=\"elementor-tab-content elementor-clearfix\" data-tab=\"7\" role=\"region\" aria-labelledby=\"elementor-tab-title-1867\"><p>Pour toute demande de renseignements sur les pi\u00e8ces de rechange, vous <a target=\"_new\">pouvez office@bojungle.eu<\/a> envoyer un e-mail pour v\u00e9rifier si une assistance peut \u00eatre fournie. Veuillez noter que les pi\u00e8ces de rechange ne sont pas toujours disponibles.<\/p>\n<\/div>\n\t\t\t\t<\/div>\n\t\t\t\t\t\t\t<div class=\"elementor-toggle-item\">\n\t\t\t\t\t<div id=\"elementor-tab-title-1868\" class=\"elementor-tab-title\" data-tab=\"8\" role=\"button\" aria-controls=\"elementor-tab-content-1868\" aria-expanded=\"false\">\n\t\t\t\t\t\t\t\t\t\t\t\t<span class=\"elementor-toggle-icon elementor-toggle-icon-left\" aria-hidden=\"true\">\n\t\t\t\t\t\t\t\t\t\t\t\t\t\t\t<span class=\"elementor-toggle-icon-closed\"><i class=\"fas fa-caret-right\"><\/i><\/span>\n\t\t\t\t\t\t\t\t<span class=\"elementor-toggle-icon-opened\"><i class=\"elementor-toggle-icon-opened fas fa-caret-up\"><\/i><\/span>\n\t\t\t\t\t\t\t\t\t\t\t\t\t<\/span>\n\t\t\t\t\t\t\t\t\t\t\t\t<a class=\"elementor-toggle-title\" tabindex=\"0\">Puis-je acheter les produits Bo Jungle dans un magasin physique ?<\/a>\n\t\t\t\t\t<\/div>\n\n\t\t\t\t\t<div id=\"elementor-tab-content-1868\" class=\"elementor-tab-content elementor-clearfix\" data-tab=\"8\" role=\"region\" aria-labelledby=\"elementor-tab-title-1868\"><p>Certainly! Use our store locator to find stores that sell Bo Jungle products. However, it&rsquo;s important to note that not all products may be available at every listed store.  <\/p>\n<\/div>\n\t\t\t\t<\/div>\n\t\t\t\t\t\t\t<div class=\"elementor-toggle-item\">\n\t\t\t\t\t<div id=\"elementor-tab-title-1869\" class=\"elementor-tab-title\" data-tab=\"9\" role=\"button\" aria-controls=\"elementor-tab-content-1869\" aria-expanded=\"false\">\n\t\t\t\t\t\t\t\t\t\t\t\t<span class=\"elementor-toggle-icon elementor-toggle-icon-left\" aria-hidden=\"true\">\n\t\t\t\t\t\t\t\t\t\t\t\t\t\t\t<span class=\"elementor-toggle-icon-closed\"><i class=\"fas fa-caret-right\"><\/i><\/span>\n\t\t\t\t\t\t\t\t<span class=\"elementor-toggle-icon-opened\"><i class=\"elementor-toggle-icon-opened fas fa-caret-up\"><\/i><\/span>\n\t\t\t\t\t\t\t\t\t\t\t\t\t<\/span>\n\t\t\t\t\t\t\t\t\t\t\t\t<a class=\"elementor-toggle-title\" tabindex=\"0\">Dans quels pays Bo Jungle est-il disponible \u00e0 l\u2019achat ?<\/a>\n\t\t\t\t\t<\/div>\n\n\t\t\t\t\t<div id=\"elementor-tab-content-1869\" class=\"elementor-tab-content elementor-clearfix\" data-tab=\"9\" role=\"region\" aria-labelledby=\"elementor-tab-title-1869\"><p>Les produits Bo Jungle sont disponibles dans plusieurs pays ; cependant, ce site Web facilite actuellement les livraisons au Benelux et en France uniquement. Pour les clients d&rsquo;autres pays, notamment la R\u00e9publique tch\u00e8que, la Pologne, l&rsquo;Espagne, Malte, l&rsquo;Italie, le Portugal, la Gr\u00e8ce, l&rsquo;Allemagne, l&rsquo;Afrique du Sud, le Kazakhstan, le Kirghizistan, l&rsquo;Albanie et la Bulgarie, nous vous recommandons de nous contacter directement. Contactez notre service client et nous serons heureux de vous aider \u00e0 trouver le magasin ou le distributeur le plus proche dans votre pays pour un acc\u00e8s pratique aux produits Bo Jungle.  <\/p>\n<\/div>\n\t\t\t\t<\/div>\n\t\t\t\t\t\t\t\t\t\t<script type=\"application\/ld+json\">{\"@context\":\"https:\\\/\\\/schema.org\",\"@type\":\"FAQPage\",\"mainEntity\":[{\"@type\":\"Question\",\"name\":\"Que repr\\u00e9sente Bo Jungle ?\",\"acceptedAnswer\":{\"@type\":\"Answer\",\"text\":\"<p style=\\\"border: 0px solid #d9d9e3; --tw-border-spacing-x: 0; --tw-border-spacing-y: 0; --tw-translate-x: 0; --tw-translate-y: 0; --tw-rotate: 0; --tw-skew-x: 0; --tw-skew-y: 0; --tw-scale-x: 1; --tw-scale-y: 1; --tw-scroll-snap-strictness: proximity; --tw-ring-offset-width: 0px; --tw-ring-offset-color: #fff; --tw-ring-color: rgba(69,89,164,.5); --tw-ring-offset-shadow: 0 0 transparent; --tw-ring-shadow: 0 0 transparent; --tw-shadow: 0 0 transparent; --tw-shadow-colored: 0 0 transparent; margin: 1.25em 0px; color: #374151; font-family: S\\u00f6hne, ui-sans-serif, system-ui, -apple-system, 'Segoe UI', Roboto, Ubuntu, Cantarell, 'Noto Sans', sans-serif, 'Helvetica Neue', Arial, 'Apple Color Emoji', 'Segoe UI Emoji', 'Segoe UI Symbol', 'Noto Color Emoji'; letter-spacing: normal; white-space-collapse: preserve;\\\">Bo Jungle est plus qu&rsquo;une simple marque ; c&rsquo;est un engagement \\u00e0 soutenir les parents et les tuteurs dans le parcours gratifiant d&rsquo;\\u00e9lever leurs tout-petits. Originaire de Belgique, notre mission est de fournir une assistance compl\\u00e8te dans divers aspects de la parentalit\\u00e9, notamment les repas, les sorties, les soins, les r\\u00e9cr\\u00e9ations, le sommeil, la s\\u00e9curit\\u00e9, etc. <\\\/p>\\n<p style=\\\"border: 0px solid #d9d9e3; --tw-border-spacing-x: 0; --tw-border-spacing-y: 0; --tw-translate-x: 0; --tw-translate-y: 0; --tw-rotate: 0; --tw-skew-x: 0; --tw-skew-y: 0; --tw-scale-x: 1; --tw-scale-y: 1; --tw-scroll-snap-strictness: proximity; --tw-ring-offset-width: 0px; --tw-ring-offset-color: #fff; --tw-ring-color: rgba(69,89,164,.5); --tw-ring-offset-shadow: 0 0 transparent; --tw-ring-shadow: 0 0 transparent; --tw-shadow: 0 0 transparent; --tw-shadow-colored: 0 0 transparent; margin: 1.25em 0px 0px; color: #374151; font-family: S\\u00f6hne, ui-sans-serif, system-ui, -apple-system, 'Segoe UI', Roboto, Ubuntu, Cantarell, 'Noto Sans', sans-serif, 'Helvetica Neue', Arial, 'Apple Color Emoji', 'Segoe UI Emoji', 'Segoe UI Symbol', 'Noto Color Emoji'; letter-spacing: normal; white-space-collapse: preserve;\\\">Notre vaste gamme de produits abordables est soigneusement con\\u00e7ue pour am\\u00e9liorer la vie quotidienne des parents et des enfants. En mettant l&rsquo;accent sur un beau design, l&rsquo;innovation et, surtout, un savoir-faire de haute qualit\\u00e9, Bo Jungle s&rsquo;efforce de rendre l&rsquo;exp\\u00e9rience parentale plus agr\\u00e9able et \\u00e9panouissante. Nous croyons en la cr\\u00e9ation de produits qui r\\u00e9pondent non seulement aux besoins pratiques des parents, mais qui ajoutent \\u00e9galement une touche de joie et de confort \\u00e0 la vie des petits que nous ch\\u00e9rissons.  <\\\/p><\\\/p>\\n\"}},{\"@type\":\"Question\",\"name\":\"Que faire si j'ai une r\\u00e9clamation concernant un produit Bo Jungle ?\",\"acceptedAnswer\":{\"@type\":\"Answer\",\"text\":\"<p>Si votre produit est d\\u00e9fectueux, veuillez contacter votre magasin d&rsquo;achat avec votre preuve d&rsquo;achat. Ils pourront vous aider davantage. <br \\\/>S&rsquo;il s&rsquo;agit d&rsquo;autre chose, vous pouvez toujours nous envoyer un message via la page<a href=\\\"https:\\\/\\\/www.bojungle.eu\\\/fr\\\/contact\\\/\\\">\\u00ab\\u00a0contact<\\\/a>\\u00ab\\u00a0.<\\\/p><\\\/p>\\n\"}},{\"@type\":\"Question\",\"name\":\"Quel service d\\u2019exp\\u00e9dition Bo Jungle utilise-t-il ?\",\"acceptedAnswer\":{\"@type\":\"Answer\",\"text\":\"<p>\\n            <span style=\\\"color: #374151; font-family: S\\u00f6hne, ui-sans-serif, system-ui, -apple-system, 'Segoe UI', Roboto, Ubuntu, Cantarell, 'Noto Sans', sans-serif, 'Helvetica Neue', Arial, 'Apple Color Emoji', 'Segoe UI Emoji', 'Segoe UI Symbol', 'Noto Color Emoji'; letter-spacing: normal; white-space-collapse: preserve;\\\">Bo Jungle utilise le service d&rsquo;exp\\u00e9dition DPD.<\\\/span>\\n          <\\\/p>\\n\"}},{\"@type\":\"Question\",\"name\":\"\\u00c0 quel montant les articles peuvent-ils b\\u00e9n\\u00e9ficier de la livraison gratuite ?\",\"acceptedAnswer\":{\"@type\":\"Answer\",\"text\":\"<p>\\n            <span style=\\\"color: #374151; font-family: S\\u00f6hne, ui-sans-serif, system-ui, -apple-system, 'Segoe UI', Roboto, Ubuntu, Cantarell, 'Noto Sans', sans-serif, 'Helvetica Neue', Arial, 'Apple Color Emoji', 'Segoe UI Emoji', 'Segoe UI Symbol', 'Noto Color Emoji'; letter-spacing: normal; white-space-collapse: preserve;\\\">Les articles peuvent b\\u00e9n\\u00e9ficier de la livraison gratuite pour les commandes totalisant 40 \\u20ac ou plus.<\\\/span>\\n          <\\\/p>\\n\"}},{\"@type\":\"Question\",\"name\":\"Qu'indique la fonctionnalit\\u00e9 \\u00ab Localisateur de magasin \\u00bb ?\",\"acceptedAnswer\":{\"@type\":\"Answer\",\"text\":\"<p>Le localisateur de magasins vous aide \\u00e0 trouver des magasins physiques proposant des produits Bo Jungle. Veuillez toutefois noter que cela ne garantit pas que tous les produits soient disponibles dans tous les magasins r\\u00e9pertori\\u00e9s. <\\\/p>\\n\"}},{\"@type\":\"Question\",\"name\":\"Bo Jungle poss\\u00e8de-t-il son propre magasin physique ?\",\"acceptedAnswer\":{\"@type\":\"Answer\",\"text\":\"<p>Non, Bo Jungle op\\u00e8re exclusivement via la vente en ligne et ne poss\\u00e8de pas de magasins physiques. Cependant, vous pouvez retrouver les produits Bo Jungle dans diff\\u00e9rents magasins physiques. Utilisez notre localisateur de magasins pour d\\u00e9couvrir quels magasins proposent des articles Bo Jungle. Gardez \\u00e0 l\\u2019esprit que tous les produits peuvent ne pas \\u00eatre disponibles dans tous les magasins r\\u00e9pertori\\u00e9s.   <\\\/p>\\n\"}},{\"@type\":\"Question\",\"name\":\"Je recherche une pi\\u00e8ce de rechange, comment la trouver ?\",\"acceptedAnswer\":{\"@type\":\"Answer\",\"text\":\"<p>Pour toute demande de renseignements sur les pi\\u00e8ces de rechange, vous <a target=\\\"_new\\\">pouvez office@bojungle.eu<\\\/a> envoyer un e-mail pour v\\u00e9rifier si une assistance peut \\u00eatre fournie. Veuillez noter que les pi\\u00e8ces de rechange ne sont pas toujours disponibles.<\\\/p>\\n\"}},{\"@type\":\"Question\",\"name\":\"Puis-je acheter les produits Bo Jungle dans un magasin physique ?\",\"acceptedAnswer\":{\"@type\":\"Answer\",\"text\":\"<p>Certainly! Use our store locator to find stores that sell Bo Jungle products. However, it&rsquo;s important to note that not all products may be available at every listed store.  <\\\/p>\\n\"}},{\"@type\":\"Question\",\"name\":\"Dans quels pays Bo Jungle est-il disponible \\u00e0 l\\u2019achat ?\",\"acceptedAnswer\":{\"@type\":\"Answer\",\"text\":\"<p>Les produits Bo Jungle sont disponibles dans plusieurs pays ; cependant, ce site Web facilite actuellement les livraisons au Benelux et en France uniquement. Pour les clients d&rsquo;autres pays, notamment la R\\u00e9publique tch\\u00e8que, la Pologne, l&rsquo;Espagne, Malte, l&rsquo;Italie, le Portugal, la Gr\\u00e8ce, l&rsquo;Allemagne, l&rsquo;Afrique du Sud, le Kazakhstan, le Kirghizistan, l&rsquo;Albanie et la Bulgarie, nous vous recommandons de nous contacter directement. Contactez notre service client et nous serons heureux de vous aider \\u00e0 trouver le magasin ou le distributeur le plus proche dans votre pays pour un acc\\u00e8s pratique aux produits Bo Jungle.  <\\\/p>\\n\"}}]}<\/script>\n\t\t\t\t\t<\/div>\n\t\t\t\t\t\t<\/div>\n\t\t\t\t<\/div>\n\t\t\t\t\t<\/div>\n\t\t\t\t<\/div>\n\t\t\t\t\t<\/div>\n\t\t\t\t<\/div>\n\t\t\t\t<\/div>\n\t\t","protected":false},"excerpt":{"rendered":"<p>Questions fr\u00e9quemment pos\u00e9es Que repr\u00e9sente Bo Jungle ? Bo Jungle est plus qu&#8217;une simple marque ; c&#8217;est un engagement \u00e0 soutenir les parents et les tuteurs dans le parcours gratifiant d&#8217;\u00e9lever leurs tout-petits. Originaire de Belgique, notre mission est de fournir une assistance compl\u00e8te dans divers aspects de la parentalit\u00e9, notamment les repas, les sorties, [&hellip;]<\/p>\n","protected":false},"author":6,"featured_media":0,"parent":0,"menu_order":0,"comment_status":"closed","ping_status":"closed","template":"elementor_header_footer","meta":{"_lmt_disableupdate":"","_lmt_disable":"","footnotes":""},"categories":[],"tags":[],"class_list":["post-64746","page","type-page","status-publish","hentry"],"_links":{"self":[{"href":"https:\/\/www.bojungle.eu\/fr\/wp-json\/wp\/v2\/pages\/64746","targetHints":{"allow":["GET"]}}],"collection":[{"href":"https:\/\/www.bojungle.eu\/fr\/wp-json\/wp\/v2\/pages"}],"about":[{"href":"https:\/\/www.bojungle.eu\/fr\/wp-json\/wp\/v2\/types\/page"}],"author":[{"embeddable":true,"href":"https:\/\/www.bojungle.eu\/fr\/wp-json\/wp\/v2\/users\/6"}],"replies":[{"embeddable":true,"href":"https:\/\/www.bojungle.eu\/fr\/wp-json\/wp\/v2\/comments?post=64746"}],"version-history":[{"count":2,"href":"https:\/\/www.bojungle.eu\/fr\/wp-json\/wp\/v2\/pages\/64746\/revisions"}],"predecessor-version":[{"id":64753,"href":"https:\/\/www.bojungle.eu\/fr\/wp-json\/wp\/v2\/pages\/64746\/revisions\/64753"}],"wp:attachment":[{"href":"https:\/\/www.bojungle.eu\/fr\/wp-json\/wp\/v2\/media?parent=64746"}],"wp:term":[{"taxonomy":"category","embeddable":true,"href":"https:\/\/www.bojungle.eu\/fr\/wp-json\/wp\/v2\/categories?post=64746"},{"taxonomy":"post_tag","embeddable":true,"href":"https:\/\/www.bojungle.eu\/fr\/wp-json\/wp\/v2\/tags?post=64746"}],"curies":[{"name":"wp","href":"https:\/\/api.w.org\/{rel}","templated":true}]}}