{"id":39848,"date":"2022-09-26T13:31:21","date_gmt":"2022-09-26T11:31:21","guid":{"rendered":"https:\/\/dev.authority.biz\/boj\/product\/b-hochet-de-poignet-zimbe-lelephant\/"},"modified":"2023-10-02T10:16:04","modified_gmt":"2023-10-02T08:16:04","slug":"b-wrist-rattle-kenzi-the-lion-duplicate-1-2","status":"publish","type":"product","link":"https:\/\/www.bojungle.eu\/fr\/produit\/b-wrist-rattle-kenzi-the-lion-duplicate-1-2\/","title":{"rendered":"Hochet Bracelet Zimbe l&rsquo;\u00e9l\u00e9phant"},"content":{"rendered":"<ul>\n<li>Des t\u00eates d&rsquo;animaux mignonnes \u00e0 jouer et \u00e0 d\u00e9couvrir<\/li>\n<li>Favorise le d\u00e9veloppement sensoriel de votre b\u00e9b\u00e9<\/li>\n<\/ul>\n","protected":false},"excerpt":{"rendered":"<p>Des t\u00eates d&rsquo;animaux mignonnes \u00e0 jouer et \u00e0 d\u00e9couvrir<\/p>\n","protected":false},"featured_media":60985,"comment_status":"closed","ping_status":"closed","template":"","meta":{"_lmt_disableupdate":"no","_lmt_disable":""},"product_brand":[],"product_cat":[446,445],"product_tag":[],"woo-feed-brand":[],"class_list":{"0":"post-39848","1":"product","2":"type-product","3":"status-publish","4":"has-post-thumbnail","6":"product_cat-jouets-en-peluche","7":"product_cat-playtime-fr","9":"first","10":"instock","11":"taxable","12":"shipping-taxable","13":"purchasable","14":"product-type-simple"},"_links":{"self":[{"href":"https:\/\/www.bojungle.eu\/fr\/wp-json\/wp\/v2\/product\/39848","targetHints":{"allow":["GET"]}}],"collection":[{"href":"https:\/\/www.bojungle.eu\/fr\/wp-json\/wp\/v2\/product"}],"about":[{"href":"https:\/\/www.bojungle.eu\/fr\/wp-json\/wp\/v2\/types\/product"}],"replies":[{"embeddable":true,"href":"https:\/\/www.bojungle.eu\/fr\/wp-json\/wp\/v2\/comments?post=39848"}],"version-history":[{"count":0,"href":"https:\/\/www.bojungle.eu\/fr\/wp-json\/wp\/v2\/product\/39848\/revisions"}],"wp:featuredmedia":[{"embeddable":true,"href":"https:\/\/www.bojungle.eu\/fr\/wp-json\/wp\/v2\/media\/60985"}],"wp:attachment":[{"href":"https:\/\/www.bojungle.eu\/fr\/wp-json\/wp\/v2\/media?parent=39848"}],"wp:term":[{"taxonomy":"product_brand","embeddable":true,"href":"https:\/\/www.bojungle.eu\/fr\/wp-json\/wp\/v2\/product_brand?post=39848"},{"taxonomy":"product_cat","embeddable":true,"href":"https:\/\/www.bojungle.eu\/fr\/wp-json\/wp\/v2\/product_cat?post=39848"},{"taxonomy":"product_tag","embeddable":true,"href":"https:\/\/www.bojungle.eu\/fr\/wp-json\/wp\/v2\/product_tag?post=39848"},{"taxonomy":"woo-feed-brand","embeddable":true,"href":"https:\/\/www.bojungle.eu\/fr\/wp-json\/wp\/v2\/woo-feed-brand?post=39848"}],"curies":[{"name":"wp","href":"https:\/\/api.w.org\/{rel}","templated":true}]}}